{"id":102886,"date":"2026-05-04T08:35:57","date_gmt":"2026-05-04T11:35:57","guid":{"rendered":"https:\/\/www.hediyepazar.com\/?product=turk-ergonomik-tirnak-et-kesici-et-itici-2-adet-solingen"},"modified":"2026-05-04T08:35:57","modified_gmt":"2026-05-04T11:35:57","slug":"turk-ergonomik-tirnak-et-kesici-et-itici-2-adet-solingen","status":"publish","type":"product","link":"https:\/\/www.hediyepazar.com\/?product=turk-ergonomik-tirnak-et-kesici-et-itici-2-adet-solingen","title":{"rendered":"Turk Ergonomik T\u0131rnak Et Kesici Et \u0130tici 2 ADET Solingen"},"content":{"rendered":"<p>\n\t<strong>\u00dcr\u00fcn \u00d6zellikleri :\u00a0<\/strong><span style=\"font-size: 9pt; font-family: Arial, sans-serif; font-weight: 700; font-variant-numeric: normal; font-variant-east-asian: normal; font-variant-alternates: normal; font-variant-position: normal; font-variant-emoji: normal; vertical-align: baseline; white-space-collapse: preserve;\">HSNET Solingen Professional Design<\/span><span style=\"background-color: transparent; font-size: 10pt; font-family: Oswald, sans-serif; color: rgb(0, 0, 0); font-variant-numeric: normal; font-variant-east-asian: normal; font-variant-alternates: normal; font-variant-position: normal; font-variant-emoji: normal; vertical-align: baseline; white-space-collapse: preserve;\">\u00a0<\/span><\/p>\n<div>\n\t<strong>Materyal : Akrilik g\u00f6vde + \u00c7elik U\u00e7 + Silikon U\u00e7<\/strong><\/div>\n<p>\n\t<strong>Adet : 2 adet<\/strong><\/p>\n<p>\n\t<strong>\u00d6l\u00e7\u00fcler : 13 cm<\/strong><\/p>\n<p>\n\tT\u0131rnak eti itici, y\u00fcksek kaliteli Akrilikten yap\u0131lm\u0131\u015ft\u0131r, uzun s\u00fcre kullan\u0131labilir. Ergonomik e\u011fimli sap, manik\u00fcr\u00fcn a\u011fr\u0131s\u0131z \u00e7al\u0131\u015fmas\u0131n\u0131 sa\u011flar.<\/p>\n<p>\n\tT\u0131rnak etlerini geriye itmek ve t\u0131rnak alt\u0131n\u0131 temizlemek i\u00e7in idealdir. En hassas t\u0131rnak kenar\u0131n\u0131zda bile herhangi bir k\u00fc\u00e7\u00fck k\u00f6\u015feyi ka\u00e7\u0131rmadan \u00f6l\u00fc k\u00fctik\u00fcl\u00fc \u00e7\u0131karmak daha rahatt\u0131r.<\/p>\n<p>\n\tElleriniz nemli ve k\u00fctik\u00fcller yumu\u015fak oldu\u011funda, k\u00fctik\u00fcl\u00fc itmek ve temizlemek \u00e7ok daha kolay ve ac\u0131s\u0131zd\u0131r.<\/p>\n<p>\n\tV \u015feklindeki b\u0131\u00e7ak, fazla k\u00fctik\u00fclleri ve \u015feytan t\u0131rnaklar\u0131n\u0131 minimum \u00e7abayla g\u00fcvenli ve h\u0131zl\u0131 bir \u015fekilde d\u00fczeltir; Kalem benzeri u\u00e7, t\u0131rnak etlerini itmek i\u00e7in uygulan\u0131r, tasar\u0131m, t\u0131rnak etlerini kolayca \u015fekillendirmeye yard\u0131mc\u0131 olur; Kulplu, tutman\u0131z i\u00e7in rahatl\u0131k ve rahatl\u0131k sa\u011flayabilir, t\u0131rnak temizleme i\u015fini kolayla\u015ft\u0131r\u0131r, hem erkek hem de kad\u0131nlar\u0131n kullan\u0131m\u0131na uygundur<\/p>\n<p>\n\t<strong>M\u00dcKEMMEL SATI\u015e SONRASI H\u0130ZMET : <\/strong>Bu \u00fcr\u00fcne daha avantajl\u0131 sahip olabilmeniz i\u00e7in ma\u011fazam\u0131z\u0131 ziyaret ederek, kampanyalar\u0131 inceleyebilirsiniz. HSNET \/ HSNET olarak m\u00fc\u015fterilerimize en iyi hizmeti sunmay\u0131 ama\u00e7l\u0131yor, g\u00fcvenle sat\u0131n alabilmeniz i\u00e7in, ambalaj kalitemize g\u00fcveniyor, her \u00fcr\u00fcn sorunsuz teslimat i\u00e7in \u00f6zenle paketliyor ve resimde belirtilen renk, ebat, \u00f6zelikte \u00fcr\u00fcn g\u00f6ndermeyi taahh\u00fct ediyoruz. Hasarl\u0131 \u00fcr\u00fcn ald\u0131ysan\u0131z veya di\u011fer \u00fcr\u00fcn ve paket teslimat sorunlar\u0131 oldu\u011funda bizimle ileti\u015fime ge\u00e7mekten \u00e7ekinmeyin.<\/p>\n<p>\n\t<strong>Detayl\u0131 bilgi i\u00e7in ek resimleri inceleyebilirsiniz<\/strong><\/p>\n<p><\/p>\n<p>\n\t<strong><img decoding=\"async\"  src=\"https:\/\/hepsicdn.com.tr\/static\/product_detail\/hbnetad5a7d4e_4879801.webp\"><\/strong><\/p>\n<p>\n\t\u00a0<\/p>\n","protected":false},"excerpt":{"rendered":"<p>\u00dcr\u00fcn \u00d6zellikleri :\u00a0HSNET Solingen Professional Design\u00a0 Materyal : Akrilik g\u00f6vde + \u00c7elik U\u00e7 + Silikon U\u00e7 Adet : 2 adet \u00d6l\u00e7\u00fcler : 13 cm T\u0131rnak eti itici, y\u00fcksek kaliteli Akrilikten yap\u0131lm\u0131\u015ft\u0131r, uzun s\u00fcre kullan\u0131labilir. Ergonomik e\u011fimli sap, manik\u00fcr\u00fcn a\u011fr\u0131s\u0131z \u00e7al\u0131\u015fmas\u0131n\u0131 sa\u011flar. T\u0131rnak etlerini geriye itmek ve t\u0131rnak alt\u0131n\u0131 temizlemek i\u00e7in idealdir. En hassas t\u0131rnak kenar\u0131n\u0131zda&#8230;<\/p>\n","protected":false},"featured_media":102885,"comment_status":"open","ping_status":"closed","template":"","meta":{"_kad_post_transparent":"","_kad_post_title":"","_kad_post_layout":"","_kad_post_sidebar_id":"","_kad_post_content_style":"","_kad_post_vertical_padding":"","_kad_post_feature":"","_kad_post_feature_position":"","_kad_post_header":false,"_kad_post_footer":false,"_kad_post_classname":""},"product_brand":[],"product_cat":[14207],"product_tag":[],"class_list":{"0":"post-102886","1":"product","2":"type-product","3":"status-publish","4":"has-post-thumbnail","6":"product_cat-el-tirnak-bakim-ve-aksesuarlar-kisisel-bakim-aletleri-elektronik-el-tirnak-bakim-ve-aksesuarlar","8":"first","9":"instock","10":"purchasable","11":"product-type-simple","12":"entry","13":"content-bg","14":"loop-entry"},"_links":{"self":[{"href":"https:\/\/www.hediyepazar.com\/index.php?rest_route=\/wp\/v2\/product\/102886","targetHints":{"allow":["GET"]}}],"collection":[{"href":"https:\/\/www.hediyepazar.com\/index.php?rest_route=\/wp\/v2\/product"}],"about":[{"href":"https:\/\/www.hediyepazar.com\/index.php?rest_route=\/wp\/v2\/types\/product"}],"replies":[{"embeddable":true,"href":"https:\/\/www.hediyepazar.com\/index.php?rest_route=%2Fwp%2Fv2%2Fcomments&post=102886"}],"wp:featuredmedia":[{"embeddable":true,"href":"https:\/\/www.hediyepazar.com\/index.php?rest_route=\/wp\/v2\/media\/102885"}],"wp:attachment":[{"href":"https:\/\/www.hediyepazar.com\/index.php?rest_route=%2Fwp%2Fv2%2Fmedia&parent=102886"}],"wp:term":[{"taxonomy":"product_brand","embeddable":true,"href":"https:\/\/www.hediyepazar.com\/index.php?rest_route=%2Fwp%2Fv2%2Fproduct_brand&post=102886"},{"taxonomy":"product_cat","embeddable":true,"href":"https:\/\/www.hediyepazar.com\/index.php?rest_route=%2Fwp%2Fv2%2Fproduct_cat&post=102886"},{"taxonomy":"product_tag","embeddable":true,"href":"https:\/\/www.hediyepazar.com\/index.php?rest_route=%2Fwp%2Fv2%2Fproduct_tag&post=102886"}],"curies":[{"name":"wp","href":"https:\/\/api.w.org\/{rel}","templated":true}]}}