{"id":102892,"date":"2026-05-04T08:36:15","date_gmt":"2026-05-04T11:36:15","guid":{"rendered":"https:\/\/www.hediyepazar.com\/?product=turk-kedi-ve-kopek-jiletli-tuy-alma-taragi-2"},"modified":"2026-05-04T08:36:15","modified_gmt":"2026-05-04T11:36:15","slug":"turk-kedi-ve-kopek-jiletli-tuy-alma-taragi-2","status":"publish","type":"product","link":"https:\/\/www.hediyepazar.com\/?product=turk-kedi-ve-kopek-jiletli-tuy-alma-taragi-2","title":{"rendered":"Turk Kedi ve K\u00f6pek Jiletli T\u00fcy Alma Tara\u011f\u0131"},"content":{"rendered":"<p>\n\t<strong>\u00dcr\u00fcn \u00d6zellikleri :\u00a0<\/strong><\/p>\n<p>\t<strong>Ne alacaks\u0131n\u0131z ? : 1 adet ana \u00fcnite, i\u00e7erisinde 1 ad hediye jiletle g\u00f6nderilr. Standart yaprak jilet tak\u0131labilir tasar\u0131ma sahiptir. \u00c7ok rahatl\u0131kla bulabilece\u011finiz modeldir.<\/strong><\/p>\n<p>\t<strong>\u00d6l\u00e7\u00fcler : <\/strong> U 21 CM X 5,5\u00a0 cm jilet k\u0131s\u0131m geni\u015fli\u011fi &#8211; Ekran yan\u0131lmalar\u0131na kar\u015f\u0131 l\u00fctfen \u00f6l\u00e7\u00fcleri kar\u015f\u0131la\u015ft\u0131r\u0131n.<\/p>\n<p>\t<strong>GEN\u0130\u015e KULLANIM ALANI : Kedi ve K\u00f6pekler i\u00e7in ideal\u00a0<\/strong><\/p>\n<p>\t<strong>\u00d6NE \u00c7IKAN \u00d6ZELL\u0130K : 2 tarafl\u0131 ,\u00a0 1 y\u00fczey kesme Di\u011fer y\u00fczey tarama sunar.<\/strong><\/p>\n<p>\t<strong>Y\u00dcKSEK PERFORMANS :<\/strong> Evcil hayvanlar\u0131n\u0131z\u0131n t\u00fcylerini k\u0131saltmay\u0131, \u015fekillendirmeyi ve incelmeyi kolayla\u015ft\u0131ran ayr\u0131k u\u00e7larla tasarlanm\u0131\u015ft\u0131r, g\u00fcvenlik korumal\u0131, cildini \u00e7izilmeye kar\u015f\u0131 korur, \u015fekillendirmek ve kesmek i\u00e7in kullan\u0131labilir<\/p>\n<p>\t<strong>G\u00dcVENL\u0130 T\u00dcY KES\u0130C\u0130: K<\/strong>\u0131saltmak, \u015fekillendirmek ve inceltmek i\u00e7in jiletli taraklar kullan\u0131l\u0131r. G\u00fcvenlik korumal\u0131 t\u0131ra\u015f b\u0131\u00e7a\u011f\u0131 cildini \u00e7izilmekten korur.<\/p>\n<p>\t<strong>\u00c7\u0130FT FONKS\u0130YONLU T\u00dcY KESME TARAKLARI: <\/strong>\u00c7ift fonksiyonlu, t\u00fcyleri\u00a0 bir tarafta tarar ve al\u0131r, di\u011fer tarafta ise keser.<\/p>\n<p>\n\tUzun ve k\u0131sa t\u00fcyler, kal\u0131n ve ince veya k\u0131v\u0131rc\u0131k ve d\u00fcz t\u00fcylerle iyi \u00e7al\u0131\u015fabilir, evcil hayvanlar\u0131n\u0131z\u0131n t\u00fcylerini evde kolayca kesip k\u0131saltabilirsiniz, i\u00e7 paslanmaz \u00e7elik b\u0131\u00e7aklar onlar\u0131 g\u00fcvenli hale getirir.<\/p>\n<p>\n\t<strong>KULLANIMI VE DE\u011e\u0130\u015eT\u0130R\u0130LMES\u0130 \u00c7OK KOLAY :<\/strong> Tararken t\u00fcyleri kesebilir ve \u015fekillendirebilir, k\u0131sa s\u00fcrede yeni ve \u00e7ekici bir g\u00f6r\u00fcn\u00fcm elde etmenize yard\u0131mc\u0131 olur, yanlarda itme bloklar\u0131 ile tasarlanm\u0131\u015ft\u0131r, kolayca itebilir ve kapaklar\u0131 a\u00e7abilir, daha sonra eski b\u0131\u00e7aklar\u0131 de\u011fi\u015ftirebilir, bu da onlar\u0131 temizlemeyi kolayla\u015ft\u0131r\u0131r<\/p>\n<p>\n\t<strong>TA\u015eINAB\u0130L\u0130R BOYUT : <\/strong>Hafif ve ta\u015f\u0131nabilir, ev, seyahat ve i\u015f gezisi kullan\u0131m\u0131 i\u00e7in uygundur, g\u00fcnl\u00fck ya\u015fam\u0131n\u0131z i\u00e7in \u00e7ok kolayl\u0131k sa\u011flar, onlar\u0131 \u00e7antalar\u0131n\u0131za koyabilir ve istedi\u011finiz zaman kullanabilirsiniz<\/p>\n<p><strong>M\u00dcKEMMEL SATI\u015e SONRASI H\u0130ZMET : <\/strong>Bu \u00fcr\u00fcne daha avantajl\u0131 sahip olabilmeniz i\u00e7in ma\u011fazam\u0131z\u0131 ziyaret ederek, kampanyalar\u0131 inceleyebilirsiniz. HSNET \/ HSNET olarak m\u00fc\u015fterilerimize en iyi hizmeti sunmay\u0131 ama\u00e7l\u0131yor, g\u00fcvenle sat\u0131n alabilmeniz i\u00e7in, ambalaj kalitemize g\u00fcveniyor, her \u00fcr\u00fcn sorunsuz teslimat i\u00e7in \u00f6zenle paketliyor ve resimde belirtilen renk, ebat, \u00f6zelikte \u00fcr\u00fcn g\u00f6ndermeyi taahh\u00fct ediyoruz. Hasarl\u0131 \u00fcr\u00fcn ald\u0131ysan\u0131z veya di\u011fer \u00fcr\u00fcn ve paket teslimat sorunlar\u0131 oldu\u011funda bizimle ileti\u015fime ge\u00e7mekten \u00e7ekinmeyin.<\/p>\n<p><strong>Detayl\u0131 bilgi i\u00e7in ek resimleri inceleyebilirsiniz<\/p>\n<p> <img decoding=\"async\"  src=\"https:\/\/hepsicdn.com.tr\/static\/product_detail\/hbnet45656e24_4880101.webp\"><\/strong><\/strong><\/p>\n","protected":false},"excerpt":{"rendered":"<p>\u00dcr\u00fcn \u00d6zellikleri :\u00a0 Ne alacaks\u0131n\u0131z ? : 1 adet ana \u00fcnite, i\u00e7erisinde 1 ad hediye jiletle g\u00f6nderilr. Standart yaprak jilet tak\u0131labilir tasar\u0131ma sahiptir. \u00c7ok rahatl\u0131kla bulabilece\u011finiz modeldir. \u00d6l\u00e7\u00fcler : U 21 CM X 5,5\u00a0 cm jilet k\u0131s\u0131m geni\u015fli\u011fi &#8211; Ekran yan\u0131lmalar\u0131na kar\u015f\u0131 l\u00fctfen \u00f6l\u00e7\u00fcleri kar\u015f\u0131la\u015ft\u0131r\u0131n. GEN\u0130\u015e KULLANIM ALANI : Kedi ve K\u00f6pekler i\u00e7in ideal\u00a0 \u00d6NE&#8230;<\/p>\n","protected":false},"featured_media":102891,"comment_status":"open","ping_status":"closed","template":"","meta":{"_kad_post_transparent":"","_kad_post_title":"","_kad_post_layout":"","_kad_post_sidebar_id":"","_kad_post_content_style":"","_kad_post_vertical_padding":"","_kad_post_feature":"","_kad_post_feature_position":"","_kad_post_header":false,"_kad_post_footer":false,"_kad_post_classname":""},"product_brand":[],"product_cat":[14338],"product_tag":[],"class_list":{"0":"post-102892","1":"product","2":"type-product","3":"status-publish","4":"has-post-thumbnail","6":"product_cat-evcil-hayvan-urunleri-pet-shop-supermarket-evcil-hayvan-urunleri","8":"first","9":"instock","10":"purchasable","11":"product-type-simple","12":"entry","13":"content-bg","14":"loop-entry"},"_links":{"self":[{"href":"https:\/\/www.hediyepazar.com\/index.php?rest_route=\/wp\/v2\/product\/102892","targetHints":{"allow":["GET"]}}],"collection":[{"href":"https:\/\/www.hediyepazar.com\/index.php?rest_route=\/wp\/v2\/product"}],"about":[{"href":"https:\/\/www.hediyepazar.com\/index.php?rest_route=\/wp\/v2\/types\/product"}],"replies":[{"embeddable":true,"href":"https:\/\/www.hediyepazar.com\/index.php?rest_route=%2Fwp%2Fv2%2Fcomments&post=102892"}],"wp:featuredmedia":[{"embeddable":true,"href":"https:\/\/www.hediyepazar.com\/index.php?rest_route=\/wp\/v2\/media\/102891"}],"wp:attachment":[{"href":"https:\/\/www.hediyepazar.com\/index.php?rest_route=%2Fwp%2Fv2%2Fmedia&parent=102892"}],"wp:term":[{"taxonomy":"product_brand","embeddable":true,"href":"https:\/\/www.hediyepazar.com\/index.php?rest_route=%2Fwp%2Fv2%2Fproduct_brand&post=102892"},{"taxonomy":"product_cat","embeddable":true,"href":"https:\/\/www.hediyepazar.com\/index.php?rest_route=%2Fwp%2Fv2%2Fproduct_cat&post=102892"},{"taxonomy":"product_tag","embeddable":true,"href":"https:\/\/www.hediyepazar.com\/index.php?rest_route=%2Fwp%2Fv2%2Fproduct_tag&post=102892"}],"curies":[{"name":"wp","href":"https:\/\/api.w.org\/{rel}","templated":true}]}}