{"id":102894,"date":"2026-05-04T08:36:22","date_gmt":"2026-05-04T11:36:22","guid":{"rendered":"https:\/\/www.hediyepazar.com\/?product=turk-klasik-cay-suzgeci-304-paslanmaz-celik-2-adet"},"modified":"2026-05-04T08:36:22","modified_gmt":"2026-05-04T11:36:22","slug":"turk-klasik-cay-suzgeci-304-paslanmaz-celik-2-adet","status":"publish","type":"product","link":"https:\/\/www.hediyepazar.com\/?product=turk-klasik-cay-suzgeci-304-paslanmaz-celik-2-adet","title":{"rendered":"Turk Klasik \u00c7ay S\u00fczgeci 304 Paslanmaz \u00c7elik 2 ADET"},"content":{"rendered":"<p>\n\t\u00a0<strong>Materyal :\u00a0<\/strong>304 paslanmaz \u00e7elik<\/p>\n<p>\n\t304 paslanmaz \u00e7elik nedir ? Genel kullan\u0131m alanlar\u0131nda ve 50 y\u0131la dayanabilen kullan\u0131m \u00f6mr\u00fcylr, 304 kalite paslanmaz \u00e7elik, korozyon dayan\u0131m\u0131, \u0131s\u0131 dayan\u0131m\u0131, mekanik \u00f6zellikleri, kaynak yap\u0131labilirli\u011fi, i\u015flenebilirli\u011fi ve d\u00f6v\u00fclebilmeye yatk\u0131nl\u0131\u011f\u0131 konular\u0131nda de\u011ferlendirilebilir. Korozyon Dayan\u0131m\u0131: 304 kalite paslanmaz \u00e7elik, di\u011fer paslanmaz \u00e7eliklere oranla \u00e7ok daha iyi korozyon dayan\u0131m\u0131na sahiptir.<\/p>\n<p>\n\t<br \/>\n\t<strong>Adet \/ Renk \/ Tasar\u0131m : 2\u00a0<\/strong>Adet, HSNET\u00a0<span style=\"color: rgb(1, 15, 38); font-family: Roboto, sans-serif; font-size: 13px;\">Cabrera\u00a0<\/span>Design olarak tasarlad\u0131\u011f\u0131m\u0131z, resimde yer alan rengi, s\u00fcrpriz ya\u015famaman\u0131z i\u00e7in birebir g\u00f6nderiyoruz<\/p>\n<p>\t<strong>\u00d6l\u00e7\u00fcler : 5 cm\u00a0<\/strong><\/p>\n<p>\n\tBitki \u00e7ay\u0131 ve di\u011fer \u00e7aylar\u0131 i\u00e7mek i\u00e7in tasarlanm\u0131\u015f pratik, ergonomik s\u00fczge\u00e7tir.<\/p>\n<p><p><strong>M\u00dcKEMMEL SATI\u015e SONRASI H\u0130ZMET : <\/strong>Bu \u00fcr\u00fcne daha avantajl\u0131 sahip olabilmeniz i\u00e7in ma\u011fazam\u0131z\u0131 ziyaret ederek, kampanyalar\u0131 inceleyebilirsiniz. HSNET \/ HSNET olarak m\u00fc\u015fterilerimize en iyi hizmeti sunmay\u0131 ama\u00e7l\u0131yor, g\u00fcvenle sat\u0131n alabilmeniz i\u00e7in, ambalaj kalitemize g\u00fcveniyor, her \u00fcr\u00fcn sorunsuz teslimat i\u00e7in \u00f6zenle paketliyor ve resimde belirtilen renk, ebat, \u00f6zelikte \u00fcr\u00fcn g\u00f6ndermeyi taahh\u00fct ediyoruz. Hasarl\u0131 \u00fcr\u00fcn ald\u0131ysan\u0131z veya di\u011fer \u00fcr\u00fcn ve paket teslimat sorunlar\u0131 oldu\u011funda bizimle ileti\u015fime ge\u00e7mekten \u00e7ekinmeyin.<\/p>\n<p><strong>Detayl\u0131 bilgi i\u00e7in ek resimleri inceleyebilirsiniz<\/p>\n<p> <img decoding=\"async\"  src=\"https:\/\/hepsicdn.com.tr\/static\/product_detail\/hbneta211ef1b_4880201.webp\"><\/strong><\/strong><\/p>\n","protected":false},"excerpt":{"rendered":"<p>\u00a0Materyal :\u00a0304 paslanmaz \u00e7elik 304 paslanmaz \u00e7elik nedir ? Genel kullan\u0131m alanlar\u0131nda ve 50 y\u0131la dayanabilen kullan\u0131m \u00f6mr\u00fcylr, 304 kalite paslanmaz \u00e7elik, korozyon dayan\u0131m\u0131, \u0131s\u0131 dayan\u0131m\u0131, mekanik \u00f6zellikleri, kaynak yap\u0131labilirli\u011fi, i\u015flenebilirli\u011fi ve d\u00f6v\u00fclebilmeye yatk\u0131nl\u0131\u011f\u0131 konular\u0131nda de\u011ferlendirilebilir. Korozyon Dayan\u0131m\u0131: 304 kalite paslanmaz \u00e7elik, di\u011fer paslanmaz \u00e7eliklere oranla \u00e7ok daha iyi korozyon dayan\u0131m\u0131na sahiptir. Adet \/ Renk&#8230;<\/p>\n","protected":false},"featured_media":102893,"comment_status":"open","ping_status":"closed","template":"","meta":{"_kad_post_transparent":"","_kad_post_title":"","_kad_post_layout":"","_kad_post_sidebar_id":"","_kad_post_content_style":"","_kad_post_vertical_padding":"","_kad_post_feature":"","_kad_post_feature_position":"","_kad_post_header":false,"_kad_post_footer":false,"_kad_post_classname":""},"product_brand":[],"product_cat":[7841],"product_tag":[],"class_list":{"0":"post-102894","1":"product","2":"type-product","3":"status-publish","4":"has-post-thumbnail","6":"product_cat-cay-kahve-yardimcilari-sofra-sofra-mutfak-ev-yasam-cay-kahve-yardimcilari","8":"first","9":"instock","10":"purchasable","11":"product-type-simple","12":"entry","13":"content-bg","14":"loop-entry"},"_links":{"self":[{"href":"https:\/\/www.hediyepazar.com\/index.php?rest_route=\/wp\/v2\/product\/102894","targetHints":{"allow":["GET"]}}],"collection":[{"href":"https:\/\/www.hediyepazar.com\/index.php?rest_route=\/wp\/v2\/product"}],"about":[{"href":"https:\/\/www.hediyepazar.com\/index.php?rest_route=\/wp\/v2\/types\/product"}],"replies":[{"embeddable":true,"href":"https:\/\/www.hediyepazar.com\/index.php?rest_route=%2Fwp%2Fv2%2Fcomments&post=102894"}],"wp:featuredmedia":[{"embeddable":true,"href":"https:\/\/www.hediyepazar.com\/index.php?rest_route=\/wp\/v2\/media\/102893"}],"wp:attachment":[{"href":"https:\/\/www.hediyepazar.com\/index.php?rest_route=%2Fwp%2Fv2%2Fmedia&parent=102894"}],"wp:term":[{"taxonomy":"product_brand","embeddable":true,"href":"https:\/\/www.hediyepazar.com\/index.php?rest_route=%2Fwp%2Fv2%2Fproduct_brand&post=102894"},{"taxonomy":"product_cat","embeddable":true,"href":"https:\/\/www.hediyepazar.com\/index.php?rest_route=%2Fwp%2Fv2%2Fproduct_cat&post=102894"},{"taxonomy":"product_tag","embeddable":true,"href":"https:\/\/www.hediyepazar.com\/index.php?rest_route=%2Fwp%2Fv2%2Fproduct_tag&post=102894"}],"curies":[{"name":"wp","href":"https:\/\/api.w.org\/{rel}","templated":true}]}}