{"id":102901,"date":"2026-05-04T08:39:40","date_gmt":"2026-05-04T11:39:40","guid":{"rendered":"https:\/\/www.hediyepazar.com\/?product=turk-paslanmaz-celik-ustura-turk-modeli"},"modified":"2026-05-04T08:39:40","modified_gmt":"2026-05-04T11:39:40","slug":"turk-paslanmaz-celik-ustura-turk-modeli","status":"publish","type":"product","link":"https:\/\/www.hediyepazar.com\/?product=turk-paslanmaz-celik-ustura-turk-modeli","title":{"rendered":"Turk Paslanmaz \u00c7elik Ustura T\u00fcrk Modeli"},"content":{"rendered":"<p>\t<strong>\u00d6zellikler :\u00a0\u00a0<\/strong><\/p>\n<p>\t<strong>Renk : Resimdeki S\u0130YAH- Renk-Desen Kombinasyonu birebir g\u00f6nderilir.\u00a0\u00a0<\/strong><b>Bu \u00fcr\u00fcn T\u00fcrk MODEL\u0130 olarak \u00fcretilmi\u015ftir.(\u00dcSTTEN A\u00c7MALI MODEL DE\u011e\u0130LD\u0130R.)<\/b><\/p>\n<p>\t<strong>Materyal : %100 Paslanmaz \u00c7elik\u00a0<\/strong><\/p>\n<p>\tTek kullan\u0131ml\u0131k b\u0131\u00e7aklarla kullan\u0131l\u0131r. D\u00fcz ustura ile \u00fcst\u00fcn bir t\u0131ra\u015f\u0131n keyfini \u00e7\u0131kar\u0131n. T\u0131ra\u015f makinemiz, de\u011fi\u015ftirilebilir b\u0131\u00e7aklar\u0131 ile uzun s\u00fcreli kullan\u0131m i\u00e7indir. B\u0131\u00e7ak k\u00f6reldi\u011finde, yeni bir t\u0131ra\u015f i\u00e7in de\u011fi\u015ftirin. Eski tip g\u00fcvenli t\u0131ra\u015f makinelerine k\u0131yasla daha kesin, kontroll\u00fc t\u0131ra\u015f.<br \/>\tAzalt\u0131lm\u0131\u015f k\u0131l, \u00e7entik ve enfeksiyon tehlikesi.<br \/>\tPahal\u0131 kartu\u015flar\u0131 tekrar tekrar sat\u0131n almad\u0131\u011f\u0131n\u0131z i\u00e7in malzemelere daha az para harcan\u0131r.<br \/>\tSon derece g\u00fcvenli t\u0131ra\u015f makinesi size daha hassas bir t\u0131ra\u015f sa\u011flarken, a\u00e7\u0131k b\u0131\u00e7ak, t\u0131ra\u015f \u015feklinizde ola\u011fan\u00fcst\u00fc bir kontrole sahip olman\u0131z\u0131 sa\u011flar. P\u00fcr\u00fczs\u00fcz kayma ve do\u011fruluk, size daha az \u00e7entik ve kesik ile bir t\u0131ra\u015f sa\u011flayacakt\u0131r. Tasar\u0131m\u0131m\u0131z, antik ve modernin iyi bir kar\u0131\u015f\u0131m\u0131d\u0131r ve her ya\u015fa ve nesile hitap eder. G\u00fc\u00e7l\u00fc sertle\u015ftirilmi\u015f plastik sap, en m\u00fckemmel t\u0131ra\u015f deneyimi s\u0131ras\u0131nda m\u00fckemmel bir tutu\u015f sa\u011flar.<br \/>\tBu birinci s\u0131n\u0131f ustura, m\u00fckemmel, yak\u0131n t\u0131ra\u015f ve \u015fekillendirme i\u00e7in her markan\u0131n b\u0131\u00e7aklar\u0131yla kusursuz uyumlu d\u00fcz t\u0131ra\u015f makinesidir.<br \/>\tKi\u015fisel ve Profesyonel Kullan\u0131m: K\u0131v\u0131rc\u0131k, sert, i\u00e7e uzam\u0131\u015f sa\u00e7lar ve sakallar i\u00e7in de uygundur, g\u00fcvenli t\u0131ra\u015f makinelerine g\u00f6re daha yak\u0131n, p\u00fcr\u00fczs\u00fcz t\u0131ra\u015f sa\u011flar, sakal \u015fekillendirir, temiz t\u0131ra\u015f sa\u011flar.<\/p>\n<p>\t<strong>M\u00dcKEMMEL SATI\u015e SONRASI H\u0130ZMET : <\/strong>Bu \u00fcr\u00fcne daha avantajl\u0131 sahip olabilmeniz i\u00e7in ma\u011fazam\u0131z\u0131 ziyaret ederek, kampanyalar\u0131 inceleyebilirsiniz. Turk \/ Turk olarak m\u00fc\u015fterilerimize en iyi hizmeti sunmay\u0131 ama\u00e7l\u0131yor, g\u00fcvenle sat\u0131n alabilmeniz i\u00e7in, ambalaj kalitemize g\u00fcveniyor, her \u00fcr\u00fcn sorunsuz teslimat i\u00e7in \u00f6zenle paketliyor ve resimde belirtilen renk, ebat, \u00f6zelikte \u00fcr\u00fcn g\u00f6ndermeyi taahh\u00fct ediyoruz. Hasarl\u0131 \u00fcr\u00fcn ald\u0131ysan\u0131z veya di\u011fer \u00fcr\u00fcn ve paket teslimat sorunlar\u0131 oldu\u011funda bizimle ileti\u015fime ge\u00e7mekten \u00e7ekinmeyin.<\/p>\n<p>\t<strong>Detayl\u0131 bilgi i\u00e7in ek resimleri inceleyebilirsiniz<\/strong><\/p>\n<p><\/p>\n<p>\t<strong><strong> <\/strong><\/strong><\/p>\n<p>\t\u00a0<\/p>\n","protected":false},"excerpt":{"rendered":"<p>\u00d6zellikler :\u00a0\u00a0 Renk : Resimdeki S\u0130YAH- Renk-Desen Kombinasyonu birebir g\u00f6nderilir.\u00a0\u00a0Bu \u00fcr\u00fcn T\u00fcrk MODEL\u0130 olarak \u00fcretilmi\u015ftir.(\u00dcSTTEN A\u00c7MALI MODEL DE\u011e\u0130LD\u0130R.) Materyal : %100 Paslanmaz \u00c7elik\u00a0 Tek kullan\u0131ml\u0131k b\u0131\u00e7aklarla kullan\u0131l\u0131r. D\u00fcz ustura ile \u00fcst\u00fcn bir t\u0131ra\u015f\u0131n keyfini \u00e7\u0131kar\u0131n. T\u0131ra\u015f makinemiz, de\u011fi\u015ftirilebilir b\u0131\u00e7aklar\u0131 ile uzun s\u00fcreli kullan\u0131m i\u00e7indir. B\u0131\u00e7ak k\u00f6reldi\u011finde, yeni bir t\u0131ra\u015f i\u00e7in de\u011fi\u015ftirin. Eski tip g\u00fcvenli t\u0131ra\u015f&#8230;<\/p>\n","protected":false},"featured_media":0,"comment_status":"open","ping_status":"closed","template":"","meta":{"_kad_post_transparent":"","_kad_post_title":"","_kad_post_layout":"","_kad_post_sidebar_id":"","_kad_post_content_style":"","_kad_post_vertical_padding":"","_kad_post_feature":"","_kad_post_feature_position":"","_kad_post_header":false,"_kad_post_footer":false,"_kad_post_classname":""},"product_brand":[],"product_cat":[14227],"product_tag":[],"class_list":{"0":"post-102901","1":"product","2":"type-product","3":"status-publish","5":"product_cat-kuafor-urunleri-erkek-kuafor-kuafor-urunleri","7":"first","8":"instock","9":"purchasable","10":"product-type-simple","11":"entry","12":"content-bg","13":"loop-entry"},"_links":{"self":[{"href":"https:\/\/www.hediyepazar.com\/index.php?rest_route=\/wp\/v2\/product\/102901","targetHints":{"allow":["GET"]}}],"collection":[{"href":"https:\/\/www.hediyepazar.com\/index.php?rest_route=\/wp\/v2\/product"}],"about":[{"href":"https:\/\/www.hediyepazar.com\/index.php?rest_route=\/wp\/v2\/types\/product"}],"replies":[{"embeddable":true,"href":"https:\/\/www.hediyepazar.com\/index.php?rest_route=%2Fwp%2Fv2%2Fcomments&post=102901"}],"wp:attachment":[{"href":"https:\/\/www.hediyepazar.com\/index.php?rest_route=%2Fwp%2Fv2%2Fmedia&parent=102901"}],"wp:term":[{"taxonomy":"product_brand","embeddable":true,"href":"https:\/\/www.hediyepazar.com\/index.php?rest_route=%2Fwp%2Fv2%2Fproduct_brand&post=102901"},{"taxonomy":"product_cat","embeddable":true,"href":"https:\/\/www.hediyepazar.com\/index.php?rest_route=%2Fwp%2Fv2%2Fproduct_cat&post=102901"},{"taxonomy":"product_tag","embeddable":true,"href":"https:\/\/www.hediyepazar.com\/index.php?rest_route=%2Fwp%2Fv2%2Fproduct_tag&post=102901"}],"curies":[{"name":"wp","href":"https:\/\/api.w.org\/{rel}","templated":true}]}}