{"id":102903,"date":"2026-05-04T08:41:17","date_gmt":"2026-05-04T11:41:17","guid":{"rendered":"https:\/\/www.hediyepazar.com\/?product=turk-manikur-pedikur-topu-manikur-bombasi-6-adet-300-gram"},"modified":"2026-05-04T08:41:17","modified_gmt":"2026-05-04T11:41:17","slug":"turk-manikur-pedikur-topu-manikur-bombasi-6-adet-300-gram","status":"publish","type":"product","link":"https:\/\/www.hediyepazar.com\/?product=turk-manikur-pedikur-topu-manikur-bombasi-6-adet-300-gram","title":{"rendered":"Turk Manik\u00fcr Pedik\u00fcr Topu Manik\u00fcr Bombas\u0131 6 adet 300 Gram"},"content":{"rendered":"<p>\n\t<strong>\u00dcr\u00fcn \u00d6zellikleri : <\/strong><\/p>\n<p>\n\t<strong>Adet : 6 LI paket her biri 50 gram<\/strong><\/p>\n<p>\n\t<strong>\u00d6l\u00e7\u00fcler : 5 cm <\/strong><\/p>\n<p>\n\t<strong>GEN\u0130\u015e KULLANIM ALANI : K\u00fcvet, Jakuzi, Manik\u00fcr veya Pedik\u00fcr kasesinde kullan\u0131labilir <\/strong><\/p>\n<p>\n\t<strong>\u00d6NE \u00c7IKAN \u00d6ZELL\u0130K : El yap\u0131m\u0131d\u0131r, Juvenis Candy Shop taraf\u0131ndan \u00fcretilir.<\/strong><\/p>\n<p>\n\t<strong>HER RUH HAL\u0130N\u0130ZE UYGUN B\u0130R KOKU: <\/strong>Setimiz 6 adet keyifli, aometerapik, ruh halinizi iyile\u015ftiren koku i\u00e7erir. Rahatlat\u0131c\u0131, yat\u0131\u015ft\u0131r\u0131c\u0131, enerji verici ve \u015feh vetli aras\u0131nda de\u011fi\u015fen en iyi, en keyifli ve etkili aromaterapi kokular\u0131n\u0131 \u00f6zenle se\u00e7tik. K\u00fcvetinize bir banyo bombas\u0131 b\u0131rak\u0131n ve duyular\u0131n\u0131z\u0131n \u00e7ekici koku, renk taraf\u0131ndan ele ge\u00e7irilmesine izin verin! \u00c7e\u015fit setimiz 6 harika aromaterapi kokusu i\u00e7erir.<\/p>\n<p>\n\t<strong>C\u0130LD\u0130 NEMLEND\u0130R\u0130R, YUMU\u015eATIR VE G\u00dc\u00c7LEND\u0130R\u0130R:<\/strong> S\u0131radan bir banyoyu, duyular\u0131n\u0131z\u0131 memnun edecek rahatlat\u0131c\u0131 bir spa deneyimine d\u00f6n\u00fc\u015ft\u00fcr\u00fcn! L\u00fcks banyo bombalar\u0131m\u0131z nemlendirici Hindistan Cevizi Ya\u011f\u0131, Bu\u011fday Ya\u011f\u0131 ve E Vitamini Ya\u011flar\u0131 ile yap\u0131l\u0131r. Kuru ve ka\u015f\u0131nt\u0131l\u0131 cildi beslemeye ve yenilemeye yard\u0131mc\u0131 olurken cildinizin nas\u0131l hissetti\u011fini iyile\u015ftirmeye yard\u0131mc\u0131 olabilecek besleyici bir nemlendiricidir. Keyifli spa banyo bombalar\u0131m\u0131zla birlikte bir k\u00fcvete dalmak, cildinizin daha yumu\u015fak, daha p\u00fcr\u00fczs\u00fcz, tazelenmi\u015f g\u00f6r\u00fcnmesini ve kendinizi mutlu bir \u015fekilde rahatlam\u0131\u015f hissetmenizi sa\u011flayabilir.<\/p>\n<p>\n\t<strong>G\u00dcZEL, L\u00dcKS B\u0130R HED\u0130YE OLAB\u0130L\u0130R :<\/strong> \u00c7arp\u0131c\u0131 banyo bombalar\u0131m\u0131z muhte\u015fem, canl\u0131, \u015f\u0131k bir hediye kutusu i\u00e7inde geliyor ve bu da onu \u00e7ok pop\u00fcler bir hediye yap\u0131yor.<\/p>\n<p>\n\t<strong>KULLANIM \u00d6NER\u0130S\u0130 : <\/strong>\u00dcr\u00fcn \u0131l\u0131k su i\u00e7ine b\u0131rak\u0131l\u0131r. Do\u011fal ya\u011flar\u0131n ciltte b\u0131rakaca\u011f\u0131 nemlilik hissi i\u00e7in bir s\u00fcre suyun i\u00e7inde kal\u0131n\u0131r. K\u00dcVET\u0130N- JAKUZ\u0130N\u0130N, MAN\u0130K\u00dcR VEYA PED\u0130K\u00dcR k\u00fcvetinin i\u00e7ine eller veya ayaklar k\u00fcvetin i\u00e7indeyken yar\u0131s\u0131 suyun \u00fczerinde olacak \u015fekilde suyun tutun ve k\u00f6p\u00fcrmesini beklerken baloncuklar\u0131n Masaj yap\u0131c\u0131 etkisi ile Bak\u0131m\u0131n\u0131z\u0131 Keyife d\u00f6n\u00fc\u015ft\u00fcr\u00fcn\u00a0<\/p>\n<p>\n\tDETAYLI B\u0130LG\u0130 \u0130\u00c7\u0130N EK RES\u0130MLER\u0130 \u0130NCELEYEB\u0130L\u0130RS\u0130N\u0130Z.<br \/>\n\t<img decoding=\"async\"  src=\"https:\/\/hepsicdn.com.tr\/static\/product_detail\/hbnetac7639a4_4882401.jpg\"><\/p>\n","protected":false},"excerpt":{"rendered":"<p>\u00dcr\u00fcn \u00d6zellikleri : Adet : 6 LI paket her biri 50 gram \u00d6l\u00e7\u00fcler : 5 cm GEN\u0130\u015e KULLANIM ALANI : K\u00fcvet, Jakuzi, Manik\u00fcr veya Pedik\u00fcr kasesinde kullan\u0131labilir \u00d6NE \u00c7IKAN \u00d6ZELL\u0130K : El yap\u0131m\u0131d\u0131r, Juvenis Candy Shop taraf\u0131ndan \u00fcretilir. HER RUH HAL\u0130N\u0130ZE UYGUN B\u0130R KOKU: Setimiz 6 adet keyifli, aometerapik, ruh halinizi iyile\u015ftiren koku i\u00e7erir. Rahatlat\u0131c\u0131,&#8230;<\/p>\n","protected":false},"featured_media":0,"comment_status":"open","ping_status":"closed","template":"","meta":{"_kad_post_transparent":"","_kad_post_title":"","_kad_post_layout":"","_kad_post_sidebar_id":"","_kad_post_content_style":"","_kad_post_vertical_padding":"","_kad_post_feature":"","_kad_post_feature_position":"","_kad_post_header":false,"_kad_post_footer":false,"_kad_post_classname":""},"product_brand":[],"product_cat":[14246],"product_tag":[],"class_list":{"0":"post-102903","1":"product","2":"type-product","3":"status-publish","5":"product_cat-banyo-lifi-ve-sungeri-banyo-dus-urunleri-cilt-bakimi-kozmetik-banyo-lifi-ve-sungeri","7":"first","8":"instock","9":"purchasable","10":"product-type-simple","11":"entry","12":"content-bg","13":"loop-entry"},"_links":{"self":[{"href":"https:\/\/www.hediyepazar.com\/index.php?rest_route=\/wp\/v2\/product\/102903","targetHints":{"allow":["GET"]}}],"collection":[{"href":"https:\/\/www.hediyepazar.com\/index.php?rest_route=\/wp\/v2\/product"}],"about":[{"href":"https:\/\/www.hediyepazar.com\/index.php?rest_route=\/wp\/v2\/types\/product"}],"replies":[{"embeddable":true,"href":"https:\/\/www.hediyepazar.com\/index.php?rest_route=%2Fwp%2Fv2%2Fcomments&post=102903"}],"wp:attachment":[{"href":"https:\/\/www.hediyepazar.com\/index.php?rest_route=%2Fwp%2Fv2%2Fmedia&parent=102903"}],"wp:term":[{"taxonomy":"product_brand","embeddable":true,"href":"https:\/\/www.hediyepazar.com\/index.php?rest_route=%2Fwp%2Fv2%2Fproduct_brand&post=102903"},{"taxonomy":"product_cat","embeddable":true,"href":"https:\/\/www.hediyepazar.com\/index.php?rest_route=%2Fwp%2Fv2%2Fproduct_cat&post=102903"},{"taxonomy":"product_tag","embeddable":true,"href":"https:\/\/www.hediyepazar.com\/index.php?rest_route=%2Fwp%2Fv2%2Fproduct_tag&post=102903"}],"curies":[{"name":"wp","href":"https:\/\/api.w.org\/{rel}","templated":true}]}}