{"id":102913,"date":"2026-05-04T08:45:28","date_gmt":"2026-05-04T11:45:28","guid":{"rendered":"https:\/\/www.hediyepazar.com\/?product=turk-dondurma-porsiyonlama-kasigi-kurabiye-kofte-helva"},"modified":"2026-05-04T08:45:28","modified_gmt":"2026-05-04T11:45:28","slug":"turk-dondurma-porsiyonlama-kasigi-kurabiye-kofte-helva","status":"publish","type":"product","link":"https:\/\/www.hediyepazar.com\/?product=turk-dondurma-porsiyonlama-kasigi-kurabiye-kofte-helva","title":{"rendered":"Turk Dondurma Porsiyonlama Ka\u015f\u0131\u011f\u0131 Kurabiye K\u00f6fte Helva"},"content":{"rendered":"<p>\n\t<strong>\u00dcr\u00fcn \u00d6zellikleri :<\/strong><\/p>\n<p>\n\t<strong>RENK : <\/strong> HSNET Vigano serisi olarak tasarlad\u0131\u011f\u0131m\u0131z bu \u00fcr\u00fcn\u00fc tasar\u0131m\u0131 birebir g\u00f6re g\u00f6nderiyoruz. S\u00fcrpriz ya\u015famazs\u0131n\u0131z.<\/p>\n<p>\t<strong>MATERYAL : Paslanmaz \u00c7elik\u00a0<\/strong><\/p>\n<p>\t<strong>ADET : 1 <\/strong><\/p>\n<p>\t<strong>\u00d6L\u00c7\u00dcLER : Uzunluk 21 cm &#8211; Porsiyon 6 cm \u00e7ap\u0131nda <\/strong><\/p>\n<p>\t<strong>VALENZ D\u0130ZAYN : <\/strong>Porsiyon i\u00e7in dondurmay\u0131 ka\u015f\u0131kla al\u0131rken mandal geri itilip haz\u0131r konuma gelecektir. Taba\u011fa bo\u015fatmak i\u00e7in mandal\u0131 itin ve dondubo\u015falacakt\u0131r. Tekrar ayn\u0131 i\u015flemi yaparken mandal geri \u00e7ekilerek haz\u0131r konuma gelir<\/p>\n<p>\t<strong>TUTARLI PORS\u0130YONLAR SUNUN:<\/strong> Tutarl\u0131 porsiyonlar sunmay\u0131 kolayla\u015ft\u0131r\u0131r. Mandal \u00f6zelli\u011fi ve k\u0131r\u0131lmaya kar\u015f\u0131 dayan\u0131kl\u0131 yap\u0131s\u0131 ile dondurma kurabiye helva k\u00f6fte p\u00fcre gibi yiyeceklerinizi kolayca aparattan ay\u0131rabilir ve \u015fekillendirebilirsiniz.<\/p>\n<p>\tBir servis ka\u015f\u0131\u011f\u0131 ve bir kep\u00e7enin en iyi \u00f6zelliklerini birle\u015ftiren bu tek par\u00e7a yuvarlak porsiyonlu ka\u015f\u0131k, e\u015fsiz rahatl\u0131k ve tutarl\u0131l\u0131k sa\u011flar.<\/p>\n<p>\t<strong>G\u00dcVENL\u0130 VE DAYANIKLI:<\/strong>\u00a0 Y\u00fcksek kaliteli PASLANMAZ \u00c7EL\u0130K kullan\u0131yoruz. Restoranlar, evler, catering ve b\u00fcfe ayarlar\u0131 i\u00e7in idealdir.<\/p>\n<p>\t<strong>BULA\u015eIK MAK\u0130NES\u0130NDE G\u00dcVENL\u0130 VE LEKE DAYANIKLI:<\/strong> Sadece aletinizi bir ev tipi veya ticari bula\u015f\u0131k makinesine yerle\u015ftirin.<\/p>\n<p>\t<strong>ERGONOM\u0130K \u00e7elik TUTAMAK: <\/strong>Rahat ve verimli kullan\u0131m sa\u011flamak i\u00e7in \u00f6zel kal\u0131planm\u0131\u015f, ergonomik \u00e7elik sap ile donat\u0131lm\u0131\u015ft\u0131r. Y\u00fcksek hacimli ve ticari kullan\u0131m i\u00e7in de harikad\u0131r<\/p>\n<p>\t<strong>T\u0130CAR\u0130 VEYA K\u0130\u015e\u0130SEL KULLANIM: <\/strong>Uzun s\u00fcreli ticari kullan\u0131ma dayanacak \u015fekilde \u00fcretilen bu spoodle ka\u015f\u0131k, restoranlar, oteller, catering \u015firketleri, f\u0131r\u0131nlar, kafeler veya ev \u015fefleri i\u00e7in m\u00fckemmeldir!<\/p>\n<p>\tEkran fark\u0131 nedeniyle, renk tonlar\u0131 %0,5 oran\u0131nda fark, Manuel \u00f6l\u00e7\u00fcm nedeniyle Milimetre fark olabilir. anlay\u0131\u015f g\u00f6stermenizi rica ederiz.<br \/>\n\t\u00a0<\/p>\n<p>\n\t<strong>M\u00dcKEMMEL SATI\u015e SONRASI H\u0130ZMET : <\/strong>HSNET \/ HSNET olarak m\u00fc\u015fterilerimize en iyi hizmeti sunmay\u0131 ama\u00e7l\u0131yor, g\u00fcvenle sat\u0131n alabilmeniz i\u00e7in, ambalaj kalitemize g\u00fcveniyor, her \u00fcr\u00fcn sorunsuz teslimat i\u00e7in \u00f6zenle paketliyor ve resimde belirtilen renk, ebat, \u00f6zelikte \u00fcr\u00fcn g\u00f6ndermeyi taahh\u00fct ediyoruz. Hasarl\u0131 \u00fcr\u00fcn ald\u0131ysan\u0131z veya di\u011fer \u00fcr\u00fcn ve paket teslimat sorunlar\u0131 oldu\u011funda bizimle ileti\u015fime ge\u00e7mekten \u00e7ekinmeyin.<\/p>\n","protected":false},"excerpt":{"rendered":"<p>\u00dcr\u00fcn \u00d6zellikleri : RENK : HSNET Vigano serisi olarak tasarlad\u0131\u011f\u0131m\u0131z bu \u00fcr\u00fcn\u00fc tasar\u0131m\u0131 birebir g\u00f6re g\u00f6nderiyoruz. S\u00fcrpriz ya\u015famazs\u0131n\u0131z. MATERYAL : Paslanmaz \u00c7elik\u00a0 ADET : 1 \u00d6L\u00c7\u00dcLER : Uzunluk 21 cm &#8211; Porsiyon 6 cm \u00e7ap\u0131nda VALENZ D\u0130ZAYN : Porsiyon i\u00e7in dondurmay\u0131 ka\u015f\u0131kla al\u0131rken mandal geri itilip haz\u0131r konuma gelecektir. Taba\u011fa bo\u015fatmak i\u00e7in mandal\u0131 itin ve&#8230;<\/p>\n","protected":false},"featured_media":0,"comment_status":"open","ping_status":"closed","template":"","meta":{"_kad_post_transparent":"","_kad_post_title":"","_kad_post_layout":"","_kad_post_sidebar_id":"","_kad_post_content_style":"","_kad_post_vertical_padding":"","_kad_post_feature":"","_kad_post_feature_position":"","_kad_post_header":false,"_kad_post_footer":false,"_kad_post_classname":""},"product_brand":[],"product_cat":[7826],"product_tag":[],"class_list":{"0":"post-102913","1":"product","2":"type-product","3":"status-publish","5":"product_cat-endustriyel-mutfak-ekipmanlari-sofra-sofra-mutfak-ev-yasam-endustriyel-mutfak-ekipmanlari","7":"first","8":"instock","9":"purchasable","10":"product-type-simple","11":"entry","12":"content-bg","13":"loop-entry"},"_links":{"self":[{"href":"https:\/\/www.hediyepazar.com\/index.php?rest_route=\/wp\/v2\/product\/102913","targetHints":{"allow":["GET"]}}],"collection":[{"href":"https:\/\/www.hediyepazar.com\/index.php?rest_route=\/wp\/v2\/product"}],"about":[{"href":"https:\/\/www.hediyepazar.com\/index.php?rest_route=\/wp\/v2\/types\/product"}],"replies":[{"embeddable":true,"href":"https:\/\/www.hediyepazar.com\/index.php?rest_route=%2Fwp%2Fv2%2Fcomments&post=102913"}],"wp:attachment":[{"href":"https:\/\/www.hediyepazar.com\/index.php?rest_route=%2Fwp%2Fv2%2Fmedia&parent=102913"}],"wp:term":[{"taxonomy":"product_brand","embeddable":true,"href":"https:\/\/www.hediyepazar.com\/index.php?rest_route=%2Fwp%2Fv2%2Fproduct_brand&post=102913"},{"taxonomy":"product_cat","embeddable":true,"href":"https:\/\/www.hediyepazar.com\/index.php?rest_route=%2Fwp%2Fv2%2Fproduct_cat&post=102913"},{"taxonomy":"product_tag","embeddable":true,"href":"https:\/\/www.hediyepazar.com\/index.php?rest_route=%2Fwp%2Fv2%2Fproduct_tag&post=102913"}],"curies":[{"name":"wp","href":"https:\/\/api.w.org\/{rel}","templated":true}]}}