{"id":102926,"date":"2026-05-04T08:50:18","date_gmt":"2026-05-04T11:50:18","guid":{"rendered":"https:\/\/www.hediyepazar.com\/?product=turk-tronic-basincli-kopuk-puskurtme-yikama-sprey-sise"},"modified":"2026-05-04T08:50:18","modified_gmt":"2026-05-04T11:50:18","slug":"turk-tronic-basincli-kopuk-puskurtme-yikama-sprey-sise","status":"publish","type":"product","link":"https:\/\/www.hediyepazar.com\/?product=turk-tronic-basincli-kopuk-puskurtme-yikama-sprey-sise","title":{"rendered":"Turk Tronic Bas\u0131n\u00e7l\u0131 K\u00f6p\u00fck P\u00fcsk\u00fcrtme Y\u0131kama Sprey \u015ei\u015fe"},"content":{"rendered":"<p>\t<strong>\u00dcr\u00fcn \u00d6zellikleri :\u00a0<\/strong><\/p>\n<p>\t<strong>Materyal :\u00a0<\/strong>PP Sertle\u015ftirilmi\u015f darbelere dayan\u0131kl\u0131 plastik<\/p>\n<p>\t<strong>\u00d6l\u00e7\u00fcler : <\/strong> Y 32 CM X D\u0130P \u00c7API: 14 CM &#8211; Ekran yan\u0131lmalar\u0131na kar\u015f\u0131 l\u00fctfen \u00f6l\u00e7\u00fcleri kar\u015f\u0131la\u015ft\u0131r\u0131n.<\/p>\n<p>\t<strong>YEN\u0130 ENFLASYONLU VERS\u0130YON :<\/strong> Bu P\u00fcsk\u00fcrt\u00fcc\u00fc Y\u00fcksek Bas\u0131nca Dayanabilir ve Kararl\u0131 ve S\u00fcrekli Bir Sprey \u00dcretebilir. \u015e\u0131k Y\u00fczey, P\u00fcr\u00fczs\u00fcz ve Rahat Bir kullan\u0131m Sunacak.<\/p>\n<p>\t<strong>Y\u00dcKSEK BASIN\u00c7LI P\u00dcSK\u00dcRTME \u0130LE KALIN ALT K\u00d6P\u00dcK :\u00a0<\/strong>Elbette Araban\u0131z\u0131 K\u00f6p\u00fck Topu Veya K\u00f6p\u00fck Tabancas\u0131 ile Y\u0131kayabilirsiniz, Ama Araba Y\u0131kay\u0131c\u0131n\u0131z Veya Hava Kompres\u00f6r\u00fcn\u00fcz Olmad\u0131\u011f\u0131nda Bunu Elde Edemezsiniz! \u015eimdi \u0130\u015fte Size Bir \u00c7\u00f6z\u00fcm! \u00dccretlerden Tasarruf Eder! Pompay\u0131 Elinizle \u015ei\u015firiciyle Bas\u0131n\u00e7land\u0131rman\u0131z Yeterli!<\/p>\n<p>\t<strong>\u0130\u015eG\u00dcC\u00dc TASARRUFU VE YORGUNLUK YAPMAZ : \u0130<\/strong>nsan Elinin \u00d6zellikleri Olarak \u015eekillendirilen Ergonomik Sap Rahatlat\u0131c\u0131 ve Kavraman\u0131z \u0130\u00e7in Rahatt\u0131r! Anahtar, Tutarl\u0131 Bir \u015eekilde P\u00fcsk\u00fcrtme Yapmas\u0131n\u0131 Sa\u011flayan Ama Her Zaman Basman\u0131z\u0131 Gerektirmeyen Bir Kilit D\u00fc\u011fmesine Sahiptir! Pompal\u0131 K\u00f6p\u00fck P\u00fcsk\u00fcrt\u00fcc\u00fc Hafiftir ve Her Yere Ta\u015f\u0131yabilece\u011finiz Yeterince K\u00fc\u00e7\u00fckt\u00fcr, B\u00f6ylece Her Zaman Araba Y\u0131kama Yapabilirsiniz!<\/p>\n<p>\t<strong>KOLAY KULLANIM, TUTKUNLARI \u0130\u00c7\u0130N M\u00dcKEMMEL B\u0130R \u015eEK\u0130LDE \u0130DEAL :<\/strong> K\u00f6p\u00fck ve SGCB \u00c7ok Ama\u00e7l\u0131 Temizleyici ile \u00c7al\u0131\u015fmak, Ayn\u0131 zamanda Di\u011fer S\u0131radan N\u00f6tr \u00c7\u00f6z\u00fcmler \u0130\u00e7in \u0130dealdir. Sadece \u015ei\u015feyi \u0130htiyaca G\u00f6re Su ve Temizleyici ile Doldurun, Ard\u0131ndan \u00c7\u00f6zeltiyi \u0130yice Kar\u0131\u015ft\u0131rmak \u0130\u00e7in \u00c7alkalay\u0131n. Pompay\u0131 Doldurun Ve K\u00f6p\u00fc\u011f\u00fc Araban\u0131za Do\u011fru P\u00fcsk\u00fcrtebilirsiniz! Kullan\u0131mdan Sonra Temizlemesi ve Bak\u0131m\u0131 Kolay!<\/p>\n<p>\t<strong>UYGULAMA \u00c7E\u015e\u0130TLER\u0130 \u0130\u00c7\u0130N UYGUN : <\/strong>Bu Pompal\u0131 K\u00f6p\u00fck P\u00fcsk\u00fcrt\u00fcc\u00fcy\u00fc , Araba Y\u0131kamac\u0131lar\u0131 veya Hava Kompres\u00f6r\u00fc Olmadan Araba Y\u0131kama \u0130\u00e7in K\u00f6p\u00fck K\u00f6p\u00fck Olu\u015fturmalar\u0131nda \u00d6zellikle Kendin Yap Bireylerine Araba Detayc\u0131lar\u0131na Yard\u0131mc\u0131 Olmakt\u0131r. Ama Ayr\u0131ca, Bu K\u00f6p\u00fck P\u00fcsk\u00fcrt\u00fcc\u00fc G\u00fcnl\u00fck Ev \/ Mobilya Temizli\u011fi, Bah\u00e7ecilik ve Ot Sulama vb. \u0130\u00e7in de Kullan\u0131labilir!<\/p>\n<p>\t<strong>GEN\u0130\u015e KULLANIM ALANI : El tipi p\u00fcsk\u00fcrt\u00fcc\u00fc bah\u00e7ecilikte, seralarda ve bah\u00e7e bitkileri sulama ve ila\u00e7lamada, g\u00fcbreleme, evcil hayvan banyosu, ev temizli\u011fi ve araba y\u0131kama i\u00e7in i\u00e7in kullan\u0131labilir<\/strong><\/p>\n<p>\t<strong>\u00d6NE \u00c7IKAN \u00d6ZELL\u0130K : Elektrik gerektirmeden kendi bas\u0131nc\u0131 ile \u00e7al\u0131\u015f\u0131r. Pompalama ile komut sizde. Bas\u0131nc\u0131 siz ayarlayabilirsiniz.<\/strong><\/p>\n<p>\t<strong>P\u0130R\u0130N\u00c7 U\u00c7LU POMPA :\u00a0<\/strong>Uzun \u00f6m\u00fcrl\u00fc, ergonomik sap, uzun s\u00fcre kullan\u0131mda yormayan tasar\u0131m. Pirin\u00e7 p\u00fcsk\u00fcrtme ba\u015fl\u0131\u011f\u0131, bir ya\u011fmurlama etkisi ve do\u011frudan bir jet etkisi i\u00e7in ayarlanabilir, \u00e7\u0131k\u0131\u015f \u00e7ap\u0131 1 mm&#8217;dir, bu da m\u00fckemmel atomizasyon etkisi sa\u011flar.<\/p>\n<p>\t<strong>KULP \u0130LE YERLE\u015eT\u0130R\u0130LM\u0130\u015e TET\u0130K:\u00a0<\/strong>kullan\u0131m\u0131 kolay kullan\u0131m i\u00e7in tetik, daha uzun bir s\u00fcre i\u00e7in kullanmay\u0131 kolayla\u015ft\u0131r\u0131r.<\/p>\n<p>\t<strong>A\u011eIR H\u0130ZMET PLAST\u0130K YAPI :<\/strong>\u00a0Bu p\u00fcsk\u00fcrt\u00fcc\u00fc, y\u00fcksek kaliteli PP malzemeden, kal\u0131nla\u015ft\u0131r\u0131lm\u0131\u015f g\u00f6vde tasar\u0131m\u0131ndan yap\u0131lm\u0131\u015ft\u0131r ve a\u015f\u0131nmaya dayan\u0131kl\u0131 ve anti-darbe \u00f6zeliklidir.<\/p>\n<p>\t<strong>2000 ML KAPAS\u0130TE :\u00a0<\/strong>G\u00f6vde \u00fczerinde net \u00e7izgiler vard\u0131r, s\u0131v\u0131 seviyesi kolayca okunur. Bu p\u00fcsk\u00fcrt\u00fcc\u00fcn\u00fcn kapasitesi 2L&#8217;dir.<\/p>\n<p>\t<strong>ZAMAN TASARRUFU :<\/strong>\u00a0Bu p\u00fcsk\u00fcrt\u00fcc\u00fc ile i\u015finizi daha da kolayla\u015ft\u0131r\u0131n. Bu verimli ara\u00e7larla zamandan ve enerjiden tasarruf edin.<\/p>\n<p>\t<strong>G\u00dcVENL\u0130K DE\u011eER\u0130 : S\u0131\u0131y\u0131 koyduktan sonra, pompas\u0131yla havas\u0131n\u0131 alarak ona bas\u0131n\u00e7 kazand\u0131r\u0131n, teti\u011fi \u00e7ekerek i\u015fleme ba\u015flay\u0131n.\u00a0<\/strong>Bah\u00e7e p\u00fcsk\u00fcrt\u00fcc\u00fc, 2,5-3 Bar&#8217;\u0131 a\u015ft\u0131\u011f\u0131nda a\u015f\u0131r\u0131 bas\u0131nc\u0131 otomatik olarak serbest b\u0131rakan bir emniyet valfi ile donat\u0131lm\u0131\u015ft\u0131r. P\u00fcsk\u00fcrt\u00fcc\u00fc \u015fi\u015fesinin hizmet \u00f6mr\u00fcn\u00fc uzatabilir.<\/p>\n<div>\t\u00a0<\/div>\n<p><strong> Ekran fark\u0131 nedeniyle, renk tonlar\u0131 %0,5 oran\u0131nda fark, Manuel \u00f6l\u00e7\u00fcm nedeniyle MM fark olabilir. anlay\u0131\u015f g\u00f6stermenizi rica ederiz. <\/strong> <br \/><strong> DETAYLI B\u0130LG\u0130 \u0130\u00c7\u0130N EK RES\u0130MLER\u0130 \u0130NCELEYEB\u0130L\u0130RS\u0130N\u0130Z. <\/strong> <\/p>\n<p><\/center><\/p>\n","protected":false},"excerpt":{"rendered":"<p>\u00dcr\u00fcn \u00d6zellikleri :\u00a0 Materyal :\u00a0PP Sertle\u015ftirilmi\u015f darbelere dayan\u0131kl\u0131 plastik \u00d6l\u00e7\u00fcler : Y 32 CM X D\u0130P \u00c7API: 14 CM &#8211; Ekran yan\u0131lmalar\u0131na kar\u015f\u0131 l\u00fctfen \u00f6l\u00e7\u00fcleri kar\u015f\u0131la\u015ft\u0131r\u0131n. YEN\u0130 ENFLASYONLU VERS\u0130YON : Bu P\u00fcsk\u00fcrt\u00fcc\u00fc Y\u00fcksek Bas\u0131nca Dayanabilir ve Kararl\u0131 ve S\u00fcrekli Bir Sprey \u00dcretebilir. \u015e\u0131k Y\u00fczey, P\u00fcr\u00fczs\u00fcz ve Rahat Bir kullan\u0131m Sunacak. Y\u00dcKSEK BASIN\u00c7LI P\u00dcSK\u00dcRTME \u0130LE KALIN&#8230;<\/p>\n","protected":false},"featured_media":0,"comment_status":"open","ping_status":"closed","template":"","meta":{"_kad_post_transparent":"","_kad_post_title":"","_kad_post_layout":"","_kad_post_sidebar_id":"","_kad_post_content_style":"","_kad_post_vertical_padding":"","_kad_post_feature":"","_kad_post_feature_position":"","_kad_post_header":false,"_kad_post_footer":false,"_kad_post_classname":""},"product_brand":[],"product_cat":[14181],"product_tag":[],"class_list":{"0":"post-102926","1":"product","2":"type-product","3":"status-publish","5":"product_cat-oto-aksesuarlari-oto-aksesuarlari-cep-telefonu-elektronik-oto-bakim-seti","7":"first","8":"instock","9":"purchasable","10":"product-type-simple","11":"entry","12":"content-bg","13":"loop-entry"},"_links":{"self":[{"href":"https:\/\/www.hediyepazar.com\/index.php?rest_route=\/wp\/v2\/product\/102926","targetHints":{"allow":["GET"]}}],"collection":[{"href":"https:\/\/www.hediyepazar.com\/index.php?rest_route=\/wp\/v2\/product"}],"about":[{"href":"https:\/\/www.hediyepazar.com\/index.php?rest_route=\/wp\/v2\/types\/product"}],"replies":[{"embeddable":true,"href":"https:\/\/www.hediyepazar.com\/index.php?rest_route=%2Fwp%2Fv2%2Fcomments&post=102926"}],"wp:attachment":[{"href":"https:\/\/www.hediyepazar.com\/index.php?rest_route=%2Fwp%2Fv2%2Fmedia&parent=102926"}],"wp:term":[{"taxonomy":"product_brand","embeddable":true,"href":"https:\/\/www.hediyepazar.com\/index.php?rest_route=%2Fwp%2Fv2%2Fproduct_brand&post=102926"},{"taxonomy":"product_cat","embeddable":true,"href":"https:\/\/www.hediyepazar.com\/index.php?rest_route=%2Fwp%2Fv2%2Fproduct_cat&post=102926"},{"taxonomy":"product_tag","embeddable":true,"href":"https:\/\/www.hediyepazar.com\/index.php?rest_route=%2Fwp%2Fv2%2Fproduct_tag&post=102926"}],"curies":[{"name":"wp","href":"https:\/\/api.w.org\/{rel}","templated":true}]}}