{"id":102927,"date":"2026-05-04T08:51:18","date_gmt":"2026-05-04T11:51:18","guid":{"rendered":"https:\/\/www.hediyepazar.com\/?product=turk-uyku-maskesi-goz-uyku-maskesi-2-adet"},"modified":"2026-05-04T08:51:18","modified_gmt":"2026-05-04T11:51:18","slug":"turk-uyku-maskesi-goz-uyku-maskesi-2-adet","status":"publish","type":"product","link":"https:\/\/www.hediyepazar.com\/?product=turk-uyku-maskesi-goz-uyku-maskesi-2-adet","title":{"rendered":"Turk Uyku Maskesi G\u00f6z Uyku Maskesi 2 ADET"},"content":{"rendered":"<p>\n\t<strong>\u00dcr\u00fcn \u00d6zellikleri : <\/strong><\/p>\n<p>\t<strong>Materyal : Kuma\u015f\u00a0<\/strong><\/p>\n<p>\t<strong>Adet \/ Renk \/ Tasar\u0131m : <\/strong> 2 Adet, HSNET Riluxia Design olarak tasarlad\u0131\u011f\u0131m\u0131z, resimde yer alan S\u0130YAH rengi, s\u00fcrpriz ya\u015famaman\u0131z i\u00e7in birebir g\u00f6nderiyoruz<\/p>\n<p>\t<strong>\u00d6l\u00e7\u00fcler : <\/strong> 18.5 X 8.5 CM<\/p>\n<p>\tGEN\u0130\u015e KULLANIM ALANI : Uyku maskesi , \u00dczerine merhem ve losyon s\u00fcrerken g\u00f6zleri kapatan bir maske, kuru havay\u0131 d\u0131\u015far\u0131da tutarken sa\u011fl\u0131kl\u0131 oksijene izin verdi\u011fi i\u00e7in uykusuzluk, mig ren ba\u015f a\u011fr\u0131lar\u0131 ve kuru g\u00f6z hastalar\u0131 i\u00e7in idealdir.<\/p>\n<p>\t\u00d6NE \u00c7IKAN \u00d6ZELL\u0130K : Lastikli arka y\u00fczeyle kolay tak\u0131labilr.<\/p>\n<p>\t\u0130PEKS\u0130 UYKU MASKES\u0130:P\u00fcr\u00fczs\u00fcz, s\u00fcper yumu\u015fak, hafif ve nefes alabilir, bu da size iyi dinlenmenize yard\u0131mc\u0131 olacak tam bir karartma sa\u011flar. Uykunuzu \u0130yile\u015ftirecek, Sizi ve G\u00f6zlerinizi Rahatlatacak \u0130peksi uyku maskesi. Cildi Do\u011fal Olarak Yat\u0131\u015ft\u0131r\u0131r. B\u00f6ylece cildinize zarar vermez.<\/p>\n<p>\tKONFORLU UYKU MASKES\u0130:Kokusuzdur, t\u00fcm Erkekler, Kad\u0131nlar, \u00c7ocuklar ve Seyahat, Vardiyal\u0131 \u00c7al\u0131\u015fma, Meditasyon vb. Ev, seyahat, ofis, arabada dinlenme i\u00e7in uygundur,<\/p>\n<p>\tHER YERDE, HER ZAMAN DER\u0130N UYKU:Bu inan\u0131lmaz derecede hafif, rahat uyku maskesini\/ G\u00d6Z maskesini her yerde &#8211; yatakta, u\u00e7u\u015fta, uzun bir araba yolculu\u011funda, kamp yaparken kesintisiz, derin, dinlendirici bir uykunun tad\u0131n\u0131 \u00e7\u0131kar\u0131n.<\/p>\n<p>\tARTIRILMI\u015e REM UYKUSU:Her gece daha h\u0131zl\u0131, daha derin bir uyku i\u00e7in \u0131\u015f\u0131\u011f\u0131 do\u011fal olarak bloke eden bu G\u00d6Z maskesiyle do\u011fal olarak ruh halinizi, enerji seviyenizi ve bili\u015fsel i\u015flevinizi iyile\u015ftirin ve tam bir gece uykusu \u00e7ekin. S\u00fcrt\u00fcnmeyi en aza indirgemek i\u00e7in \u00f6zel olarak tasarlanm\u0131\u015ft\u0131r. Bu maske, uyurken y\u00fcz\u00fcn\u00fcz\u00fc, g\u00f6z kapaklar\u0131n\u0131z\u0131 ve kirpiklerinizi minimum miktarda s\u0131k\u0131\u015ft\u0131rarak g\u00f6zlerinizi \u0131\u015f\u0131ktan koruyacakt\u0131r.<\/p>\n<p>\n\t<strong>M\u00dcKEMMEL SATI\u015e SONRASI H\u0130ZMET : <\/strong>HSNET \/ HSNET olarak m\u00fc\u015fterilerimize en iyi hizmeti sunmay\u0131 ama\u00e7l\u0131yor, g\u00fcvenle sat\u0131n alabilmeniz i\u00e7in, ambalaj kalitemize g\u00fcveniyor, her \u00fcr\u00fcn sorunsuz teslimat i\u00e7in \u00f6zenle paketliyor ve resimde belirtilen renk, ebat, \u00f6zelikte \u00fcr\u00fcn g\u00f6ndermeyi taahh\u00fct ediyoruz. Hasarl\u0131 \u00fcr\u00fcn ald\u0131ysan\u0131z veya di\u011fer \u00fcr\u00fcn ve paket teslimat sorunlar\u0131 oldu\u011funda bizimle ileti\u015fime ge\u00e7mekten \u00e7ekinmeyin.<\/p>\n<p>\n\t<strong>Detayl\u0131 bilgi i\u00e7in ek resimleri inceleyebilirsiniz<\/strong><\/p>\n<p><\/p>\n<p>\n\t<strong><img decoding=\"async\"  src=\"https:\/\/hepsicdn.com.tr\/static\/product_detail\/hbnet265eb784_4886301.webp\"><\/strong><\/p>\n<p>\n\t\u00a0<\/p>\n","protected":false},"excerpt":{"rendered":"<p>\u00dcr\u00fcn \u00d6zellikleri : Materyal : Kuma\u015f\u00a0 Adet \/ Renk \/ Tasar\u0131m : 2 Adet, HSNET Riluxia Design olarak tasarlad\u0131\u011f\u0131m\u0131z, resimde yer alan S\u0130YAH rengi, s\u00fcrpriz ya\u015famaman\u0131z i\u00e7in birebir g\u00f6nderiyoruz \u00d6l\u00e7\u00fcler : 18.5 X 8.5 CM GEN\u0130\u015e KULLANIM ALANI : Uyku maskesi , \u00dczerine merhem ve losyon s\u00fcrerken g\u00f6zleri kapatan bir maske, kuru havay\u0131 d\u0131\u015far\u0131da tutarken&#8230;<\/p>\n","protected":false},"featured_media":0,"comment_status":"open","ping_status":"closed","template":"","meta":{"_kad_post_transparent":"","_kad_post_title":"","_kad_post_layout":"","_kad_post_sidebar_id":"","_kad_post_content_style":"","_kad_post_vertical_padding":"","_kad_post_feature":"","_kad_post_feature_position":"","_kad_post_header":false,"_kad_post_footer":false,"_kad_post_classname":""},"product_brand":[],"product_cat":[14289],"product_tag":[],"class_list":{"0":"post-102927","1":"product","2":"type-product","3":"status-publish","5":"product_cat-diger-saglik-urunleri-genel-saglik-saglik-supermarket-diger-saglik-urunleri","7":"first","8":"instock","9":"purchasable","10":"product-type-simple","11":"entry","12":"content-bg","13":"loop-entry"},"_links":{"self":[{"href":"https:\/\/www.hediyepazar.com\/index.php?rest_route=\/wp\/v2\/product\/102927","targetHints":{"allow":["GET"]}}],"collection":[{"href":"https:\/\/www.hediyepazar.com\/index.php?rest_route=\/wp\/v2\/product"}],"about":[{"href":"https:\/\/www.hediyepazar.com\/index.php?rest_route=\/wp\/v2\/types\/product"}],"replies":[{"embeddable":true,"href":"https:\/\/www.hediyepazar.com\/index.php?rest_route=%2Fwp%2Fv2%2Fcomments&post=102927"}],"wp:attachment":[{"href":"https:\/\/www.hediyepazar.com\/index.php?rest_route=%2Fwp%2Fv2%2Fmedia&parent=102927"}],"wp:term":[{"taxonomy":"product_brand","embeddable":true,"href":"https:\/\/www.hediyepazar.com\/index.php?rest_route=%2Fwp%2Fv2%2Fproduct_brand&post=102927"},{"taxonomy":"product_cat","embeddable":true,"href":"https:\/\/www.hediyepazar.com\/index.php?rest_route=%2Fwp%2Fv2%2Fproduct_cat&post=102927"},{"taxonomy":"product_tag","embeddable":true,"href":"https:\/\/www.hediyepazar.com\/index.php?rest_route=%2Fwp%2Fv2%2Fproduct_tag&post=102927"}],"curies":[{"name":"wp","href":"https:\/\/api.w.org\/{rel}","templated":true}]}}