{"id":102929,"date":"2026-05-04T08:53:17","date_gmt":"2026-05-04T11:53:17","guid":{"rendered":"https:\/\/www.hediyepazar.com\/?product=turk-cimbiz-titanyum-celik-solingen-professional"},"modified":"2026-05-04T08:53:17","modified_gmt":"2026-05-04T11:53:17","slug":"turk-cimbiz-titanyum-celik-solingen-professional","status":"publish","type":"product","link":"https:\/\/www.hediyepazar.com\/?product=turk-cimbiz-titanyum-celik-solingen-professional","title":{"rendered":"Turk C\u0131mb\u0131z Titanyum \u00c7elik Solingen Professional"},"content":{"rendered":"<p>\n\t<strong>\u00dcr\u00fcn \u00d6zellikleri : <\/strong><\/p>\n<p>\t<strong>Materyal :\u00a0<\/strong>titanyum\u00a0<strong>Paslanmaz \u00c7elik\u00a0<\/strong><\/p>\n<p>\t<strong>Adet \/ Renk \/ Tasar\u0131m : <\/strong> 1 Adet, HSNET Solingen Professional olarak tasarlad\u0131\u011f\u0131m\u0131z, resimde yer alan rengi, s\u00fcrpriz ya\u015famaman\u0131z i\u00e7in birebir g\u00f6nderiyoruz<\/p>\n<p>\tSolingen Professional Titanium\u00a0T\u00fcy Alma C\u0131mb\u0131zlar\u0131, paslanmay\u0131 \u00f6nlemek i\u00e7in titanyum paslanmaz \u00e7elikten \u00fcretilmi\u015ftir.<\/p>\n<p>\n\tElle dosyalanm\u0131\u015f u\u00e7lar, y\u00fcz ve v\u00fccuttaki istenmeyen t\u00fcyleri h\u0131zla giderir.<br \/>\n\t\u0130yi hizalanm\u0131\u015f u\u00e7lar sayesinde, kaymadan, kesmeden veya k\u0131r\u0131lmadan k\u0131sa veya ince t\u00fcyleri kavrar ve \u00e7\u0131kar\u0131r.<\/p>\n<p>\tRAHAT TUTMA :<br \/>\n\tE\u011fimli c\u0131mb\u0131zlar\u0131m\u0131z, geni\u015f g\u00f6vde tasar\u0131m\u0131 ve yast\u0131kl\u0131 kesici u\u00e7lar\u0131 sayesinde kullan\u0131c\u0131lar i\u00e7in rahat ve g\u00fcvenli bir tutu\u015f sa\u011flar.<br \/>\n\tE\u011fer c\u0131mb\u0131z yaparken ince, dayan\u0131ks\u0131z c\u0131mb\u0131zlarla m\u00fccadele ediyorsan\u0131z, bu c\u0131mb\u0131zlar\u0131n sa\u011flam, kaymaz hissini takdir edeceksiniz.<\/p>\n<p>\tERGONOM\u0130K TASARIM:<br \/>\n\tM\u00fckemmel ve ergonomik olarak tasarlanm\u0131\u015f bir kavrama ile bu profesyonel c\u0131mb\u0131zlar, daha uzun s\u00fcre kullan\u0131mda el veya parmak kramplar\u0131n\u0131 \u00f6nler.<br \/>\n\tE\u011fimli u\u00e7lu c\u0131mb\u0131zlar\u0131m\u0131z son derece sa\u011flam, keskin ve dayan\u0131kl\u0131d\u0131r.<br \/>\n\tG\u00fc\u00e7l\u00fc paslanmaz \u00e7elik u\u00e7lar\u0131 temizlemesi ve yeniden kullanmas\u0131 olduk\u00e7a kolayd\u0131r.<\/p>\n<p>\t\u00c7OK Y\u00d6NL\u00dc:<br \/>\n\tM\u00fckemmel \u015fekilde hizalanm\u0131\u015f, elle e\u011filmi\u015f u\u00e7lar, k\u00f6kten t\u00fcyleri \u00e7\u0131karmak i\u00e7in e\u015fit ve s\u0131k\u0131ca kapan\u0131r.<br \/>\n\t\u00c7ok ama\u00e7l\u0131 c\u0131mb\u0131z; i\u00e7 i\u00e7e ge\u00e7mi\u015f t\u00fcyler, ka\u015flar ve di\u011fer y\u00fcz epilasyonlar\u0131 i\u00e7in idealdir.<br \/>\n\tAyr\u0131ca, k\u0131ym\u0131k ve cam \u00e7\u0131karmak i\u00e7in de kullan\u0131labilir.<br \/>\n\tE\u011fimli u\u00e7, ka\u015flar\u0131 \u015fekillendirmek ve genel c\u0131mb\u0131z i\u015flemleri i\u00e7in m\u00fckemmeldir.<\/p>\n<p>\tMEMNUN\u0130YET GARANT\u0130S\u0130:<br \/>\n\t\u00a0<br \/>\n\tEn be\u011fenilen c\u0131mb\u0131zlar\u0131m\u0131z, titizlikle el yap\u0131m\u0131, keskinle\u015ftirilmi\u015f ve kolay kavranabilir \u015fekilde tasarlanm\u0131\u015ft\u0131r.<br \/>\n\tC\u0131mb\u0131zlar\u0131m\u0131z, herhangi bir malzeme veya i\u015f\u00e7ilik kusurundan ar\u0131nd\u0131r\u0131lm\u0131\u015f olup, size \u00f6m\u00fcr boyu kusursuz bir \u015fekilde hizmet edecek bir alet sunma taahh\u00fcd\u00fc vermektedir.<\/p>\n<p>\n\t<strong>M\u00dcKEMMEL SATI\u015e SONRASI H\u0130ZMET : <\/strong>HSNET \/ HSNET olarak m\u00fc\u015fterilerimize en iyi hizmeti sunmay\u0131 ama\u00e7l\u0131yor, g\u00fcvenle sat\u0131n alabilmeniz i\u00e7in, ambalaj kalitemize g\u00fcveniyor, her \u00fcr\u00fcn sorunsuz teslimat i\u00e7in \u00f6zenle paketliyor ve resimde belirtilen renk, ebat, \u00f6zelikte \u00fcr\u00fcn g\u00f6ndermeyi taahh\u00fct ediyoruz. Hasarl\u0131 \u00fcr\u00fcn ald\u0131ysan\u0131z veya di\u011fer \u00fcr\u00fcn ve paket teslimat sorunlar\u0131 oldu\u011funda bizimle ileti\u015fime ge\u00e7mekten \u00e7ekinmeyin.<\/p>\n<p>\n\t\u00a0<\/p>\n<p>\n\t<strong>Detayl\u0131 bilgi i\u00e7in ek resimleri inceleyebilirsiniz<\/strong><\/p>\n<p><\/p>\n<p>\n\t<strong><img decoding=\"async\"  src=\"https:\/\/hepsicdn.com.tr\/static\/product_detail\/hbnetdeec9fb7_4887101.webp\"><\/strong><\/p>\n<p>\n\t\u00a0<\/p>\n","protected":false},"excerpt":{"rendered":"<p>\u00dcr\u00fcn \u00d6zellikleri : Materyal :\u00a0titanyum\u00a0Paslanmaz \u00c7elik\u00a0 Adet \/ Renk \/ Tasar\u0131m : 1 Adet, HSNET Solingen Professional olarak tasarlad\u0131\u011f\u0131m\u0131z, resimde yer alan rengi, s\u00fcrpriz ya\u015famaman\u0131z i\u00e7in birebir g\u00f6nderiyoruz Solingen Professional Titanium\u00a0T\u00fcy Alma C\u0131mb\u0131zlar\u0131, paslanmay\u0131 \u00f6nlemek i\u00e7in titanyum paslanmaz \u00e7elikten \u00fcretilmi\u015ftir. Elle dosyalanm\u0131\u015f u\u00e7lar, y\u00fcz ve v\u00fccuttaki istenmeyen t\u00fcyleri h\u0131zla giderir. \u0130yi hizalanm\u0131\u015f u\u00e7lar sayesinde, kaymadan,&#8230;<\/p>\n","protected":false},"featured_media":0,"comment_status":"open","ping_status":"closed","template":"","meta":{"_kad_post_transparent":"","_kad_post_title":"","_kad_post_layout":"","_kad_post_sidebar_id":"","_kad_post_content_style":"","_kad_post_vertical_padding":"","_kad_post_feature":"","_kad_post_feature_position":"","_kad_post_header":false,"_kad_post_footer":false,"_kad_post_classname":""},"product_brand":[],"product_cat":[14277],"product_tag":[],"class_list":{"0":"post-102929","1":"product","2":"type-product","3":"status-publish","5":"product_cat-cimbiz-epilasyon-tiras-kozmetik-cimbiz-epilasyon-tiras-kozmetik","7":"first","8":"instock","9":"purchasable","10":"product-type-simple","11":"entry","12":"content-bg","13":"loop-entry"},"_links":{"self":[{"href":"https:\/\/www.hediyepazar.com\/index.php?rest_route=\/wp\/v2\/product\/102929","targetHints":{"allow":["GET"]}}],"collection":[{"href":"https:\/\/www.hediyepazar.com\/index.php?rest_route=\/wp\/v2\/product"}],"about":[{"href":"https:\/\/www.hediyepazar.com\/index.php?rest_route=\/wp\/v2\/types\/product"}],"replies":[{"embeddable":true,"href":"https:\/\/www.hediyepazar.com\/index.php?rest_route=%2Fwp%2Fv2%2Fcomments&post=102929"}],"wp:attachment":[{"href":"https:\/\/www.hediyepazar.com\/index.php?rest_route=%2Fwp%2Fv2%2Fmedia&parent=102929"}],"wp:term":[{"taxonomy":"product_brand","embeddable":true,"href":"https:\/\/www.hediyepazar.com\/index.php?rest_route=%2Fwp%2Fv2%2Fproduct_brand&post=102929"},{"taxonomy":"product_cat","embeddable":true,"href":"https:\/\/www.hediyepazar.com\/index.php?rest_route=%2Fwp%2Fv2%2Fproduct_cat&post=102929"},{"taxonomy":"product_tag","embeddable":true,"href":"https:\/\/www.hediyepazar.com\/index.php?rest_route=%2Fwp%2Fv2%2Fproduct_tag&post=102929"}],"curies":[{"name":"wp","href":"https:\/\/api.w.org\/{rel}","templated":true}]}}