{"id":102932,"date":"2026-05-04T08:57:17","date_gmt":"2026-05-04T11:57:17","guid":{"rendered":"https:\/\/www.hediyepazar.com\/?product=turk-celik-lavabo-suzgeci-2-adet"},"modified":"2026-05-04T08:57:17","modified_gmt":"2026-05-04T11:57:17","slug":"turk-celik-lavabo-suzgeci-2-adet","status":"publish","type":"product","link":"https:\/\/www.hediyepazar.com\/?product=turk-celik-lavabo-suzgeci-2-adet","title":{"rendered":"Turk \u00c7elik Lavabo S\u00fczgeci 2 ADET"},"content":{"rendered":"<p>\n\t<strong>\u00dcr\u00fcn \u00d6zellikleri : <\/strong><\/p>\n<p>\t<strong>Materyal : <\/strong>Paslanmaz \u00c7elik<\/p>\n<p>\t<strong>Adet \/ Renk \/ Tasar\u0131m : 2\u00a0<\/strong>Adet, HSNET Design olarak tasarlad\u0131\u011f\u0131m\u0131z, resimde yer alan KROM rengi, s\u00fcrpriz ya\u015famamamn\u0131z i\u00e7in birebir g\u00f6nderiyoruz<\/p>\n<p>\t<strong>\u00d6l\u00e7\u00fcler : <\/strong>\u00c7ap : 7,1 cm &#8211; i\u00e7 \u00e7ukur b\u00f6l\u00fcm \u00e7ap\u0131 3,3 cm &#8211; ,( T\u00fcrkiye standartlar\u0131nda %95 oran\u0131nda kullan\u0131lan lavabo deliklerine uyar.)<\/p>\n<p>\n\t<br \/>\n\t<strong>GEN\u0130\u015e KULLANIM ALANI : Mutfak lavabosu, banyo, \u00e7ama\u015f\u0131r odas\u0131, balkon lavabosu, evcil hayvan d\u00fckkan\u0131, berber d\u00fckkan\u0131, g\u00fczellik salonu vb.<\/strong><\/p>\n<p>\n\t<strong>KAL\u0130TEL\u0130 YAPI :<\/strong> Kal\u0131nla\u015ft\u0131r\u0131lm\u0131\u015f paslanmaz \u00e7elikten yap\u0131lm\u0131\u015ft\u0131r.G\u00fcvenilir yap\u0131, paslanmaz, uzun s\u00fcreli kullan\u0131m, t\u0131kanma yok. Sa\u011flam yap\u0131s\u0131, g\u00fc\u00e7l\u00fc su bas\u0131nc\u0131 alt\u0131nda bile dayan\u0131kl\u0131 ve deforme olmamas\u0131n\u0131 sa\u011flar.<\/p>\n<p>\t<strong>DEL\u0130K TASARIMI :<\/strong> Lavaboyu t\u0131kamayacak ve temizli\u011fi zorla\u015ft\u0131ran k\u00fc\u00e7\u00fck par\u00e7ac\u0131klar\u0131 etkili bir \u015fekilde tutar ve bar\u0131nd\u0131rabilir.<\/p>\n<p>\t<strong>KULLANICI DOSTU TASARLANMI\u015eTIR: <\/strong>Keskin kenarlar yoktur, bu nedenle lavabonuzu ve ellerinizi \u00e7izmez veya zarar vermez.<\/p>\n<p>\t<strong>\u00c7OK EVYE S\u00dcZGEC\u0130S\u0130 \u0130\u00c7\u0130N UYUMLU:<\/strong> T\u00fcrkiye standartlar\u0131nda %95 oran\u0131nda kullan\u0131lan lavabo deliklerine uyar. Bu \u00fcr\u00fcn standart lavabo s\u00fczgecine ek olarak ya da hi\u00e7 s\u00fczge\u00e7 yoksa, daha hassas kir tutmas\u0131 i\u00e7in tasarlanm\u0131\u015ft\u0131r.<br \/>\n\t\u00a0<\/p>\n<p>\n\t<strong>M\u00dcKEMMEL SATI\u015e SONRASI H\u0130ZMET : <\/strong>HSNET \/ HSNET olarak m\u00fc\u015fterilerimize en iyi hizmeti sunmay\u0131 ama\u00e7l\u0131yor, g\u00fcvenle sat\u0131n alabilmeniz i\u00e7in, ambalaj kalitemize g\u00fcveniyor, her \u00fcr\u00fcn sorunsuz teslimat i\u00e7in \u00f6zenle paketliyor ve resimde belirtilen renk, ebat, \u00f6zelikte \u00fcr\u00fcn g\u00f6ndermeyi taahh\u00fct ediyoruz. Hasarl\u0131 \u00fcr\u00fcn ald\u0131ysan\u0131z veya di\u011fer \u00fcr\u00fcn ve paket teslimat sorunlar\u0131 oldu\u011funda bizimle ileti\u015fime ge\u00e7mekten \u00e7ekinmeyin.<\/p>\n<p>\n\t<br \/>\n\t<img decoding=\"async\"  src=\"https:\/\/hepsicdn.com.tr\/static\/product_detail\/hbnetf5ab35d1_4887701.jpg\"><\/p>\n","protected":false},"excerpt":{"rendered":"<p>\u00dcr\u00fcn \u00d6zellikleri : Materyal : Paslanmaz \u00c7elik Adet \/ Renk \/ Tasar\u0131m : 2\u00a0Adet, HSNET Design olarak tasarlad\u0131\u011f\u0131m\u0131z, resimde yer alan KROM rengi, s\u00fcrpriz ya\u015famamamn\u0131z i\u00e7in birebir g\u00f6nderiyoruz \u00d6l\u00e7\u00fcler : \u00c7ap : 7,1 cm &#8211; i\u00e7 \u00e7ukur b\u00f6l\u00fcm \u00e7ap\u0131 3,3 cm &#8211; ,( T\u00fcrkiye standartlar\u0131nda %95 oran\u0131nda kullan\u0131lan lavabo deliklerine uyar.) GEN\u0130\u015e KULLANIM ALANI :&#8230;<\/p>\n","protected":false},"featured_media":0,"comment_status":"open","ping_status":"closed","template":"","meta":{"_kad_post_transparent":"","_kad_post_title":"","_kad_post_layout":"","_kad_post_sidebar_id":"","_kad_post_content_style":"","_kad_post_vertical_padding":"","_kad_post_feature":"","_kad_post_feature_position":"","_kad_post_header":false,"_kad_post_footer":false,"_kad_post_classname":""},"product_brand":[],"product_cat":[14212],"product_tag":[],"class_list":{"0":"post-102932","1":"product","2":"type-product","3":"status-publish","5":"product_cat-lavabo-acici-ve-tikaclar-sofra-sofra-mutfak-ev-yasam-lavabo-acici-ve-tikaclar","7":"first","8":"instock","9":"purchasable","10":"product-type-simple","11":"entry","12":"content-bg","13":"loop-entry"},"_links":{"self":[{"href":"https:\/\/www.hediyepazar.com\/index.php?rest_route=\/wp\/v2\/product\/102932","targetHints":{"allow":["GET"]}}],"collection":[{"href":"https:\/\/www.hediyepazar.com\/index.php?rest_route=\/wp\/v2\/product"}],"about":[{"href":"https:\/\/www.hediyepazar.com\/index.php?rest_route=\/wp\/v2\/types\/product"}],"replies":[{"embeddable":true,"href":"https:\/\/www.hediyepazar.com\/index.php?rest_route=%2Fwp%2Fv2%2Fcomments&post=102932"}],"wp:attachment":[{"href":"https:\/\/www.hediyepazar.com\/index.php?rest_route=%2Fwp%2Fv2%2Fmedia&parent=102932"}],"wp:term":[{"taxonomy":"product_brand","embeddable":true,"href":"https:\/\/www.hediyepazar.com\/index.php?rest_route=%2Fwp%2Fv2%2Fproduct_brand&post=102932"},{"taxonomy":"product_cat","embeddable":true,"href":"https:\/\/www.hediyepazar.com\/index.php?rest_route=%2Fwp%2Fv2%2Fproduct_cat&post=102932"},{"taxonomy":"product_tag","embeddable":true,"href":"https:\/\/www.hediyepazar.com\/index.php?rest_route=%2Fwp%2Fv2%2Fproduct_tag&post=102932"}],"curies":[{"name":"wp","href":"https:\/\/api.w.org\/{rel}","templated":true}]}}