{"id":102935,"date":"2026-05-04T08:58:58","date_gmt":"2026-05-04T11:58:58","guid":{"rendered":"https:\/\/www.hediyepazar.com\/?product=turk-seker-masasi-paslanmaz-celik-4-adet"},"modified":"2026-05-04T08:58:58","modified_gmt":"2026-05-04T11:58:58","slug":"turk-seker-masasi-paslanmaz-celik-4-adet","status":"publish","type":"product","link":"https:\/\/www.hediyepazar.com\/?product=turk-seker-masasi-paslanmaz-celik-4-adet","title":{"rendered":"Turk \u015eeker Ma\u015fas\u0131 Paslanmaz \u00c7elik 4 ADET"},"content":{"rendered":"<p>\n\t<strong>\u00dcr\u00fcn \u00d6zellikleri : <\/strong><\/p>\n<p>\t<strong>Materyal : \u00c7elik\u00a0<\/strong><\/p>\n<p>\t<strong>Adet \/ Renk \/ Tasar\u0131m : 4\u00a0<\/strong>Adet, HSNET Zazzeri Design olarak tasarlad\u0131\u011f\u0131m\u0131z, resimde yer alan rengi, s\u00fcrpriz ya\u015famaman\u0131z i\u00e7in birebir g\u00f6nderiyoruz<\/p>\n<p>\t<strong>\u00d6l\u00e7\u00fcler : <\/strong>U 12 CM X G 2 cm<\/p>\n<p>\n\t<strong style=\"color: rgb(0, 128, 0);\">GEN\u0130\u015e KULLANIM ALANI : <\/strong><strong style=\"color: rgb(0, 128, 0);\">Yemek Servis Ma\u015fas\u0131 : \u015eeker, buz k\u00fcpleri, \u00e7ay po\u015fetleri, ekmek, kurabiye, meyve, salata, barbek\u00fc, sosis, limon dilimleri, rendelenmi\u015f peynirler ve \u00e7ok daha fazlas\u0131 gibi baz\u0131 k\u00fc\u00e7\u00fck \u015feyleri yakalaman\u0131z i\u00e7in iyi bir ara\u00e7<\/strong><\/p>\n<p>\n\t\u00a0<\/p>\n<p>\n\t<strong>\u00d6NE \u00c7IKAN \u00d6ZELL\u0130K : <\/strong>Mini evinizde de\u011fil ! S\u00fcpermarket, b\u00fcfeler, bah\u00e7e, kahve, do\u011fum g\u00fcn\u00fc partisi, d\u00fc\u011f\u00fcn, bar, Barbek\u00fc, restoran, mutfak, yemek pi\u015firme, kokteyl partisi, Bakkal, vb. her durum i\u00e7in uygundur<strong> <\/strong><\/p>\n<p>\n\tKenarlar\u0131 sivri de\u011fildir, paslanma ve kararma konusunda endi\u015felenmeyin, uzun s\u00fcre uygulanabilir.<\/p>\n<p>\n\tSap esnektir, istedi\u011finiz \u015feyleri almak i\u00e7in geni\u015fli\u011fi kolayca ayarlayabilirsiniz.<br \/>\n\tMini boyutu ve hafifli\u011fi ile servis malzemesi, \u00f6zellikle \u00e7antan\u0131zda ta\u015f\u0131mak i\u00e7in a\u00e7\u0131k hava etkinlikleri i\u00e7in m\u00fckemmeldir.<br \/>\n\t<strong>Daha G\u00fcvenli ve Sa\u011fl\u0131kl\u0131 : <\/strong>P\u00fcr\u00fczs\u00fcz y\u00fczey, \u00e7apak yok, sizi rahat ettirebilir ve daha ak\u0131c\u0131, profesyonel di\u015f kenarlar\u0131, g\u0131da maddelerini daha iyi kavraman\u0131z\u0131 sa\u011flar, ellerinizle do\u011frudan g\u0131da temas\u0131ndan ka\u00e7\u0131n\u0131n.<\/p>\n<p>\n\t<strong>Pratik Tasar\u0131m :<\/strong> U-\u015fekilli tasar\u0131m size inan\u0131lmaz kontrol sa\u011flar, geni\u015fli\u011fi almak istedi\u011finiz yiyece\u011fin boyutuna g\u00f6re serbest\u00e7e ayarlayabilirsiniz.<\/p>\n<p>\n\t\u015eeker, buz k\u00fcpleri, \u00e7ay po\u015fetleri, ekmek, kurabiye, meyve, salata, barbek\u00fc, sosis, limon dilimleri, rendelenmi\u015f peynirler ve \u00e7ok daha fazlas\u0131 gibi baz\u0131 k\u00fc\u00e7\u00fck \u015feyleri yakalaman\u0131z i\u00e7in iyi bir ara\u00e7<\/p>\n<p>\n\t<strong>\u00c7oklu Uygulama :<\/strong> S\u00fcpermarket, b\u00fcfeler, bah\u00e7e, kahve, do\u011fum g\u00fcn\u00fc partisi, d\u00fc\u011f\u00fcn, bar, Barbek\u00fc, restoran, mutfak, yemek pi\u015firme, kokteyl partisi, Bakkal, vb. her durum i\u00e7in uygundur<\/p>\n<p>\n\t<strong>M\u00dcKEMMEL SATI\u015e SONRASI H\u0130ZMET : <\/strong>HSNET \/ HSNET olarak m\u00fc\u015fterilerimize en iyi hizmeti sunmay\u0131 ama\u00e7l\u0131yor, g\u00fcvenle sat\u0131n alabilmeniz i\u00e7in, ambalaj kalitemize g\u00fcveniyor, her \u00fcr\u00fcn sorunsuz teslimat i\u00e7in \u00f6zenle paketliyor ve resimde belirtilen renk, ebat, \u00f6zelikte \u00fcr\u00fcn g\u00f6ndermeyi taahh\u00fct ediyoruz. Hasarl\u0131 \u00fcr\u00fcn ald\u0131ysan\u0131z veya di\u011fer \u00fcr\u00fcn ve paket teslimat sorunlar\u0131 oldu\u011funda bizimle ileti\u015fime ge\u00e7mekten \u00e7ekinmeyin.<\/p>\n","protected":false},"excerpt":{"rendered":"<p>\u00dcr\u00fcn \u00d6zellikleri : Materyal : \u00c7elik\u00a0 Adet \/ Renk \/ Tasar\u0131m : 4\u00a0Adet, HSNET Zazzeri Design olarak tasarlad\u0131\u011f\u0131m\u0131z, resimde yer alan rengi, s\u00fcrpriz ya\u015famaman\u0131z i\u00e7in birebir g\u00f6nderiyoruz \u00d6l\u00e7\u00fcler : U 12 CM X G 2 cm GEN\u0130\u015e KULLANIM ALANI : Yemek Servis Ma\u015fas\u0131 : \u015eeker, buz k\u00fcpleri, \u00e7ay po\u015fetleri, ekmek, kurabiye, meyve, salata, barbek\u00fc, sosis,&#8230;<\/p>\n","protected":false},"featured_media":102934,"comment_status":"open","ping_status":"closed","template":"","meta":{"_kad_post_transparent":"","_kad_post_title":"","_kad_post_layout":"","_kad_post_sidebar_id":"","_kad_post_content_style":"","_kad_post_vertical_padding":"","_kad_post_feature":"","_kad_post_feature_position":"","_kad_post_header":false,"_kad_post_footer":false,"_kad_post_classname":""},"product_brand":[],"product_cat":[14282],"product_tag":[],"class_list":{"0":"post-102935","1":"product","2":"type-product","3":"status-publish","4":"has-post-thumbnail","6":"product_cat-pratik-mutfak-gerecleri-yemek-hazirlik-sofra-mutfak-ev-yasam-pratik-mutfak-gerecleri","8":"first","9":"instock","10":"purchasable","11":"product-type-simple","12":"entry","13":"content-bg","14":"loop-entry"},"_links":{"self":[{"href":"https:\/\/www.hediyepazar.com\/index.php?rest_route=\/wp\/v2\/product\/102935","targetHints":{"allow":["GET"]}}],"collection":[{"href":"https:\/\/www.hediyepazar.com\/index.php?rest_route=\/wp\/v2\/product"}],"about":[{"href":"https:\/\/www.hediyepazar.com\/index.php?rest_route=\/wp\/v2\/types\/product"}],"replies":[{"embeddable":true,"href":"https:\/\/www.hediyepazar.com\/index.php?rest_route=%2Fwp%2Fv2%2Fcomments&post=102935"}],"wp:featuredmedia":[{"embeddable":true,"href":"https:\/\/www.hediyepazar.com\/index.php?rest_route=\/wp\/v2\/media\/102934"}],"wp:attachment":[{"href":"https:\/\/www.hediyepazar.com\/index.php?rest_route=%2Fwp%2Fv2%2Fmedia&parent=102935"}],"wp:term":[{"taxonomy":"product_brand","embeddable":true,"href":"https:\/\/www.hediyepazar.com\/index.php?rest_route=%2Fwp%2Fv2%2Fproduct_brand&post=102935"},{"taxonomy":"product_cat","embeddable":true,"href":"https:\/\/www.hediyepazar.com\/index.php?rest_route=%2Fwp%2Fv2%2Fproduct_cat&post=102935"},{"taxonomy":"product_tag","embeddable":true,"href":"https:\/\/www.hediyepazar.com\/index.php?rest_route=%2Fwp%2Fv2%2Fproduct_tag&post=102935"}],"curies":[{"name":"wp","href":"https:\/\/api.w.org\/{rel}","templated":true}]}}