{"id":102937,"date":"2026-05-04T09:00:19","date_gmt":"2026-05-04T12:00:19","guid":{"rendered":"https:\/\/www.hediyepazar.com\/?product=turk-bigudi-lastigi-perma-lastikleri-36-adet"},"modified":"2026-05-04T09:00:19","modified_gmt":"2026-05-04T12:00:19","slug":"turk-bigudi-lastigi-perma-lastikleri-36-adet","status":"publish","type":"product","link":"https:\/\/www.hediyepazar.com\/?product=turk-bigudi-lastigi-perma-lastikleri-36-adet","title":{"rendered":"Turk Bigudi Lasti\u011fi Perma Lastikleri 36 ADET"},"content":{"rendered":"<p>\n\t<strong>\u00dcr\u00fcn \u00d6zellikleri : <\/strong><\/p>\n<p>\n\t<strong>Renk : Resimdeki \u015eEFFAF Renk\/tasar\u0131m birebir g\u00f6nderilir ve s\u00fcrpriz ya\u015famazs\u0131n\u0131z.\u00a0<\/strong><\/p>\n<p>\n\t<strong>Materyal :\u00a0 Ku\u00e7uk silikon<\/strong><\/p>\n<p>\n\t<strong>Adet : 36 adet( bigudiler \u00f6rnektir ve dahil de\u011fildir.)<\/strong><\/p>\n<p>\n\t<strong>\u00d6l\u00e7\u00fcler : 8,5 cm <\/strong><\/p>\n<p>\n\t<strong>KONVEKS TASARIM:<\/strong> Bu ka\u00e7uk lastiklerin kullan\u0131m\u0131 sa\u00e7\u0131n\u0131za herhangi bir zarar vermez. Hafiftir ve bir\u00e7ok kez kullan\u0131labilir. Herhangi bir zarar veya sa\u011fl\u0131k tehlikesi olmadan g\u00fczel k\u0131v\u0131rc\u0131k ve dalgal\u0131 sa\u00e7lar yapmak art\u0131k m\u00fcmk\u00fcn<\/p>\n<p>\n\t<strong>PROFESYONEL DAYANIKLI MALZEME: <\/strong>M\u00fckemmel kalite ve performansa sahip esnek-kau\u00e7uk, Big\u00fcdiye ve sa\u00e7\u0131n\u0131za zarar vermeyen, kullan\u0131m\u0131 g\u00fcvenli ve g\u00fczel dalgal\u0131 sa\u00e7lar olu\u015fturmaya yard\u0131mc\u0131 olan y\u00fcksek s\u0131cakl\u0131\u011fa dayan\u0131kl\u0131 malzemesi ile \u00fcretilmi\u015ftir. Hem kuru hem de \u0131slak sa\u00e7larda iyi \u00e7al\u0131\u015f\u0131r. Salon sa\u00e7\u0131 veya ev kullan\u0131m\u0131 i\u00e7in uygundur.<\/p>\n<p>\n\t<strong>Ekran fark\u0131 nedeniyle, renk tonlar\u0131 %0,5 oran\u0131nda fark, Manuel \u00f6l\u00e7\u00fcm nedeniyle Milimetre fark olabilir. anlay\u0131\u015f g\u00f6stermenizi rica ederiz. <\/strong><\/p>\n<p>\n\tDETAYLI B\u0130LG\u0130 \u0130\u00c7\u0130N EK RES\u0130MLER\u0130 \u0130NCELEYEB\u0130L\u0130RS\u0130N\u0130Z.<br \/>\n\t<img decoding=\"async\"  src=\"https:\/\/hepsicdn.com.tr\/static\/product_detail\/hbnetf800e0dc_4888201.jpg\"><\/p>\n","protected":false},"excerpt":{"rendered":"<p>\u00dcr\u00fcn \u00d6zellikleri : Renk : Resimdeki \u015eEFFAF Renk\/tasar\u0131m birebir g\u00f6nderilir ve s\u00fcrpriz ya\u015famazs\u0131n\u0131z.\u00a0 Materyal :\u00a0 Ku\u00e7uk silikon Adet : 36 adet( bigudiler \u00f6rnektir ve dahil de\u011fildir.) \u00d6l\u00e7\u00fcler : 8,5 cm KONVEKS TASARIM: Bu ka\u00e7uk lastiklerin kullan\u0131m\u0131 sa\u00e7\u0131n\u0131za herhangi bir zarar vermez. Hafiftir ve bir\u00e7ok kez kullan\u0131labilir. Herhangi bir zarar veya sa\u011fl\u0131k tehlikesi olmadan g\u00fczel k\u0131v\u0131rc\u0131k&#8230;<\/p>\n","protected":false},"featured_media":0,"comment_status":"open","ping_status":"closed","template":"","meta":{"_kad_post_transparent":"","_kad_post_title":"","_kad_post_layout":"","_kad_post_sidebar_id":"","_kad_post_content_style":"","_kad_post_vertical_padding":"","_kad_post_feature":"","_kad_post_feature_position":"","_kad_post_header":false,"_kad_post_footer":false,"_kad_post_classname":""},"product_brand":[],"product_cat":[14264],"product_tag":[],"class_list":{"0":"post-102937","1":"product","2":"type-product","3":"status-publish","5":"product_cat-rofle-perma-bigudi-kuafor-urunleri-erkek-kuafor-rofle-perma-bigudi","7":"first","8":"instock","9":"purchasable","10":"product-type-simple","11":"entry","12":"content-bg","13":"loop-entry"},"_links":{"self":[{"href":"https:\/\/www.hediyepazar.com\/index.php?rest_route=\/wp\/v2\/product\/102937","targetHints":{"allow":["GET"]}}],"collection":[{"href":"https:\/\/www.hediyepazar.com\/index.php?rest_route=\/wp\/v2\/product"}],"about":[{"href":"https:\/\/www.hediyepazar.com\/index.php?rest_route=\/wp\/v2\/types\/product"}],"replies":[{"embeddable":true,"href":"https:\/\/www.hediyepazar.com\/index.php?rest_route=%2Fwp%2Fv2%2Fcomments&post=102937"}],"wp:attachment":[{"href":"https:\/\/www.hediyepazar.com\/index.php?rest_route=%2Fwp%2Fv2%2Fmedia&parent=102937"}],"wp:term":[{"taxonomy":"product_brand","embeddable":true,"href":"https:\/\/www.hediyepazar.com\/index.php?rest_route=%2Fwp%2Fv2%2Fproduct_brand&post=102937"},{"taxonomy":"product_cat","embeddable":true,"href":"https:\/\/www.hediyepazar.com\/index.php?rest_route=%2Fwp%2Fv2%2Fproduct_cat&post=102937"},{"taxonomy":"product_tag","embeddable":true,"href":"https:\/\/www.hediyepazar.com\/index.php?rest_route=%2Fwp%2Fv2%2Fproduct_tag&post=102937"}],"curies":[{"name":"wp","href":"https:\/\/api.w.org\/{rel}","templated":true}]}}