{"id":102938,"date":"2026-05-04T09:01:18","date_gmt":"2026-05-04T12:01:18","guid":{"rendered":"https:\/\/www.hediyepazar.com\/?product=turk-fon-fircasi-fon-ve-tarama-fircasi-bristol"},"modified":"2026-05-04T09:01:18","modified_gmt":"2026-05-04T12:01:18","slug":"turk-fon-fircasi-fon-ve-tarama-fircasi-bristol","status":"publish","type":"product","link":"https:\/\/www.hediyepazar.com\/?product=turk-fon-fircasi-fon-ve-tarama-fircasi-bristol","title":{"rendered":"Turk F\u00f6n F\u0131r\u00e7as\u0131 F\u00f6n Ve Tarama F\u0131r\u00e7as\u0131 Bristol"},"content":{"rendered":"<p>\tRenk : Resimdeki Renk-\u00f6rnektir, renkler k\u0131rm\u0131z\u0131 bej, pembe olarak de\u011fi\u015febilr\u00a0\u00a0<\/p>\n<p>\tMateryal : Termoplastik sap, Y\u00dcKSEK \u0131s\u0131ya dayan\u0131kl\u0131 esnek plastik k\u0131llar\u00a0<\/p>\n<p>\t\u00d6l\u00e7\u00fcler : 21 cm x 5 cm geni\u015flik &#8211; F\u0131r\u00e7a derinli\u011fi 0.6 mm Ekran yan\u0131lmalar\u0131na kar\u015f\u0131 l\u00fctfen \u00f6l\u00e7\u00fcleri kar\u015f\u0131la\u015ft\u0131r\u0131n. Manuel \u00f6l\u00e7\u00fcm nedeniyle MM fark olabilir. L\u00fctfen anlay\u0131\u015f g\u00f6sterin<\/p>\n<p>\tCinsiyet : Unisex<\/p>\n<p>\tGEN\u0130\u015e KULLANIM ALANI : Bu do\u011fal f\u0131r\u00e7a, uzun veya k\u0131sa, \u0131slak veya kuru, kal\u0131n veya ince, d\u00fcz veya k\u0131v\u0131rc\u0131k i\u00e7in uygundur. Erkekler, kad\u0131nlar ve \u00e7ocuklar i\u00e7in \u00e7al\u0131\u015f\u0131r.<\/p>\n<p>\t\u00d6NE \u00c7IKAN \u00d6ZELL\u0130K : SA\u00c7 DER\u0130N\u0130ZE MASAJ YAPIN : Sa\u00e7 derinize g\u00fcvenli bir \u015fekilde masaj yapabilir ve sa\u00e7 derinizi canland\u0131rabilir, \u00f6l\u00fc deri h\u00fccrelerini temizleyebilir, stresi azaltabilir ve kaslar\u0131 gev\u015fetebilir, kan ak\u0131\u015f\u0131n\u0131 te\u015fvik edebilir, sa\u00e7 d\u00f6k\u00fclmesini dindirebilir, kafa derisi sa\u011fl\u0131\u011f\u0131n\u0131 ve sa\u00e7 b\u00fcy\u00fcmesini te\u015fvik ederek kendinizi rahat ve rahat hissetmenizi sa\u011flar.<\/p>\n<p>\t<strong>T\u00dcM AMA\u00c7LAR \u0130\u00c7\u0130N TEK SA\u00c7 FIR\u00c7ASI: <\/strong>Kal\u0131n termoplastik sap h\u0131zl\u0131 ve kolay \u015fekillendirmeyi destekler. Islak sa\u00e7lar\u0131, kuru sa\u00e7lar\u0131 \u015fekillendirmek i\u00e7in tasarlanm\u0131\u015ft\u0131r.<\/p>\n<p>\t<strong>G\u00dc\u00c7L\u00dc &#038; BA\u011eIMSIZ: <\/strong>Y\u00f6netilebilirli\u011fi art\u0131rmak i\u00e7in sa\u011flam naylon k\u0131llar sark\u0131t\u0131lm\u0131\u015f ve p\u00fcr\u00fczs\u00fcz k\u0131v\u0131rc\u0131k sa\u00e7lar. Sa\u00e7lar\u0131 g\u00fczel bir hacim art\u0131\u015f\u0131 sa\u011flamak i\u00e7in f\u00f6nle \u00e7ekerken yava\u015f\u00e7a yukar\u0131 do\u011fru \u00e7ekin ve k\u0131v\u0131r\u0131n.<\/p>\n<p>\t<strong>+ KISA SA\u00c7 \u0130\u00c7\u0130N: <\/strong>K\u0131sa sa\u00e7lar\u0131 veya ince sa\u00e7lar\u0131 \u015fekillendirmek i\u00e7in do\u011fru boyut ve kal\u0131nl\u0131k.<\/p>\n<p>\t<strong>T\u00dcM ST\u0130LLEME ST\u0130LLER\u0130 \u0130\u00c7\u0130N:<\/strong> En iyi sa\u00e7 stillerine ula\u015fmak i\u00e7in \u00f6nerilen hacim veren sa\u00e7 f\u0131r\u00e7as\u0131. F\u0131r\u00e7alamak, k\u0131v\u0131rmak, \u00e7evirmek, k\u0131zd\u0131rmak ve p\u00fcr\u00fczs\u00fczle\u015ftirmek i\u00e7in profesyonel kalitede sa\u00e7 aletini kullan\u0131n.<\/p>\n<p>\t<strong>KOL: <\/strong>Sap ergonomik olarak tasarlanm\u0131\u015f, elle cilalanm\u0131\u015f, YUVARLATILMI\u015e \u015feklindeki termoplastik\u00a0 sap, dayan\u0131kl\u0131d\u0131r.<\/p>\n<p>\t<strong>FIR\u00c7A: <\/strong>K\u0131l ve naylon kullanarak tasarlanm\u0131\u015f, statik elektri\u011fi etkili bir \u015fekilde azaltacak, sa\u00e7 \u015fekillendirme i\u00e7in daha uygun.<\/p>\n<p>\t<strong>DO\u011eAL SA\u011eLIKLI SA\u00c7 BAKIMI &#8211; <\/strong>Yuvarlak Sa\u00e7 F\u0131r\u00e7as\u0131, termoplastik\u00a0 ve naylon i\u011fneli k\u0131llar\u0131dan yap\u0131lm\u0131\u015ft\u0131r. Sert fakat esnek naylon i\u011fneler uzun ve kal\u0131n t\u00fcylerden kolayca ge\u00e7er.. Sa\u00e7\u0131n\u0131z\u0131 \u00e7ekip koparmak yerine kolayca \u00e7\u00f6zer.<\/p>\n<p>\t<strong>DAYANIKLI VE RAHAT KULLANIM : <\/strong>Yuvarlak f\u0131r\u00e7a, dayan\u0131kl\u0131 ve pratik olan kaliteli g\u00fcrgen a\u011fac\u0131ndan yap\u0131lm\u0131\u015ft\u0131r; Sa\u00e7 derinize zarar vermeden hacim veren bir bukle olu\u015fturman\u0131za yard\u0131mc\u0131 olmak i\u00e7in tutmas\u0131 kolay, yuvarlak dairesel \u015fekilli rahat bir sap ile tasarlanm\u0131\u015ft\u0131r. Sa\u00e7 k\u0131v\u0131rma veya f\u00f6n makinesi ile d\u00fczle\u015ftirme i\u00e7in m\u00fckemmeldir. Profesyonel salon seviyesinde kabar\u0131k veya uysal bir doku sa\u00e7 stili yarat\u0131rs\u0131n\u0131z<\/p>\n<p>\t<strong>SA\u00c7 DER\u0130N\u0130ZE MASAJ YAPIN :<\/strong> Sa\u00e7 derinize g\u00fcvenli bir \u015fekilde masaj yapabilir ve sa\u00e7 derinizi canland\u0131rabilir, \u00f6l\u00fc deri h\u00fccrelerini temizleyebilir, stresi azaltabilir ve kaslar\u0131 gev\u015fetebilir, kan ak\u0131\u015f\u0131n\u0131 te\u015fvik edebilir, sa\u00e7 d\u00f6k\u00fclmesini dindirebilir, kafa derisi sa\u011fl\u0131\u011f\u0131n\u0131 ve sa\u00e7 b\u00fcy\u00fcmesini te\u015fvik ederek kendinizi rahat ve rahat hissetmenizi sa\u011flar.<\/p>\n<p>\t<strong>TEM\u0130ZLEMES\u0130 KOLAY : <\/strong>Ergonomik termoplastik\u00a0 sap rahat hissetmenizi sa\u011flar. Yuvarlak f\u0131r\u00e7a tasar\u0131m\u0131, f\u0131r\u00e7an\u0131n sert hissetmeden sa\u00e7\u0131n\u0131zdan zahmetsizce akmas\u0131n\u0131 sa\u011flar. Sa\u00e7\u0131n\u0131z\u0131n sa\u011fl\u0131kl\u0131 kalmas\u0131n\u0131 sa\u011flamak i\u00e7in yuvarlak k\u0131ll\u0131 sa\u00e7 f\u0131r\u00e7as\u0131n\u0131 d\u00fczenli olarak temizlemeniz gerekir. C\u0131mb\u0131z\u0131 kullan\u0131n, temiz tutmay\u0131 kolay ve h\u0131zl\u0131 hale getirin.<\/p>\n<p>\t<strong>M\u00dcKEMMEL SATI\u015e SONRASI H\u0130ZMET : <\/strong>Bu \u00fcr\u00fcne daha avantajl\u0131 sahip olabilmeniz i\u00e7in ma\u011fazam\u0131z\u0131 ziyaret ederek, kampanyalar\u0131 inceleyebilirsiniz. Turk \/ Turk olarak m\u00fc\u015fterilerimize en iyi hizmeti sunmay\u0131 ama\u00e7l\u0131yor, g\u00fcvenle sat\u0131n alabilmeniz i\u00e7in, ambalaj kalitemize g\u00fcveniyor, her \u00fcr\u00fcn sorunsuz teslimat i\u00e7in \u00f6zenle paketliyor ve resimde belirtilen renk, ebat, \u00f6zelikte \u00fcr\u00fcn g\u00f6ndermeyi taahh\u00fct ediyoruz. Hasarl\u0131 \u00fcr\u00fcn ald\u0131ysan\u0131z veya di\u011fer \u00fcr\u00fcn ve paket teslimat sorunlar\u0131 oldu\u011funda bizimle ileti\u015fime ge\u00e7mekten \u00e7ekinmeyin.<\/p>\n<p>\t<strong>Detayl\u0131 bilgi i\u00e7in ek resimleri inceleyebilirsiniz<\/strong><\/p>\n<p><\/p>\n<p>\t<strong><strong> <\/strong><\/strong><\/p>\n<p>\t\u00a0<\/p>\n","protected":false},"excerpt":{"rendered":"<p>Renk : Resimdeki Renk-\u00f6rnektir, renkler k\u0131rm\u0131z\u0131 bej, pembe olarak de\u011fi\u015febilr\u00a0\u00a0 Materyal : Termoplastik sap, Y\u00dcKSEK \u0131s\u0131ya dayan\u0131kl\u0131 esnek plastik k\u0131llar\u00a0 \u00d6l\u00e7\u00fcler : 21 cm x 5 cm geni\u015flik &#8211; F\u0131r\u00e7a derinli\u011fi 0.6 mm Ekran yan\u0131lmalar\u0131na kar\u015f\u0131 l\u00fctfen \u00f6l\u00e7\u00fcleri kar\u015f\u0131la\u015ft\u0131r\u0131n. Manuel \u00f6l\u00e7\u00fcm nedeniyle MM fark olabilir. L\u00fctfen anlay\u0131\u015f g\u00f6sterin Cinsiyet : Unisex GEN\u0130\u015e KULLANIM ALANI :&#8230;<\/p>\n","protected":false},"featured_media":0,"comment_status":"open","ping_status":"closed","template":"","meta":{"_kad_post_transparent":"","_kad_post_title":"","_kad_post_layout":"","_kad_post_sidebar_id":"","_kad_post_content_style":"","_kad_post_vertical_padding":"","_kad_post_feature":"","_kad_post_feature_position":"","_kad_post_header":false,"_kad_post_footer":false,"_kad_post_classname":""},"product_brand":[],"product_cat":[14302],"product_tag":[],"class_list":{"0":"post-102938","1":"product","2":"type-product","3":"status-publish","5":"product_cat-sac-fircasi-ve-tarak-sac-bakimi-kozmetik-sac-fircasi-ve-tarak-sac-bakimi-kozmetik","7":"first","8":"instock","9":"purchasable","10":"product-type-simple","11":"entry","12":"content-bg","13":"loop-entry"},"_links":{"self":[{"href":"https:\/\/www.hediyepazar.com\/index.php?rest_route=\/wp\/v2\/product\/102938","targetHints":{"allow":["GET"]}}],"collection":[{"href":"https:\/\/www.hediyepazar.com\/index.php?rest_route=\/wp\/v2\/product"}],"about":[{"href":"https:\/\/www.hediyepazar.com\/index.php?rest_route=\/wp\/v2\/types\/product"}],"replies":[{"embeddable":true,"href":"https:\/\/www.hediyepazar.com\/index.php?rest_route=%2Fwp%2Fv2%2Fcomments&post=102938"}],"wp:attachment":[{"href":"https:\/\/www.hediyepazar.com\/index.php?rest_route=%2Fwp%2Fv2%2Fmedia&parent=102938"}],"wp:term":[{"taxonomy":"product_brand","embeddable":true,"href":"https:\/\/www.hediyepazar.com\/index.php?rest_route=%2Fwp%2Fv2%2Fproduct_brand&post=102938"},{"taxonomy":"product_cat","embeddable":true,"href":"https:\/\/www.hediyepazar.com\/index.php?rest_route=%2Fwp%2Fv2%2Fproduct_cat&post=102938"},{"taxonomy":"product_tag","embeddable":true,"href":"https:\/\/www.hediyepazar.com\/index.php?rest_route=%2Fwp%2Fv2%2Fproduct_tag&post=102938"}],"curies":[{"name":"wp","href":"https:\/\/api.w.org\/{rel}","templated":true}]}}