{"id":102942,"date":"2026-05-04T09:04:16","date_gmt":"2026-05-04T12:04:16","guid":{"rendered":"https:\/\/www.hediyepazar.com\/?product=turk-bas-parmak-parmak-ayirici-ve-rahatlatici-2-cift"},"modified":"2026-05-04T09:04:16","modified_gmt":"2026-05-04T12:04:16","slug":"turk-bas-parmak-parmak-ayirici-ve-rahatlatici-2-cift","status":"publish","type":"product","link":"https:\/\/www.hediyepazar.com\/?product=turk-bas-parmak-parmak-ayirici-ve-rahatlatici-2-cift","title":{"rendered":"Turk Ba\u015f Parmak Parmak Ay\u0131r\u0131c\u0131 ve Rahatlat\u0131c\u0131 2 \u00c7\u0130FT"},"content":{"rendered":"<p>\n\t<strong>\u00dcr\u00fcn \u00d6zellikleri : <\/strong><\/p>\n<p>\t<strong>Materyal : <\/strong>Silikon jel<\/p>\n<p>\t<strong>Adet \/ Renk \/ Tasar\u0131m : <\/strong> 2 \u00c7\u0130FT (SA\u011e-SOL) , HSNET\u00a0 olarak tasarlad\u0131\u011f\u0131m\u0131z, resimde yer alan rengi, s\u00fcrpriz ya\u015famaman\u0131z i\u00e7in birebir g\u00f6nderiyoruz<\/p>\n<p>\n\t<strong>\u00c7E\u015e\u0130TL\u0130 B\u0130R YA\u015eAM TARZI \u0130\u00c7\u0130N TASARLANDI:<\/strong> B\u00fck\u00fclmeyi \u00f6nlemek i\u00e7in tasarlanm\u0131\u015ft\u0131r. B\u00fct\u00fcn g\u00fcn oturmaktan fazlas\u0131n\u0131 yapt\u0131\u011f\u0131n\u0131z\u0131 biliyoruz. Jellerimiz, aktif hareketle yerinde kalacak \u015fekilde tasarlanm\u0131\u015ft\u0131r.<\/p>\n<p>\n\tB\u00fct\u00fcn yap\u0131s\u0131yla aya\u011f\u0131n\u0131z\u0131 daha iyi kavrayacak ve daha iyi destekleyecektir.<br \/>\n\tSilikon yap\u0131s\u0131 sayesinde aya\u011f\u0131n\u0131z\u0131 rahats\u0131z etmeyecektir.<br \/>\n\t\u00c7orap, ayakkab\u0131 gibi giysilerin alt\u0131na giyebilirsiniz.<\/p>\n<p>\n\t<br \/>\n\tDETAYLI B\u0130LG\u0130 \u0130\u00c7\u0130N EK RES\u0130MLER\u0130 \u0130NCELEYEB\u0130L\u0130RS\u0130N\u0130Z.<br \/>\n\t<img decoding=\"async\"  src=\"https:\/\/hepsicdn.com.tr\/static\/product_detail\/hbnet8a111540_4889401.jpg\"><\/p>\n","protected":false},"excerpt":{"rendered":"<p>\u00dcr\u00fcn \u00d6zellikleri : Materyal : Silikon jel Adet \/ Renk \/ Tasar\u0131m : 2 \u00c7\u0130FT (SA\u011e-SOL) , HSNET\u00a0 olarak tasarlad\u0131\u011f\u0131m\u0131z, resimde yer alan rengi, s\u00fcrpriz ya\u015famaman\u0131z i\u00e7in birebir g\u00f6nderiyoruz \u00c7E\u015e\u0130TL\u0130 B\u0130R YA\u015eAM TARZI \u0130\u00c7\u0130N TASARLANDI: B\u00fck\u00fclmeyi \u00f6nlemek i\u00e7in tasarlanm\u0131\u015ft\u0131r. B\u00fct\u00fcn g\u00fcn oturmaktan fazlas\u0131n\u0131 yapt\u0131\u011f\u0131n\u0131z\u0131 biliyoruz. Jellerimiz, aktif hareketle yerinde kalacak \u015fekilde tasarlanm\u0131\u015ft\u0131r. B\u00fct\u00fcn yap\u0131s\u0131yla aya\u011f\u0131n\u0131z\u0131&#8230;<\/p>\n","protected":false},"featured_media":0,"comment_status":"open","ping_status":"closed","template":"","meta":{"_kad_post_transparent":"","_kad_post_title":"","_kad_post_layout":"","_kad_post_sidebar_id":"","_kad_post_content_style":"","_kad_post_vertical_padding":"","_kad_post_feature":"","_kad_post_feature_position":"","_kad_post_header":false,"_kad_post_footer":false,"_kad_post_classname":""},"product_brand":[],"product_cat":[7853],"product_tag":[],"class_list":{"0":"post-102942","1":"product","2":"type-product","3":"status-publish","5":"product_cat-ayak-tirnak-ve-bakim-malzemeleri-kisisel-bakim-aletleri-elektronik-ayak-tirnak-ve-bakim-malzemeleri","7":"first","8":"instock","9":"purchasable","10":"product-type-simple","11":"entry","12":"content-bg","13":"loop-entry"},"_links":{"self":[{"href":"https:\/\/www.hediyepazar.com\/index.php?rest_route=\/wp\/v2\/product\/102942","targetHints":{"allow":["GET"]}}],"collection":[{"href":"https:\/\/www.hediyepazar.com\/index.php?rest_route=\/wp\/v2\/product"}],"about":[{"href":"https:\/\/www.hediyepazar.com\/index.php?rest_route=\/wp\/v2\/types\/product"}],"replies":[{"embeddable":true,"href":"https:\/\/www.hediyepazar.com\/index.php?rest_route=%2Fwp%2Fv2%2Fcomments&post=102942"}],"wp:attachment":[{"href":"https:\/\/www.hediyepazar.com\/index.php?rest_route=%2Fwp%2Fv2%2Fmedia&parent=102942"}],"wp:term":[{"taxonomy":"product_brand","embeddable":true,"href":"https:\/\/www.hediyepazar.com\/index.php?rest_route=%2Fwp%2Fv2%2Fproduct_brand&post=102942"},{"taxonomy":"product_cat","embeddable":true,"href":"https:\/\/www.hediyepazar.com\/index.php?rest_route=%2Fwp%2Fv2%2Fproduct_cat&post=102942"},{"taxonomy":"product_tag","embeddable":true,"href":"https:\/\/www.hediyepazar.com\/index.php?rest_route=%2Fwp%2Fv2%2Fproduct_tag&post=102942"}],"curies":[{"name":"wp","href":"https:\/\/api.w.org\/{rel}","templated":true}]}}