{"id":102943,"date":"2026-05-04T09:04:42","date_gmt":"2026-05-04T12:04:42","guid":{"rendered":"https:\/\/www.hediyepazar.com\/?product=turk-absolute-sakinlestirici-sakal-tarama-dogal-fircasi"},"modified":"2026-05-04T09:04:42","modified_gmt":"2026-05-04T12:04:42","slug":"turk-absolute-sakinlestirici-sakal-tarama-dogal-fircasi","status":"publish","type":"product","link":"https:\/\/www.hediyepazar.com\/?product=turk-absolute-sakinlestirici-sakal-tarama-dogal-fircasi","title":{"rendered":"Turk Absolute Sakinle\u015ftirici Sakal Tarama Do\u011fal F\u0131r\u00e7as\u0131"},"content":{"rendered":"<p>\n\t<span style=\"color:#ff0000;\"><strong>Spesifikasyonlar : <\/strong><\/span><\/p>\n<p>\n\t<span style=\"color:#ff0000;\"><strong>Materyal : El Yap\u0131m\u0131 Ah\u015fap + AT KILI FIR\u00c7A<\/strong><\/span><\/p>\n<p>\n\t<span style=\"color:#ff0000;\"><strong>Adet : 1 <\/strong><\/span><\/p>\n<p>\n\t<span style=\"color:#ff0000;\"><strong>\u00d6l\u00e7\u00fcler : 14 x 6 x 4 cm<\/strong><\/span><\/p>\n<p>\n\t1 CM uzunluktaki sakaldan 30 cm uzunluktaki sakala kadar kullan\u0131ma uygun tasarland\u0131. Sakal\u0131n\u0131z\u0131 tararken m\u00fcthi\u015f keyif alacabilece\u011finiz e\u015fsiz, ger f\u0131r\u00e7a deli\u011finde, 3 farkl\u0131 k\u0131l kullan\u0131ld\u0131 ve her yuva da 60 adet k\u0131l kullan\u0131ld\u0131 . Tarad\u0131k\u00e7a taramak isteyeceksiniz<br \/>\n\tKolayca P\u00fcr\u00fczs\u00fczle\u015ftirir ve \u015eekillendirir. EL\u0130N\u0130ZE GE\u00c7\u0130R\u0130N VE ERGONOM\u0130K KULLANIN\u00a0<br \/>\n\tKal\u0131nt\u0131lar\u0131 ve Kepe\u011fi Temizler.<br \/>\n\tT\u00fcm Sakal Stilleri i\u00e7in \u00c7al\u0131\u015f\u0131r.<br \/>\n\tHer uzunluktaki sakallar\u0131 taramak, \u015fekillendirmek v i\u00e7in idealdir. Sentetik f\u0131r\u00e7alar\u0131n aksine, sert, do\u011fal k\u0131llar sakala tutunur ve e\u015fit \u015fekilde da\u011f\u0131t\u0131r, en zorlu d\u00fc\u011f\u00fcmleri bile \u00e7\u00f6zer. <brergonomik a=\"\" ak=\"\" ap=\"\" ara=\"\" bekleyin.=\"\" boyutta.=\"\" br=\"\" brtalimatlar:=\"\" deterjanla=\"\" ekilde=\"\" ekleyin=\"\" elde=\"\" elinize=\"\" en=\"\" etmek=\"\" in=\"\" in:=\"\" iyi=\"\" iyice=\"\" k=\"\" kalitesini=\"\" katar=\"\" kemmel=\"\" korumak=\"\" kullanmadan=\"\" m=\"\" mesi=\"\" n=\"\" n.=\"\" nce=\"\" nde=\"\" olarak=\"\" oturur.=\"\" ra=\"\" sabun=\"\" sakal=\"\" seyahatte=\"\" stil=\"\" su=\"\" temizleyin.=\"\" ve=\"\" veya=\"\" yolda=\"\" za=\"\">DETAYLI B\u0130LG\u0130 \u0130\u00c7\u0130N EK RES\u0130MLER\u0130 \u0130NCELEYEB\u0130L\u0130RS\u0130N\u0130Z.<br \/>\n\t<img decoding=\"async\"  src=\"https:\/\/hepsicdn.com.tr\/static\/product_detail\/hbnetb65a48cb_4889601.webp\"> <\/brergonomik><\/p>\n","protected":false},"excerpt":{"rendered":"<p>Spesifikasyonlar : Materyal : El Yap\u0131m\u0131 Ah\u015fap + AT KILI FIR\u00c7A Adet : 1 \u00d6l\u00e7\u00fcler : 14 x 6 x 4 cm 1 CM uzunluktaki sakaldan 30 cm uzunluktaki sakala kadar kullan\u0131ma uygun tasarland\u0131. Sakal\u0131n\u0131z\u0131 tararken m\u00fcthi\u015f keyif alacabilece\u011finiz e\u015fsiz, ger f\u0131r\u00e7a deli\u011finde, 3 farkl\u0131 k\u0131l kullan\u0131ld\u0131 ve her yuva da 60 adet k\u0131l kullan\u0131ld\u0131&#8230;<\/p>\n","protected":false},"featured_media":0,"comment_status":"open","ping_status":"closed","template":"","meta":{"_kad_post_transparent":"","_kad_post_title":"","_kad_post_layout":"","_kad_post_sidebar_id":"","_kad_post_content_style":"","_kad_post_vertical_padding":"","_kad_post_feature":"","_kad_post_feature_position":"","_kad_post_header":false,"_kad_post_footer":false,"_kad_post_classname":""},"product_brand":[],"product_cat":[14302],"product_tag":[],"class_list":{"0":"post-102943","1":"product","2":"type-product","3":"status-publish","5":"product_cat-sac-fircasi-ve-tarak-sac-bakimi-kozmetik-sac-fircasi-ve-tarak-sac-bakimi-kozmetik","7":"first","8":"instock","9":"purchasable","10":"product-type-simple","11":"entry","12":"content-bg","13":"loop-entry"},"_links":{"self":[{"href":"https:\/\/www.hediyepazar.com\/index.php?rest_route=\/wp\/v2\/product\/102943","targetHints":{"allow":["GET"]}}],"collection":[{"href":"https:\/\/www.hediyepazar.com\/index.php?rest_route=\/wp\/v2\/product"}],"about":[{"href":"https:\/\/www.hediyepazar.com\/index.php?rest_route=\/wp\/v2\/types\/product"}],"replies":[{"embeddable":true,"href":"https:\/\/www.hediyepazar.com\/index.php?rest_route=%2Fwp%2Fv2%2Fcomments&post=102943"}],"wp:attachment":[{"href":"https:\/\/www.hediyepazar.com\/index.php?rest_route=%2Fwp%2Fv2%2Fmedia&parent=102943"}],"wp:term":[{"taxonomy":"product_brand","embeddable":true,"href":"https:\/\/www.hediyepazar.com\/index.php?rest_route=%2Fwp%2Fv2%2Fproduct_brand&post=102943"},{"taxonomy":"product_cat","embeddable":true,"href":"https:\/\/www.hediyepazar.com\/index.php?rest_route=%2Fwp%2Fv2%2Fproduct_cat&post=102943"},{"taxonomy":"product_tag","embeddable":true,"href":"https:\/\/www.hediyepazar.com\/index.php?rest_route=%2Fwp%2Fv2%2Fproduct_tag&post=102943"}],"curies":[{"name":"wp","href":"https:\/\/api.w.org\/{rel}","templated":true}]}}