{"id":102945,"date":"2026-05-04T09:05:00","date_gmt":"2026-05-04T12:05:00","guid":{"rendered":"https:\/\/www.hediyepazar.com\/?product=turk-percin-tabancasi-40-yedekli-425303"},"modified":"2026-05-04T09:05:00","modified_gmt":"2026-05-04T12:05:00","slug":"turk-percin-tabancasi-40-yedekli-425303","status":"publish","type":"product","link":"https:\/\/www.hediyepazar.com\/?product=turk-percin-tabancasi-40-yedekli-425303","title":{"rendered":"Turk Per\u00e7in Tabancas\u0131 40 Yedekli 425303"},"content":{"rendered":"<p>\n\t<span style=\"color:#ff0000;\"><strong>Spesifikasyonlar;\u00a0 40 Adet 4 de\u011fi\u015fik per\u00e7in HE D\u0130YES\u0130YLE g\u00f6nderilir.<\/strong><\/span><\/p>\n<p>\n\t10 ar adet 2.4, 3.2, 4.0 ve 4.8mm per\u00e7inleriyle ve Per\u00e7in s\u0131k\u0131\u015ft\u0131rma aparat\u0131yla g\u00f6nderilir.<\/p>\n<p>\n\t4 farkl\u0131 per\u00e7in kal\u0131nl\u0131\u011f\u0131 i\u00e7in de\u011fi\u015ftirilebilir u\u00e7lar<br \/>\n\t\u00d6zel Metal \u00e7elik ve sa\u011flam g\u00f6vde<br \/>\n\t24 cmx 7 cm \u00f6l\u00e7\u00fclerindedir.<\/p>\n<p>\t<span style=\"color:#ff0000;\"><span style=\"color:#ff0000;\"><strong>Nas\u0131l Kullan\u0131r\u0131m ?\u00a0\u00a0<\/strong><\/span><\/span>Tutturulacak objelere per\u00e7in ba\u015f\u0131n\u0131n girece\u011fi b\u00fcy\u00fckl\u00fckte bir delik a\u00e7t\u0131\u011f\u0131n\u0131zda, per\u00e7in ba\u015f\u0131n\u0131 deli\u011fe sokup makinayla s\u0131kt\u0131r\u0131rs\u0131n\u0131z.<span style=\"color:#ff0000;\"><span style=\"color:#ff0000;\"> <\/span><\/span><\/p>\n<p>\n\t\u00a0<\/p>\n","protected":false},"excerpt":{"rendered":"<p>Spesifikasyonlar;\u00a0 40 Adet 4 de\u011fi\u015fik per\u00e7in HE D\u0130YES\u0130YLE g\u00f6nderilir. 10 ar adet 2.4, 3.2, 4.0 ve 4.8mm per\u00e7inleriyle ve Per\u00e7in s\u0131k\u0131\u015ft\u0131rma aparat\u0131yla g\u00f6nderilir. 4 farkl\u0131 per\u00e7in kal\u0131nl\u0131\u011f\u0131 i\u00e7in de\u011fi\u015ftirilebilir u\u00e7lar \u00d6zel Metal \u00e7elik ve sa\u011flam g\u00f6vde 24 cmx 7 cm \u00f6l\u00e7\u00fclerindedir. Nas\u0131l Kullan\u0131r\u0131m ?\u00a0\u00a0Tutturulacak objelere per\u00e7in ba\u015f\u0131n\u0131n girece\u011fi b\u00fcy\u00fckl\u00fckte bir delik a\u00e7t\u0131\u011f\u0131n\u0131zda, per\u00e7in ba\u015f\u0131n\u0131 deli\u011fe&#8230;<\/p>\n","protected":false},"featured_media":102944,"comment_status":"open","ping_status":"closed","template":"","meta":{"_kad_post_transparent":"","_kad_post_title":"","_kad_post_layout":"","_kad_post_sidebar_id":"","_kad_post_content_style":"","_kad_post_vertical_padding":"","_kad_post_feature":"","_kad_post_feature_position":"","_kad_post_header":false,"_kad_post_footer":false,"_kad_post_classname":""},"product_brand":[],"product_cat":[14315],"product_tag":[],"class_list":{"0":"post-102945","1":"product","2":"type-product","3":"status-publish","4":"has-post-thumbnail","6":"product_cat-hirdavat-urunleri-yapi-market-bahce-yapi-market-ev-yasam-pense-ve-anahtarlar","8":"first","9":"instock","10":"purchasable","11":"product-type-simple","12":"entry","13":"content-bg","14":"loop-entry"},"_links":{"self":[{"href":"https:\/\/www.hediyepazar.com\/index.php?rest_route=\/wp\/v2\/product\/102945","targetHints":{"allow":["GET"]}}],"collection":[{"href":"https:\/\/www.hediyepazar.com\/index.php?rest_route=\/wp\/v2\/product"}],"about":[{"href":"https:\/\/www.hediyepazar.com\/index.php?rest_route=\/wp\/v2\/types\/product"}],"replies":[{"embeddable":true,"href":"https:\/\/www.hediyepazar.com\/index.php?rest_route=%2Fwp%2Fv2%2Fcomments&post=102945"}],"wp:featuredmedia":[{"embeddable":true,"href":"https:\/\/www.hediyepazar.com\/index.php?rest_route=\/wp\/v2\/media\/102944"}],"wp:attachment":[{"href":"https:\/\/www.hediyepazar.com\/index.php?rest_route=%2Fwp%2Fv2%2Fmedia&parent=102945"}],"wp:term":[{"taxonomy":"product_brand","embeddable":true,"href":"https:\/\/www.hediyepazar.com\/index.php?rest_route=%2Fwp%2Fv2%2Fproduct_brand&post=102945"},{"taxonomy":"product_cat","embeddable":true,"href":"https:\/\/www.hediyepazar.com\/index.php?rest_route=%2Fwp%2Fv2%2Fproduct_cat&post=102945"},{"taxonomy":"product_tag","embeddable":true,"href":"https:\/\/www.hediyepazar.com\/index.php?rest_route=%2Fwp%2Fv2%2Fproduct_tag&post=102945"}],"curies":[{"name":"wp","href":"https:\/\/api.w.org\/{rel}","templated":true}]}}