{"id":102951,"date":"2026-05-04T09:07:04","date_gmt":"2026-05-04T12:07:04","guid":{"rendered":"https:\/\/www.hediyepazar.com\/?product=turk-mutfak-cakmagi-barbeku-mangal-mum-cakmagi"},"modified":"2026-05-04T09:07:04","modified_gmt":"2026-05-04T12:07:04","slug":"turk-mutfak-cakmagi-barbeku-mangal-mum-cakmagi","status":"publish","type":"product","link":"https:\/\/www.hediyepazar.com\/?product=turk-mutfak-cakmagi-barbeku-mangal-mum-cakmagi","title":{"rendered":"Turk Mutfak \u00c7akma\u011f\u0131 Barbek\u00fc Mangal Mum \u00c7akma\u011f\u0131"},"content":{"rendered":"<p>\n\t<strong>\u00dcr\u00fcn \u00d6zellikleri : <\/strong><\/p>\n<p>\t<strong>Materyal : <\/strong>Paslanmaz \u00c7elik Kafa + Plastik Alt G\u00f6vde<\/p>\n<p>\t<strong>Adet \/ Renk \/ Tasar\u0131m : <\/strong> 1 Adet boru rengi\u00a0 g\u00fcm\u00fc\u015f,\u00a0 HSNET olarak tasarlad\u0131\u011f\u0131m\u0131z,\u00fcr\u00fcn\u00fc , s\u00fcrpriz ya\u015famaman\u0131z i\u00e7in birebir g\u00f6nderiyoruz<\/p>\n<p>\t<strong>\u00d6l\u00e7\u00fcler :\u00a0 Toplam Uzunluk : 27 cm x \u00c7elik Boru Uzunlu\u011fu 11,5 cm &#8211;\u00a0\u00a0<\/strong><\/p>\n<p>\t<strong>GEN\u0130\u015e KULLANIM ALANI : <\/strong>R\u00fczgar ge\u00e7irmez alev, sobalar, \u015f\u00f6mineler, barbek\u00fcler ve s\u0131cak barbek\u00fcler, alevin eli yakaca\u011f\u0131ndan endi\u015fe duymadan. \u0130\u00e7 ve d\u0131\u015f mekan aktiviteleri i\u00e7in harika, kamp \u00e7akma\u011f\u0131, ate\u015f \u00e7akma\u011f\u0131, ocak \u00e7akma\u011f\u0131, \u00e7akmak, \u015f\u00f6mine mar\u015f\u0131, gaz \u00e7akma\u011f\u0131 ve acil durum yang\u0131n ba\u015flatma arac\u0131 olarak m\u00fckemmel. Ta\u015f\u0131nabilir ve pratiktir.<strong> <\/strong><\/p>\n<p>\t<strong>\u00d6NE \u00c7IKAN \u00d6ZELL\u0130K : <\/strong>Emniyet kilidi anahtar\u0131 ve g\u00fc\u00e7 anahtarl\u0131 \u00e7akmak Ocak, Mangal,barbek\u00fc, \u0131zgaralar, a\u00e7\u0131k hava kamp\u0131 ve di\u011fer bir\u00e7ok kullan\u0131m i\u00e7in uygundur. \u00c7akmak, alevden g\u00fcvenli bir mesafeyi koruman\u0131z\u0131 sa\u011flayan uzun 11,5 cm kafaya sahiptir. Daha ergonomik kullan\u0131m i\u00e7in toplamda 27 cm uzunluk<strong> <\/strong><\/p>\n<p>\tUla\u015f\u0131lmas\u0131 zor noktalarda kullan\u0131c\u0131lar\u0131n ate\u015f yakma i\u015flerini g\u00fcvenli ve rahat\u00e7a halletmelerini sa\u011flayan bir \u00fcr\u00fcnd\u00fcr. G\u00f6r\u00fclebilir gaz haznesi sayesinde kullan\u0131c\u0131lar \u00e7akmakta ne kadar gaz kald\u0131\u011f\u0131 kontrol edebilir. \u00c7akma\u011f\u0131n i\u00e7erisindeki gaz t\u00fckendikten sonra tekrardan uygun bir \u00e7akmak gaz\u0131 ile doldurulabilir. Avuca tam oturacak \u015fekildeki ergonomik tasar\u0131m\u0131 sayesinde kolay kullan\u0131m sa\u011flar.<\/p>\n<p>\n\t<strong>Y\u00fcksek Kalite : <\/strong>\u00dc\u00e7 katmanl\u0131 g\u00fcvenlik korumas\u0131 ile tasarlanm\u0131\u015ft\u0131r, ince ve hafif tasar\u0131m\u0131 cebinize koymak ve ta\u015f\u0131mak kolayd\u0131r.<\/p>\n<p>\n\t<strong>G\u00fcvenli ve Kullan\u0131m\u0131 Kolay : <\/strong>Manyetolu ate\u015flemelidir. G\u00fcvenli ve kullan\u0131m\u0131 kolayd\u0131r.<\/p>\n<p>\t<strong>Yeniden Doldurulabilir ve Ayarlanabilir : <\/strong>Gazl\u0131 b\u00fctan \u00e7akmak yeniden doldurulabilir. Alt taraftaki \u00e7akmak ayar\u0131n\u0131 \u00e7evirerek alev y\u00fcksekli\u011fini ayarlamak kolayd\u0131r.<\/p>\n<p>\tPaslanmaz \u00e7elik boruya sahiptir.<\/p>\n<p>\t<strong>Doldurma gaz\u0131 ve ayarlanabilir alev: <\/strong>Gazl\u0131 b\u00fctan \u00e7akmak bitti\u011finde tekrar doldurulabilir ve \u00e7o\u011fu b\u00fctan gaz\u0131 dolumuna uyar.<br \/>\n\tG\u00fcvenli \u00c7akmak: \u00c7ocuklar\u0131 ate\u015ften uzak tutmak i\u00e7in a\u00e7ma\/kapama d\u00fc\u011fmesini koruyan \u00e7ocuk emniyetli anahtar.\u00a0<\/p>\n<p>\n\t<strong>M\u00dcKEMMEL SATI\u015e SONRASI H\u0130ZMET : <\/strong>HSNET \/ HSNET olarak m\u00fc\u015fterilerimize en iyi hizmeti sunmay\u0131 ama\u00e7l\u0131yor, g\u00fcvenle sat\u0131n alabilmeniz i\u00e7in, ambalaj kalitemize g\u00fcveniyor, her \u00fcr\u00fcn sorunsuz teslimat i\u00e7in \u00f6zenle paketliyor ve resimde belirtilen renk, ebat, \u00f6zelikte \u00fcr\u00fcn g\u00f6ndermeyi taahh\u00fct ediyoruz. Hasarl\u0131 \u00fcr\u00fcn ald\u0131ysan\u0131z veya di\u011fer \u00fcr\u00fcn ve paket teslimat sorunlar\u0131 oldu\u011funda bizimle ileti\u015fime ge\u00e7mekten \u00e7ekinmeyin.<\/p>\n<p>\n\t\u00a0<\/p>\n","protected":false},"excerpt":{"rendered":"<p>\u00dcr\u00fcn \u00d6zellikleri : Materyal : Paslanmaz \u00c7elik Kafa + Plastik Alt G\u00f6vde Adet \/ Renk \/ Tasar\u0131m : 1 Adet boru rengi\u00a0 g\u00fcm\u00fc\u015f,\u00a0 HSNET olarak tasarlad\u0131\u011f\u0131m\u0131z,\u00fcr\u00fcn\u00fc , s\u00fcrpriz ya\u015famaman\u0131z i\u00e7in birebir g\u00f6nderiyoruz \u00d6l\u00e7\u00fcler :\u00a0 Toplam Uzunluk : 27 cm x \u00c7elik Boru Uzunlu\u011fu 11,5 cm &#8211;\u00a0\u00a0 GEN\u0130\u015e KULLANIM ALANI : R\u00fczgar ge\u00e7irmez alev, sobalar, \u015f\u00f6mineler,&#8230;<\/p>\n","protected":false},"featured_media":102950,"comment_status":"open","ping_status":"closed","template":"","meta":{"_kad_post_transparent":"","_kad_post_title":"","_kad_post_layout":"","_kad_post_sidebar_id":"","_kad_post_content_style":"","_kad_post_vertical_padding":"","_kad_post_feature":"","_kad_post_feature_position":"","_kad_post_header":false,"_kad_post_footer":false,"_kad_post_classname":""},"product_brand":[],"product_cat":[7826],"product_tag":[],"class_list":{"0":"post-102951","1":"product","2":"type-product","3":"status-publish","4":"has-post-thumbnail","6":"product_cat-endustriyel-mutfak-ekipmanlari-sofra-sofra-mutfak-ev-yasam-endustriyel-mutfak-ekipmanlari","8":"first","9":"instock","10":"purchasable","11":"product-type-simple","12":"entry","13":"content-bg","14":"loop-entry"},"_links":{"self":[{"href":"https:\/\/www.hediyepazar.com\/index.php?rest_route=\/wp\/v2\/product\/102951","targetHints":{"allow":["GET"]}}],"collection":[{"href":"https:\/\/www.hediyepazar.com\/index.php?rest_route=\/wp\/v2\/product"}],"about":[{"href":"https:\/\/www.hediyepazar.com\/index.php?rest_route=\/wp\/v2\/types\/product"}],"replies":[{"embeddable":true,"href":"https:\/\/www.hediyepazar.com\/index.php?rest_route=%2Fwp%2Fv2%2Fcomments&post=102951"}],"wp:featuredmedia":[{"embeddable":true,"href":"https:\/\/www.hediyepazar.com\/index.php?rest_route=\/wp\/v2\/media\/102950"}],"wp:attachment":[{"href":"https:\/\/www.hediyepazar.com\/index.php?rest_route=%2Fwp%2Fv2%2Fmedia&parent=102951"}],"wp:term":[{"taxonomy":"product_brand","embeddable":true,"href":"https:\/\/www.hediyepazar.com\/index.php?rest_route=%2Fwp%2Fv2%2Fproduct_brand&post=102951"},{"taxonomy":"product_cat","embeddable":true,"href":"https:\/\/www.hediyepazar.com\/index.php?rest_route=%2Fwp%2Fv2%2Fproduct_cat&post=102951"},{"taxonomy":"product_tag","embeddable":true,"href":"https:\/\/www.hediyepazar.com\/index.php?rest_route=%2Fwp%2Fv2%2Fproduct_tag&post=102951"}],"curies":[{"name":"wp","href":"https:\/\/api.w.org\/{rel}","templated":true}]}}