{"id":102958,"date":"2026-05-04T09:08:00","date_gmt":"2026-05-04T12:08:00","guid":{"rendered":"https:\/\/www.hediyepazar.com\/?product=turk-5-li-yedek-reso-jel-yakiti"},"modified":"2026-05-04T09:08:00","modified_gmt":"2026-05-04T12:08:00","slug":"turk-5-li-yedek-reso-jel-yakiti","status":"publish","type":"product","link":"https:\/\/www.hediyepazar.com\/?product=turk-5-li-yedek-reso-jel-yakiti","title":{"rendered":"Turk 5 li Yedek Re\u015fo Jel Yak\u0131t\u0131"},"content":{"rendered":"<p>\n\t<strong>\u00dcr\u00fcn \u00d6zellikleri : <\/strong><\/p>\n<p>\t200 Graml\u0131k 5 teneke kutu g\u00f6nderilir.<br \/>\n\tOsmanl\u0131 Oca\u011f\u0131 olarak bilinen \u00fcr\u00fcn\u00fcn yedek jelidir. Osmanl\u0131 Oca\u011f\u0131 \u00fcr\u00fcne dahil de\u011fildir.\u00a0<\/p>\n<p>\n\t<strong>M\u00dcKEMMEL SATI\u015e SONRASI H\u0130ZMET : <\/strong>HSNET \/ HSNET olarak m\u00fc\u015fterilerimize en iyi hizmeti sunmay\u0131 ama\u00e7l\u0131yor, g\u00fcvenle sat\u0131n alabilmeniz i\u00e7in, ambalaj kalitemize g\u00fcveniyor, her \u00fcr\u00fcn sorunsuz teslimat i\u00e7in \u00f6zenle paketliyor ve resimde belirtilen renk, ebat, \u00f6zelikte \u00fcr\u00fcn g\u00f6ndermeyi taahh\u00fct ediyoruz. Hasarl\u0131 \u00fcr\u00fcn ald\u0131ysan\u0131z veya di\u011fer \u00fcr\u00fcn ve paket teslimat sorunlar\u0131 oldu\u011funda bizimle ileti\u015fime ge\u00e7mekten \u00e7ekinmeyin.<\/p>\n","protected":false},"excerpt":{"rendered":"<p>\u00dcr\u00fcn \u00d6zellikleri : 200 Graml\u0131k 5 teneke kutu g\u00f6nderilir. Osmanl\u0131 Oca\u011f\u0131 olarak bilinen \u00fcr\u00fcn\u00fcn yedek jelidir. Osmanl\u0131 Oca\u011f\u0131 \u00fcr\u00fcne dahil de\u011fildir.\u00a0 M\u00dcKEMMEL SATI\u015e SONRASI H\u0130ZMET : HSNET \/ HSNET olarak m\u00fc\u015fterilerimize en iyi hizmeti sunmay\u0131 ama\u00e7l\u0131yor, g\u00fcvenle sat\u0131n alabilmeniz i\u00e7in, ambalaj kalitemize g\u00fcveniyor, her \u00fcr\u00fcn sorunsuz teslimat i\u00e7in \u00f6zenle paketliyor ve resimde belirtilen renk, ebat,&#8230;<\/p>\n","protected":false},"featured_media":102957,"comment_status":"open","ping_status":"closed","template":"","meta":{"_kad_post_transparent":"","_kad_post_title":"","_kad_post_layout":"","_kad_post_sidebar_id":"","_kad_post_content_style":"","_kad_post_vertical_padding":"","_kad_post_feature":"","_kad_post_feature_position":"","_kad_post_header":false,"_kad_post_footer":false,"_kad_post_classname":""},"product_brand":[],"product_cat":[14394],"product_tag":[],"class_list":{"0":"post-102958","1":"product","2":"type-product","3":"status-publish","4":"has-post-thumbnail","6":"product_cat-piknik-seti-mangal-ve-barbeku-bahce-ev-yasam-piknik-seti","8":"first","9":"instock","10":"purchasable","11":"product-type-simple","12":"entry","13":"content-bg","14":"loop-entry"},"_links":{"self":[{"href":"https:\/\/www.hediyepazar.com\/index.php?rest_route=\/wp\/v2\/product\/102958","targetHints":{"allow":["GET"]}}],"collection":[{"href":"https:\/\/www.hediyepazar.com\/index.php?rest_route=\/wp\/v2\/product"}],"about":[{"href":"https:\/\/www.hediyepazar.com\/index.php?rest_route=\/wp\/v2\/types\/product"}],"replies":[{"embeddable":true,"href":"https:\/\/www.hediyepazar.com\/index.php?rest_route=%2Fwp%2Fv2%2Fcomments&post=102958"}],"wp:featuredmedia":[{"embeddable":true,"href":"https:\/\/www.hediyepazar.com\/index.php?rest_route=\/wp\/v2\/media\/102957"}],"wp:attachment":[{"href":"https:\/\/www.hediyepazar.com\/index.php?rest_route=%2Fwp%2Fv2%2Fmedia&parent=102958"}],"wp:term":[{"taxonomy":"product_brand","embeddable":true,"href":"https:\/\/www.hediyepazar.com\/index.php?rest_route=%2Fwp%2Fv2%2Fproduct_brand&post=102958"},{"taxonomy":"product_cat","embeddable":true,"href":"https:\/\/www.hediyepazar.com\/index.php?rest_route=%2Fwp%2Fv2%2Fproduct_cat&post=102958"},{"taxonomy":"product_tag","embeddable":true,"href":"https:\/\/www.hediyepazar.com\/index.php?rest_route=%2Fwp%2Fv2%2Fproduct_tag&post=102958"}],"curies":[{"name":"wp","href":"https:\/\/api.w.org\/{rel}","templated":true}]}}