{"id":102963,"date":"2026-05-04T09:09:55","date_gmt":"2026-05-04T12:09:55","guid":{"rendered":"https:\/\/www.hediyepazar.com\/?product=turk-manikur-pedikur-tirnak-makasi-solingen-profesyonel-2"},"modified":"2026-05-04T09:09:55","modified_gmt":"2026-05-04T12:09:55","slug":"turk-manikur-pedikur-tirnak-makasi-solingen-profesyonel-2","status":"publish","type":"product","link":"https:\/\/www.hediyepazar.com\/?product=turk-manikur-pedikur-tirnak-makasi-solingen-profesyonel-2","title":{"rendered":"Turk Manik\u00fcr Pedik\u00fcr T\u0131rnak Makas\u0131 Solingen Profesyonel"},"content":{"rendered":"<p>\n\t<strong>\u00dcr\u00fcn \u00d6zellikleri : <\/strong><\/p>\n<p>\t<strong>RENK : <\/strong> HSNET Solingen Profesyonelserisi olarak tasarlad\u0131\u011f\u0131m\u0131z bu \u00fcr\u00fcn\u00fc Renk\/tasar\u0131m\u0131 birebir g\u00f6re g\u00f6nderiyoruz. S\u00fcrpriz ya\u015famazs\u0131n\u0131z.<\/p>\n<p>\t<strong>MATERYAL : % 100 Paslanmaz \u00e7elik\u00a0<\/strong><\/p>\n<p>\t<strong>ADET : 1\u00a0<\/strong><\/p>\n<p>\t<strong>\u00d6L\u00c7\u00dcLER : 10,5 x 4,5 cm<\/strong><\/p>\n<p>\t<strong>\u00d6NE \u00c7IKAN \u00d6ZELL\u0130K : <\/strong>M\u00fckemmel ergonomik tasar\u0131m<\/p>\n<p>\n\tKullan\u0131m\u0131 kolayla\u015ft\u0131ran i\u00e7 yay sistemi.<\/p>\n<p>\n\tSudan ve korozyondan etkilenmez.<\/p>\n<p>\n\tAyakt\u0131rnaklar\u0131 ve \u00f6l\u00fc deri i\u00e7in ideal kullan\u0131ma sahiptir.\u00a0<\/p>\n<p><strong>  Ekran fark\u0131 nedeniyle, renk tonlar\u0131 %0,5 oran\u0131nda fark, Manuel \u00f6l\u00e7\u00fcm nedeniyle Milimetre fark olabilir. anlay\u0131\u015f g\u00f6stermenizi rica ederiz. <\/strong>  <\/p>\n<p>DETAYLI B\u0130LG\u0130 \u0130\u00c7\u0130N EK RES\u0130MLER\u0130 \u0130NCELEYEB\u0130L\u0130RS\u0130N\u0130Z. <\/li>\n<p> <img decoding=\"async\"  src=\"https:\/\/hepsicdn.com.tr\/static\/product_detail\/hbnetb4f19667_4893701.jpg\"><\/p>\n","protected":false},"excerpt":{"rendered":"<p>\u00dcr\u00fcn \u00d6zellikleri : RENK : HSNET Solingen Profesyonelserisi olarak tasarlad\u0131\u011f\u0131m\u0131z bu \u00fcr\u00fcn\u00fc Renk\/tasar\u0131m\u0131 birebir g\u00f6re g\u00f6nderiyoruz. S\u00fcrpriz ya\u015famazs\u0131n\u0131z. MATERYAL : % 100 Paslanmaz \u00e7elik\u00a0 ADET : 1\u00a0 \u00d6L\u00c7\u00dcLER : 10,5 x 4,5 cm \u00d6NE \u00c7IKAN \u00d6ZELL\u0130K : M\u00fckemmel ergonomik tasar\u0131m Kullan\u0131m\u0131 kolayla\u015ft\u0131ran i\u00e7 yay sistemi. Sudan ve korozyondan etkilenmez. Ayakt\u0131rnaklar\u0131 ve \u00f6l\u00fc deri i\u00e7in ideal&#8230;<\/p>\n","protected":false},"featured_media":102962,"comment_status":"open","ping_status":"closed","template":"","meta":{"_kad_post_transparent":"","_kad_post_title":"","_kad_post_layout":"","_kad_post_sidebar_id":"","_kad_post_content_style":"","_kad_post_vertical_padding":"","_kad_post_feature":"","_kad_post_feature_position":"","_kad_post_header":false,"_kad_post_footer":false,"_kad_post_classname":""},"product_brand":[],"product_cat":[7853],"product_tag":[],"class_list":{"0":"post-102963","1":"product","2":"type-product","3":"status-publish","4":"has-post-thumbnail","6":"product_cat-ayak-tirnak-ve-bakim-malzemeleri-kisisel-bakim-aletleri-elektronik-ayak-tirnak-ve-bakim-malzemeleri","8":"first","9":"instock","10":"purchasable","11":"product-type-simple","12":"entry","13":"content-bg","14":"loop-entry"},"_links":{"self":[{"href":"https:\/\/www.hediyepazar.com\/index.php?rest_route=\/wp\/v2\/product\/102963","targetHints":{"allow":["GET"]}}],"collection":[{"href":"https:\/\/www.hediyepazar.com\/index.php?rest_route=\/wp\/v2\/product"}],"about":[{"href":"https:\/\/www.hediyepazar.com\/index.php?rest_route=\/wp\/v2\/types\/product"}],"replies":[{"embeddable":true,"href":"https:\/\/www.hediyepazar.com\/index.php?rest_route=%2Fwp%2Fv2%2Fcomments&post=102963"}],"wp:featuredmedia":[{"embeddable":true,"href":"https:\/\/www.hediyepazar.com\/index.php?rest_route=\/wp\/v2\/media\/102962"}],"wp:attachment":[{"href":"https:\/\/www.hediyepazar.com\/index.php?rest_route=%2Fwp%2Fv2%2Fmedia&parent=102963"}],"wp:term":[{"taxonomy":"product_brand","embeddable":true,"href":"https:\/\/www.hediyepazar.com\/index.php?rest_route=%2Fwp%2Fv2%2Fproduct_brand&post=102963"},{"taxonomy":"product_cat","embeddable":true,"href":"https:\/\/www.hediyepazar.com\/index.php?rest_route=%2Fwp%2Fv2%2Fproduct_cat&post=102963"},{"taxonomy":"product_tag","embeddable":true,"href":"https:\/\/www.hediyepazar.com\/index.php?rest_route=%2Fwp%2Fv2%2Fproduct_tag&post=102963"}],"curies":[{"name":"wp","href":"https:\/\/api.w.org\/{rel}","templated":true}]}}