{"id":102965,"date":"2026-05-04T09:09:58","date_gmt":"2026-05-04T12:09:58","guid":{"rendered":"https:\/\/www.hediyepazar.com\/?product=turk-tirbuson-sarap-acacagi-ve-sise-acacagi-2"},"modified":"2026-05-04T09:09:58","modified_gmt":"2026-05-04T12:09:58","slug":"turk-tirbuson-sarap-acacagi-ve-sise-acacagi-2","status":"publish","type":"product","link":"https:\/\/www.hediyepazar.com\/?product=turk-tirbuson-sarap-acacagi-ve-sise-acacagi-2","title":{"rendered":"Turk Tirbu\u015fon \u015earap A\u00e7aca\u011f\u0131 ve \u015ei\u015fe A\u00e7aca\u011f\u0131"},"content":{"rendered":"<p>\n\t<strong>\u00dcr\u00fcn \u00d6zellikleri : HSNET Professional Design olarak tasarlad\u0131\u011f\u0131m\u0131z, resimde yer alan renk kombinasyonunu, s\u00fcrpriz ya\u015famaman\u0131z i\u00e7in birebir g\u00f6nderiyoruz . <\/strong><\/p>\n<p>\t<strong>Materyal : Metal + Krom Kaplamal\u0131\u00a0<\/strong><\/p>\n<p>\t<strong>\u0130\u00c7ECEKLER \u00dcR\u00dcNE DAH\u0130L DE\u011e\u0130LD\u0130R. <\/strong><\/p>\n<p>\t<strong>1 Adet , <\/strong><\/p>\n<p>\t<strong>\u00d6l\u00e7\u00fcler (bir cep telefonu ortalama 16 cm dir. K\u0131yaslaman\u0131z i\u00e7in kolayl\u0131k de\u011fil mi ? ) :\u00a0<\/strong><strong style=\"color: rgb(255, 0, 0);\">17 x 6 cm<\/strong><\/p>\n<p>\n\tErgonomik Tasar\u0131m: Sap, bu \u015fi\u015fe a\u00e7aca\u011f\u0131 ve tirbu\u015fonun kavranmas\u0131 i\u00e7in rahat ve inat\u00e7\u0131 bir mantar\u0131 a\u00e7mak i\u00e7in normalden biraz daha fazla \u00e7aba sarf etmeniz gerekti\u011finde bile zahmetsizce d\u00f6nd\u00fcr\u00fclmesini sa\u011flar.<\/p>\n<p>\tSa\u011flam geni\u015f kanatlar, mantar\u0131 \u015fi\u015feden \u00e7\u0131karmak i\u00e7in bast\u0131rmak i\u00e7in minimum kuvvet gerektirir ve her boyuttaki mantar\u0131 h\u0131zl\u0131 ve verimli bir \u015fekilde kolayca \u00e7\u0131karman\u0131za olanak tan\u0131r.<\/p>\n<p>\tY\u00fcksek Kaliteli Malzeme: geleneksel metalden daha fazla mukavemet ve korozyon direncine sahiptir. Tirbu\u015fon, rahatl\u0131k ve kolay tutu\u015f i\u00e7in g\u00fc\u00e7 ve esnekli\u011fe sahiptir.<\/p>\n<p>\t\u00c7ok Y\u00f6nl\u00fcl\u00fck ve Kolayl\u0131k: Tirbu\u015fonlu a\u00e7\u0131c\u0131m\u0131z hem \u015e\u0130\u015eE hem de MANTAR a\u00e7aca\u011f\u0131 olarak \u00e7ifte g\u00f6rev \u00fcstlenir. Sadece en kaliteli malzemeleri kullanan kanatl\u0131 tirbu\u015fonlar\u0131m\u0131z paslanmaya kar\u015f\u0131 dayan\u0131kl\u0131d\u0131r, lekelenmeye kar\u015f\u0131 dayan\u0131kl\u0131d\u0131r, \u00e7ok az bak\u0131m gerektirir ve ayr\u0131ca kullan\u0131mdan sonra rahat temizlik i\u00e7in bula\u015f\u0131k makinesinde y\u0131kanabilir.<\/p>\n<p>\tBir ucu normal kapakl\u0131 \u015fi\u015feleri a\u00e7mak i\u00e7in, di\u011feri ise mantarl\u0131 \u015fi\u015feleri a\u00e7mak i\u00e7in kullan\u0131lan \u00e7ok ama\u00e7l\u0131 harika bir mutfak aletidir.<\/p>\n<p>\tPiknikler, barbek\u00fcler, kamplar, partiler ve daha fazlas\u0131 i\u00e7in yan\u0131n\u0131zda g\u00f6t\u00fcrmek i\u00e7in idealdir. Bu paslanmaz \u00e7elik alet temizlemesi ve saklamas\u0131 kolay!<\/p>\n<p>\tKullan\u0131m\u0131 kolayd\u0131r ve kompakt bir \u015fekilde katlan\u0131r, \u00e7ekmecede g\u00fcvenli saklama i\u00e7in sivri u\u00e7lu viday\u0131 gizler. 2 kademeli mente\u015feli kol, her t\u00fcrl\u00fc \u015farap \u015fi\u015fesinden mantarlar\u0131 \u00e7\u0131karmada da \u00e7ok etkilidir.<\/p>\n<p>\tKromla kaplamal\u0131d\u0131r, bu nedenle kullan\u0131mda parlak ve \u00e7ekici g\u00f6r\u00fcn\u00fcr ve hem do\u011fal hem de sentetik mantarlarla iyi \u00e7al\u0131\u015f\u0131r. Sap\u0131n kullan\u0131m\u0131 rahatt\u0131r, ka\u00e7 tane \u015farap \u015fi\u015fesinin a\u00e7\u0131lmas\u0131 gerekti\u011fine bak\u0131lmaks\u0131z\u0131n.<\/p>\n<p>\tDAYANIKLI VE KULLANIMI KOLAY -Ddaha iyi kald\u0131ra\u00e7 i\u00e7in \u00e7ift mente\u015felidir ve rahat bir kavisli tutu\u015fa, \u015fi\u015fe kapaklar\u0131 i\u00e7in bir \u015fi\u015fe a\u00e7aca\u011f\u0131na sahiptir. Paslanmaz \u00e7elikten yap\u0131lm\u0131\u015ft\u0131r ve cebe kolayca s\u0131\u011far.<\/p>\n<p>\t\u015e\u0131k, i\u015flevsel a\u00e7acak, cam e\u015fyalar ve e\u011flenceli aksesuarlarla e\u011flenceyi sade ve zarif hale getirir. Modern tasar\u0131m\u0131 i\u015flevsel kullan\u0131mla birle\u015ftirilmi\u015ftir.<\/p>\n<p>\tBu zarif paslanmaz \u00e7elik a\u00e7acak, \u0130yi yap\u0131land\u0131r\u0131lm\u0131\u015ft\u0131r ve elinizde sa\u011flam, g\u00fcvenli bir his verir. Kolayca sapa katlanan keskin, t\u00fcm mantar\u0131 g\u00fcvenli bir \u015fekilde kavramak i\u00e7in be\u015f b\u00fck\u00fcml\u00fc bir tirbu\u015fon, mantar\u0131 \u00e7\u0131karmak i\u00e7in b\u00fcy\u00fck bir kald\u0131ra\u00e7 sa\u011flayan iki a\u015famal\u0131 eklemli bir dayanak noktas\u0131 ve olmadan kullan\u0131labilen klasik bir \u015fi\u015fe a\u00e7aca\u011f\u0131 vard\u0131r.<\/p>\n<p>\n\t<strong>M\u00dcKEMMEL SATI\u015e SONRASI H\u0130ZMET : <\/strong>Bu \u00fcr\u00fcne daha avantajl\u0131 sahip olabilmeniz i\u00e7in ma\u011fazam\u0131z\u0131 ziyaret ederek, kampanyalar\u0131 inceleyebilirsiniz. HSNET \/ HSNET olarak m\u00fc\u015fterilerimize en iyi hizmeti sunmay\u0131 ama\u00e7l\u0131yor, g\u00fcvenle sat\u0131n alabilmeniz i\u00e7in, ambalaj kalitemize g\u00fcveniyor, her \u00fcr\u00fcn sorunsuz teslimat i\u00e7in \u00f6zenle paketliyor ve resimde belirtilen renk, ebat, \u00f6zelikte \u00fcr\u00fcn g\u00f6ndermeyi taahh\u00fct ediyoruz. Hasarl\u0131 \u00fcr\u00fcn ald\u0131ysan\u0131z veya di\u011fer \u00fcr\u00fcn ve paket teslimat sorunlar\u0131 oldu\u011funda bizimle ileti\u015fime ge\u00e7mekten \u00e7ekinmeyin.<\/p>\n<p>\n\t<strong>Detayl\u0131 bilgi i\u00e7in ek resimleri inceleyebilirsiniz<\/strong><\/p>\n<p><\/p>\n<p>\n\t<strong><img decoding=\"async\"  src=\"https:\/\/hepsicdn.com.tr\/static\/product_detail\/hbneta7d1eabf_4893901.jpg\"><\/strong><\/p>\n<p>\n\t\u00a0<\/p>\n","protected":false},"excerpt":{"rendered":"<p>\u00dcr\u00fcn \u00d6zellikleri : HSNET Professional Design olarak tasarlad\u0131\u011f\u0131m\u0131z, resimde yer alan renk kombinasyonunu, s\u00fcrpriz ya\u015famaman\u0131z i\u00e7in birebir g\u00f6nderiyoruz . Materyal : Metal + Krom Kaplamal\u0131\u00a0 \u0130\u00c7ECEKLER \u00dcR\u00dcNE DAH\u0130L DE\u011e\u0130LD\u0130R. 1 Adet , \u00d6l\u00e7\u00fcler (bir cep telefonu ortalama 16 cm dir. K\u0131yaslaman\u0131z i\u00e7in kolayl\u0131k de\u011fil mi ? ) :\u00a017 x 6 cm Ergonomik Tasar\u0131m: Sap, bu&#8230;<\/p>\n","protected":false},"featured_media":102964,"comment_status":"open","ping_status":"closed","template":"","meta":{"_kad_post_transparent":"","_kad_post_title":"","_kad_post_layout":"","_kad_post_sidebar_id":"","_kad_post_content_style":"","_kad_post_vertical_padding":"","_kad_post_feature":"","_kad_post_feature_position":"","_kad_post_header":false,"_kad_post_footer":false,"_kad_post_classname":""},"product_brand":[],"product_cat":[7887],"product_tag":[],"class_list":{"0":"post-102965","1":"product","2":"type-product","3":"status-publish","4":"has-post-thumbnail","6":"product_cat-sise-acacagi-yemek-hazirlik-sofra-mutfak-ev-yasam-sise-acacagi","8":"first","9":"instock","10":"purchasable","11":"product-type-simple","12":"entry","13":"content-bg","14":"loop-entry"},"_links":{"self":[{"href":"https:\/\/www.hediyepazar.com\/index.php?rest_route=\/wp\/v2\/product\/102965","targetHints":{"allow":["GET"]}}],"collection":[{"href":"https:\/\/www.hediyepazar.com\/index.php?rest_route=\/wp\/v2\/product"}],"about":[{"href":"https:\/\/www.hediyepazar.com\/index.php?rest_route=\/wp\/v2\/types\/product"}],"replies":[{"embeddable":true,"href":"https:\/\/www.hediyepazar.com\/index.php?rest_route=%2Fwp%2Fv2%2Fcomments&post=102965"}],"wp:featuredmedia":[{"embeddable":true,"href":"https:\/\/www.hediyepazar.com\/index.php?rest_route=\/wp\/v2\/media\/102964"}],"wp:attachment":[{"href":"https:\/\/www.hediyepazar.com\/index.php?rest_route=%2Fwp%2Fv2%2Fmedia&parent=102965"}],"wp:term":[{"taxonomy":"product_brand","embeddable":true,"href":"https:\/\/www.hediyepazar.com\/index.php?rest_route=%2Fwp%2Fv2%2Fproduct_brand&post=102965"},{"taxonomy":"product_cat","embeddable":true,"href":"https:\/\/www.hediyepazar.com\/index.php?rest_route=%2Fwp%2Fv2%2Fproduct_cat&post=102965"},{"taxonomy":"product_tag","embeddable":true,"href":"https:\/\/www.hediyepazar.com\/index.php?rest_route=%2Fwp%2Fv2%2Fproduct_tag&post=102965"}],"curies":[{"name":"wp","href":"https:\/\/api.w.org\/{rel}","templated":true}]}}