{"id":102969,"date":"2026-05-04T09:10:08","date_gmt":"2026-05-04T12:10:08","guid":{"rendered":"https:\/\/www.hediyepazar.com\/?product=ally-loca-2500uv-50g-dokunmatik-yapistirma-jeli-5775"},"modified":"2026-05-04T09:10:08","modified_gmt":"2026-05-04T12:10:08","slug":"ally-loca-2500uv-50g-dokunmatik-yapistirma-jeli-5775","status":"publish","type":"product","link":"https:\/\/www.hediyepazar.com\/?product=ally-loca-2500uv-50g-dokunmatik-yapistirma-jeli-5775","title":{"rendered":"Ally Loca 2500uv 50g (dokunmatik Yap\u0131\u015ft\u0131rma Jeli)-(5775)"},"content":{"rendered":"<p>&nbsp;<\/p>\n<p>Ally loca UV 50g (Dokunmatik Yap&#305;&#351;t&#305;rma Jeli)<\/p>\n<p>&nbsp;<\/p>\n","protected":false},"excerpt":{"rendered":"<p>&nbsp; Ally loca UV 50g (Dokunmatik Yap&#305;&#351;t&#305;rma Jeli) &nbsp;<\/p>\n","protected":false},"featured_media":102968,"comment_status":"open","ping_status":"closed","template":"","meta":{"_kad_post_transparent":"","_kad_post_title":"","_kad_post_layout":"","_kad_post_sidebar_id":"","_kad_post_content_style":"","_kad_post_vertical_padding":"","_kad_post_feature":"","_kad_post_feature_position":"","_kad_post_header":false,"_kad_post_footer":false,"_kad_post_classname":""},"product_brand":[],"product_cat":[14329],"product_tag":[],"class_list":{"0":"post-102969","1":"product","2":"type-product","3":"status-publish","4":"has-post-thumbnail","6":"product_cat-hirdavat-urunleri-yapi-market-bahce-yapi-market-ev-yasam-tarafli-ve-yapistiricilar","8":"first","9":"instock","10":"purchasable","11":"product-type-simple","12":"entry","13":"content-bg","14":"loop-entry"},"_links":{"self":[{"href":"https:\/\/www.hediyepazar.com\/index.php?rest_route=\/wp\/v2\/product\/102969","targetHints":{"allow":["GET"]}}],"collection":[{"href":"https:\/\/www.hediyepazar.com\/index.php?rest_route=\/wp\/v2\/product"}],"about":[{"href":"https:\/\/www.hediyepazar.com\/index.php?rest_route=\/wp\/v2\/types\/product"}],"replies":[{"embeddable":true,"href":"https:\/\/www.hediyepazar.com\/index.php?rest_route=%2Fwp%2Fv2%2Fcomments&post=102969"}],"wp:featuredmedia":[{"embeddable":true,"href":"https:\/\/www.hediyepazar.com\/index.php?rest_route=\/wp\/v2\/media\/102968"}],"wp:attachment":[{"href":"https:\/\/www.hediyepazar.com\/index.php?rest_route=%2Fwp%2Fv2%2Fmedia&parent=102969"}],"wp:term":[{"taxonomy":"product_brand","embeddable":true,"href":"https:\/\/www.hediyepazar.com\/index.php?rest_route=%2Fwp%2Fv2%2Fproduct_brand&post=102969"},{"taxonomy":"product_cat","embeddable":true,"href":"https:\/\/www.hediyepazar.com\/index.php?rest_route=%2Fwp%2Fv2%2Fproduct_cat&post=102969"},{"taxonomy":"product_tag","embeddable":true,"href":"https:\/\/www.hediyepazar.com\/index.php?rest_route=%2Fwp%2Fv2%2Fproduct_tag&post=102969"}],"curies":[{"name":"wp","href":"https:\/\/api.w.org\/{rel}","templated":true}]}}