{"id":102973,"date":"2026-05-04T09:10:21","date_gmt":"2026-05-04T12:10:21","guid":{"rendered":"https:\/\/www.hediyepazar.com\/?product=ally-buyuk-kapasiteli-tuval-kalemlik-kilif-tutucu-kalem-kutusu-5775"},"modified":"2026-05-04T09:10:21","modified_gmt":"2026-05-04T12:10:21","slug":"ally-buyuk-kapasiteli-tuval-kalemlik-kilif-tutucu-kalem-kutusu-5775","status":"publish","type":"product","link":"https:\/\/www.hediyepazar.com\/?product=ally-buyuk-kapasiteli-tuval-kalemlik-kilif-tutucu-kalem-kutusu-5775","title":{"rendered":"ALLY b\u00fcy\u00fck kapasiteli tuval kalemlik k\u0131l\u0131f tutucu kalem kutusu-(5775)"},"content":{"rendered":"<p><strong>HBNT B&uuml;y&uuml;k Kapasiteli Tuval Kalemlik K&#305;l&#305;f Tutucu Kalem Kutusu<\/strong><br \/> T&uuml;m e&#351;yalar&#305;n&#305;z&#305; kolayl&#305;kla d&uuml;zenlemeniz i&ccedil;in y&uuml;ksek kapasiteli saklama alan&#305; sa&#287;lar. &#350;effaf bir file cebe sahip olan bu &ccedil;anta, daha k&uuml;&ccedil;&uuml;k e&#351;yalar&#305; saklamak i&ccedil;in de m&uuml;kemmeldir!<br \/> Kalem kutusu, g&uuml;nl&uuml;k e&#351;yalara kolay eri&#351;imi kolayla&#351;t&#305;ran ve &ccedil;e&#351;itli ofis malzemelerini bar&#305;nd&#305;ran geni&#351; bir a&ccedil;&#305;kl&#305;&#287;a sahiptir. Tasar&#305;m, nesne boyutundan ba&#287;&#305;ms&#305;z olarak verimli ve d&uuml;zenli bir depolama olana&#287;&#305; sa&#287;layarak g&uuml;nl&uuml;k ya&#351;am&#305;n&#305;z&#305; kolayla&#351;t&#305;r&#305;r.<br \/> Y&uuml;ksek Kaliteli Kanvas: Su ge&ccedil;irmez bir kaplamaya sahip olan ve y&uuml;ksek kaliteli kanvastan &uuml;retilen bu kalem kutusunun malzemeleri, uzun s&uuml;reli dayan&#305;kl&#305;l&#305;k ve kokusuz kullan&#305;m sa&#287;lar. Ayr&#305;ca &#351;&#305;k tasar&#305;m&#305;nda y&#305;ld&#305;z pullar, 3 boyutlu yamalar ve silikon fermuar kulplar&#305; m&uuml;kemmel bir dokunu&#351; sa&#287;l&#305;yor.<br \/> &Ccedil;e&#351;itli kalemler, silgiler, daksil ve daha fazlas&#305; gibi &ccedil;e&#351;itli nesneleri saklayacak kadar &ccedil;ok y&ouml;nl&uuml; bir kalem kutusuyla ofis ve okul malzemelerinizi d&uuml;zenli tutun. Her duruma uygun kalem kutumuz, ihtiya&ccedil;lar&#305;n&#305;z&#305; kar&#351;&#305;layacak m&uuml;kemmel saklama &ccedil;&ouml;z&uuml;m&uuml;d&uuml;r.<br \/> Marka: Ally<br \/> Malzemesi: Kanvas<br \/> Boyut: 21*8*1Ocm<br \/> A&#287;&#305;rl&#305;k: 90gr<\/p>\n<p><img decoding=\"async\" style=\"height:700px; width:700px\" src=\"https:\/\/hepsicdn.com.tr\/static\/product_detail\/hbnet4c5995c9_4900311.webp\"><\/p>\n<p><img decoding=\"async\" style=\"height:700px; width:700px\" src=\"https:\/\/hepsicdn.com.tr\/static\/product_detail\/hbnet4c5995c9_4900312.webp\"><\/p>\n<p><img decoding=\"async\" style=\"height:700px; width:700px\" src=\"https:\/\/hepsicdn.com.tr\/static\/product_detail\/hbnet4c5995c9_4900313.webp\"><\/p>\n","protected":false},"excerpt":{"rendered":"<p>HBNT B&uuml;y&uuml;k Kapasiteli Tuval Kalemlik K&#305;l&#305;f Tutucu Kalem Kutusu T&uuml;m e&#351;yalar&#305;n&#305;z&#305; kolayl&#305;kla d&uuml;zenlemeniz i&ccedil;in y&uuml;ksek kapasiteli saklama alan&#305; sa&#287;lar. &#350;effaf bir file cebe sahip olan bu &ccedil;anta, daha k&uuml;&ccedil;&uuml;k e&#351;yalar&#305; saklamak i&ccedil;in de m&uuml;kemmeldir! Kalem kutusu, g&uuml;nl&uuml;k e&#351;yalara kolay eri&#351;imi kolayla&#351;t&#305;ran ve &ccedil;e&#351;itli ofis malzemelerini bar&#305;nd&#305;ran geni&#351; bir a&ccedil;&#305;kl&#305;&#287;a sahiptir. Tasar&#305;m, nesne boyutundan ba&#287;&#305;ms&#305;z olarak&#8230;<\/p>\n","protected":false},"featured_media":102972,"comment_status":"open","ping_status":"closed","template":"","meta":{"_kad_post_transparent":"","_kad_post_title":"","_kad_post_layout":"","_kad_post_sidebar_id":"","_kad_post_content_style":"","_kad_post_vertical_padding":"","_kad_post_feature":"","_kad_post_feature_position":"","_kad_post_header":false,"_kad_post_footer":false,"_kad_post_classname":""},"product_brand":[],"product_cat":[14453],"product_tag":[],"class_list":{"0":"post-102973","1":"product","2":"type-product","3":"status-publish","4":"has-post-thumbnail","6":"product_cat-ev-yasam-ev-yasam","8":"first","9":"instock","10":"purchasable","11":"product-type-simple","12":"entry","13":"content-bg","14":"loop-entry"},"_links":{"self":[{"href":"https:\/\/www.hediyepazar.com\/index.php?rest_route=\/wp\/v2\/product\/102973","targetHints":{"allow":["GET"]}}],"collection":[{"href":"https:\/\/www.hediyepazar.com\/index.php?rest_route=\/wp\/v2\/product"}],"about":[{"href":"https:\/\/www.hediyepazar.com\/index.php?rest_route=\/wp\/v2\/types\/product"}],"replies":[{"embeddable":true,"href":"https:\/\/www.hediyepazar.com\/index.php?rest_route=%2Fwp%2Fv2%2Fcomments&post=102973"}],"wp:featuredmedia":[{"embeddable":true,"href":"https:\/\/www.hediyepazar.com\/index.php?rest_route=\/wp\/v2\/media\/102972"}],"wp:attachment":[{"href":"https:\/\/www.hediyepazar.com\/index.php?rest_route=%2Fwp%2Fv2%2Fmedia&parent=102973"}],"wp:term":[{"taxonomy":"product_brand","embeddable":true,"href":"https:\/\/www.hediyepazar.com\/index.php?rest_route=%2Fwp%2Fv2%2Fproduct_brand&post=102973"},{"taxonomy":"product_cat","embeddable":true,"href":"https:\/\/www.hediyepazar.com\/index.php?rest_route=%2Fwp%2Fv2%2Fproduct_cat&post=102973"},{"taxonomy":"product_tag","embeddable":true,"href":"https:\/\/www.hediyepazar.com\/index.php?rest_route=%2Fwp%2Fv2%2Fproduct_tag&post=102973"}],"curies":[{"name":"wp","href":"https:\/\/api.w.org\/{rel}","templated":true}]}}