{"id":102991,"date":"2026-05-04T09:11:37","date_gmt":"2026-05-04T12:11:37","guid":{"rendered":"https:\/\/www.hediyepazar.com\/?product=ezere-yd-610-supurge-icin-boru-ve-baslik-seti-5775"},"modified":"2026-05-04T09:11:37","modified_gmt":"2026-05-04T12:11:37","slug":"ezere-yd-610-supurge-icin-boru-ve-baslik-seti-5775","status":"publish","type":"product","link":"https:\/\/www.hediyepazar.com\/?product=ezere-yd-610-supurge-icin-boru-ve-baslik-seti-5775","title":{"rendered":"Ezere YD-610 S\u00fcp\u00fcrge i\u00e7in Boru ve Ba\u015fl\u0131k Seti-(5775)"},"content":{"rendered":"<p>Ezere YD-610 S&uuml;p&uuml;rge i&ccedil;in Boru ve Ba&#351;l&#305;k Seti<\/p>\n<p>Ezere YD-610 modelinin akssuar&#305;d&#305;r.<\/p>\n<p>Ezere YD-610 s&uuml;p&uuml;rgenizi bu aparatlarla &#351;arjl&#305; dikey s&uuml;p&uuml;rgesine &ccedil;evirebilirsiniz.<\/p>\n<p>S&Uuml;P&Uuml;RGE DE&#286;&#304;LD&#304;R!! SADECE BORU VE BA&#350;LIK SET&#304;D&#304;R!!<\/p>\n<p><img decoding=\"async\" style=\"height:700px; width:700px\" src=\"https:\/\/hepsicdn.com.tr\/static\/product_detail\/hbnetbe791d8f_4901711.webp\"><\/p>\n","protected":false},"excerpt":{"rendered":"<p>Ezere YD-610 S&uuml;p&uuml;rge i&ccedil;in Boru ve Ba&#351;l&#305;k Seti Ezere YD-610 modelinin akssuar&#305;d&#305;r. Ezere YD-610 s&uuml;p&uuml;rgenizi bu aparatlarla &#351;arjl&#305; dikey s&uuml;p&uuml;rgesine &ccedil;evirebilirsiniz. S&Uuml;P&Uuml;RGE DE&#286;&#304;LD&#304;R!! SADECE BORU VE BA&#350;LIK SET&#304;D&#304;R!!<\/p>\n","protected":false},"featured_media":102990,"comment_status":"open","ping_status":"closed","template":"","meta":{"_kad_post_transparent":"","_kad_post_title":"","_kad_post_layout":"","_kad_post_sidebar_id":"","_kad_post_content_style":"","_kad_post_vertical_padding":"","_kad_post_feature":"","_kad_post_feature_position":"","_kad_post_header":false,"_kad_post_footer":false,"_kad_post_classname":""},"product_brand":[],"product_cat":[14452],"product_tag":[],"class_list":{"0":"post-102991","1":"product","2":"type-product","3":"status-publish","4":"has-post-thumbnail","6":"product_cat-temizlik-fircasi-ve-supurge-temizlik-gerecleri-ev-bakim-ve-temizlik-supermarket-temizlik-fircasi-ve-supurge","8":"first","9":"instock","10":"purchasable","11":"product-type-simple","12":"entry","13":"content-bg","14":"loop-entry"},"_links":{"self":[{"href":"https:\/\/www.hediyepazar.com\/index.php?rest_route=\/wp\/v2\/product\/102991","targetHints":{"allow":["GET"]}}],"collection":[{"href":"https:\/\/www.hediyepazar.com\/index.php?rest_route=\/wp\/v2\/product"}],"about":[{"href":"https:\/\/www.hediyepazar.com\/index.php?rest_route=\/wp\/v2\/types\/product"}],"replies":[{"embeddable":true,"href":"https:\/\/www.hediyepazar.com\/index.php?rest_route=%2Fwp%2Fv2%2Fcomments&post=102991"}],"wp:featuredmedia":[{"embeddable":true,"href":"https:\/\/www.hediyepazar.com\/index.php?rest_route=\/wp\/v2\/media\/102990"}],"wp:attachment":[{"href":"https:\/\/www.hediyepazar.com\/index.php?rest_route=%2Fwp%2Fv2%2Fmedia&parent=102991"}],"wp:term":[{"taxonomy":"product_brand","embeddable":true,"href":"https:\/\/www.hediyepazar.com\/index.php?rest_route=%2Fwp%2Fv2%2Fproduct_brand&post=102991"},{"taxonomy":"product_cat","embeddable":true,"href":"https:\/\/www.hediyepazar.com\/index.php?rest_route=%2Fwp%2Fv2%2Fproduct_cat&post=102991"},{"taxonomy":"product_tag","embeddable":true,"href":"https:\/\/www.hediyepazar.com\/index.php?rest_route=%2Fwp%2Fv2%2Fproduct_tag&post=102991"}],"curies":[{"name":"wp","href":"https:\/\/api.w.org\/{rel}","templated":true}]}}