{"id":103005,"date":"2026-05-04T09:12:17","date_gmt":"2026-05-04T12:12:17","guid":{"rendered":"https:\/\/www.hediyepazar.com\/?product=ally-arac-ici-miknatisli-torpido-ustu-cep-telefonu-tutucu-5775"},"modified":"2026-05-04T09:12:17","modified_gmt":"2026-05-04T12:12:17","slug":"ally-arac-ici-miknatisli-torpido-ustu-cep-telefonu-tutucu-5775","status":"publish","type":"product","link":"https:\/\/www.hediyepazar.com\/?product=ally-arac-ici-miknatisli-torpido-ustu-cep-telefonu-tutucu-5775","title":{"rendered":"ALLY Ara\u00e7 i\u00e7i M\u0131knat\u0131sl\u0131 Torpido \u00dcst\u00fc Cep Telefonu Tutucu-(5775)"},"content":{"rendered":"<p>HBNT Ara&ccedil; i&ccedil;i M&#305;knat&#305;sl&#305; Torpido &Uuml;st&uuml; Cep Telefonu Tutucu<br \/> Dayan&#305;kl&#305; ABS materyalden &uuml;retilmi&#351;tir.<br \/> 360&deg; d&ouml;nebilen tasar&#305;m&#305; sayesinde cihaz&#305;n&#305;z&#305; diledi&#287;iniz &#351;ekilde konumland&#305;rabilirsiniz.<br \/> Saniyeler i&ccedil;inde kolayca sabitleyebilirsiniz.<br \/> Mini ve zarif g&ouml;r&uuml;n&uuml;m&uuml;yle arac&#305;n&#305;zla b&uuml;t&uuml;nle&#351;ir.<br \/> Engebeli yollarda bile telefonunuzu s&#305;k&#305;ca kavrayan g&uuml;&ccedil;l&uuml; tutu&#351;a sahiptir.<br \/> Marka: Ally<br \/> &Uuml;r&uuml;n Malzemesi: &nbsp;ABS<br \/> &Uuml;r&uuml;n rengi: Siyah<br \/> &Uuml;r&uuml;n a&#287;&#305;rl&#305;&#287;&#305;: 52g<br \/> &Uuml;r&uuml;n boyutu: 55*65*25mm<\/p>\n<p><img decoding=\"async\" style=\"height:892px; width:700px\" src=\"https:\/\/hepsicdn.com.tr\/static\/product_detail\/hbnet3df5aabd_4902811.webp\"><\/p>\n<p><img decoding=\"async\" style=\"height:472px; width:700px\" src=\"https:\/\/hepsicdn.com.tr\/static\/product_detail\/hbnet3df5aabd_4902812.webp\"><\/p>\n","protected":false},"excerpt":{"rendered":"<p>HBNT Ara&ccedil; i&ccedil;i M&#305;knat&#305;sl&#305; Torpido &Uuml;st&uuml; Cep Telefonu Tutucu Dayan&#305;kl&#305; ABS materyalden &uuml;retilmi&#351;tir. 360&deg; d&ouml;nebilen tasar&#305;m&#305; sayesinde cihaz&#305;n&#305;z&#305; diledi&#287;iniz &#351;ekilde konumland&#305;rabilirsiniz. Saniyeler i&ccedil;inde kolayca sabitleyebilirsiniz. Mini ve zarif g&ouml;r&uuml;n&uuml;m&uuml;yle arac&#305;n&#305;zla b&uuml;t&uuml;nle&#351;ir. Engebeli yollarda bile telefonunuzu s&#305;k&#305;ca kavrayan g&uuml;&ccedil;l&uuml; tutu&#351;a sahiptir. Marka: Ally &Uuml;r&uuml;n Malzemesi: &nbsp;ABS &Uuml;r&uuml;n rengi: Siyah &Uuml;r&uuml;n a&#287;&#305;rl&#305;&#287;&#305;: 52g &Uuml;r&uuml;n boyutu: 55*65*25mm<\/p>\n","protected":false},"featured_media":103004,"comment_status":"open","ping_status":"closed","template":"","meta":{"_kad_post_transparent":"","_kad_post_title":"","_kad_post_layout":"","_kad_post_sidebar_id":"","_kad_post_content_style":"","_kad_post_vertical_padding":"","_kad_post_feature":"","_kad_post_feature_position":"","_kad_post_header":false,"_kad_post_footer":false,"_kad_post_classname":""},"product_brand":[],"product_cat":[7872],"product_tag":[],"class_list":{"0":"post-103005","1":"product","2":"type-product","3":"status-publish","4":"has-post-thumbnail","6":"product_cat-arac-ici-telefon-tutucular-oto-aksesuarlari-cep-telefonu-elektronik-arac-ici-telefon-tutucular","8":"first","9":"instock","10":"purchasable","11":"product-type-simple","12":"entry","13":"content-bg","14":"loop-entry"},"_links":{"self":[{"href":"https:\/\/www.hediyepazar.com\/index.php?rest_route=\/wp\/v2\/product\/103005","targetHints":{"allow":["GET"]}}],"collection":[{"href":"https:\/\/www.hediyepazar.com\/index.php?rest_route=\/wp\/v2\/product"}],"about":[{"href":"https:\/\/www.hediyepazar.com\/index.php?rest_route=\/wp\/v2\/types\/product"}],"replies":[{"embeddable":true,"href":"https:\/\/www.hediyepazar.com\/index.php?rest_route=%2Fwp%2Fv2%2Fcomments&post=103005"}],"wp:featuredmedia":[{"embeddable":true,"href":"https:\/\/www.hediyepazar.com\/index.php?rest_route=\/wp\/v2\/media\/103004"}],"wp:attachment":[{"href":"https:\/\/www.hediyepazar.com\/index.php?rest_route=%2Fwp%2Fv2%2Fmedia&parent=103005"}],"wp:term":[{"taxonomy":"product_brand","embeddable":true,"href":"https:\/\/www.hediyepazar.com\/index.php?rest_route=%2Fwp%2Fv2%2Fproduct_brand&post=103005"},{"taxonomy":"product_cat","embeddable":true,"href":"https:\/\/www.hediyepazar.com\/index.php?rest_route=%2Fwp%2Fv2%2Fproduct_cat&post=103005"},{"taxonomy":"product_tag","embeddable":true,"href":"https:\/\/www.hediyepazar.com\/index.php?rest_route=%2Fwp%2Fv2%2Fproduct_tag&post=103005"}],"curies":[{"name":"wp","href":"https:\/\/api.w.org\/{rel}","templated":true}]}}