{"id":103049,"date":"2026-05-04T09:19:04","date_gmt":"2026-05-04T12:19:04","guid":{"rendered":"https:\/\/www.hediyepazar.com\/?product=ezere-nem-gecirmez-buyuk-kapasiteli-baharat-kavanozu-5775"},"modified":"2026-05-04T09:19:04","modified_gmt":"2026-05-04T12:19:04","slug":"ezere-nem-gecirmez-buyuk-kapasiteli-baharat-kavanozu-5775","status":"publish","type":"product","link":"https:\/\/www.hediyepazar.com\/?product=ezere-nem-gecirmez-buyuk-kapasiteli-baharat-kavanozu-5775","title":{"rendered":"EZERE Nem Ge\u00e7irmez B\u00fcy\u00fck Kapasiteli Baharat Kavanozu-(5775)"},"content":{"rendered":"<p>EZERE Nem Ge&ccedil;irmez B&uuml;y&uuml;k Kapasiteli Baharat Kavanozu<br \/> &Ccedil;ok y&ouml;nl&uuml; ve fonksiyonel, bu mutfak &ccedil;e&#351;ni &#351;i&#351;esi tuz, biber, biber tozu, &#351;eker, zencefil tozu ve daha fazlas&#305;n&#305; saklamak i&ccedil;in idealdir.&nbsp;<br \/> ABS camdan haz&#305;rlanm&#305;&#351;, kokusuz, &ccedil;evre dostu ve a&#351;&#305;r&#305; s&#305;cakl&#305;klara dayanabilir.<br \/> B&uuml;y&uuml;k kapasiteli kavanoz, tuz, &#351;eker, biber ve &ccedil;e&#351;itli baharatlar&#305; saklamak i&ccedil;in m&uuml;kemmeldir.<br \/> Ergonomik kavrama, kal&#305;nla&#351;m&#305;&#351; fincan alt ve &#351;effaf tasar&#305;m rahat ve pratik kullan&#305;m sa&#287;lar.<br \/> Malzeme: PET, ABS, silika jel, kur&#351;unsuz cam<br \/> &Ouml;zellikler: G&#305;da s&#305;n&#305;f&#305;, nem ge&ccedil;irmez, b&uuml;y&uuml;k kapasiteli<br \/> Boyut detaylar&#305;:<br \/> 13.6cm\/9cm\/10.5cm<\/p>\n<p><img decoding=\"async\"  src=\"https:\/\/hepsicdn.com.tr\/static\/product_detail\/hbnetbf59c081_4907311.webp\"><\/p>\n<p><img decoding=\"async\"  src=\"https:\/\/hepsicdn.com.tr\/static\/product_detail\/hbnetbf59c081_4907312.webp\"><\/p>\n","protected":false},"excerpt":{"rendered":"<p>EZERE Nem Ge&ccedil;irmez B&uuml;y&uuml;k Kapasiteli Baharat Kavanozu &Ccedil;ok y&ouml;nl&uuml; ve fonksiyonel, bu mutfak &ccedil;e&#351;ni &#351;i&#351;esi tuz, biber, biber tozu, &#351;eker, zencefil tozu ve daha fazlas&#305;n&#305; saklamak i&ccedil;in idealdir.&nbsp; ABS camdan haz&#305;rlanm&#305;&#351;, kokusuz, &ccedil;evre dostu ve a&#351;&#305;r&#305; s&#305;cakl&#305;klara dayanabilir. B&uuml;y&uuml;k kapasiteli kavanoz, tuz, &#351;eker, biber ve &ccedil;e&#351;itli baharatlar&#305; saklamak i&ccedil;in m&uuml;kemmeldir. Ergonomik kavrama, kal&#305;nla&#351;m&#305;&#351; fincan alt&#8230;<\/p>\n","protected":false},"featured_media":103048,"comment_status":"open","ping_status":"closed","template":"","meta":{"_kad_post_transparent":"","_kad_post_title":"","_kad_post_layout":"","_kad_post_sidebar_id":"","_kad_post_content_style":"","_kad_post_vertical_padding":"","_kad_post_feature":"","_kad_post_feature_position":"","_kad_post_header":false,"_kad_post_footer":false,"_kad_post_classname":""},"product_brand":[],"product_cat":[14156],"product_tag":[],"class_list":{"0":"post-103049","1":"product","2":"type-product","3":"status-publish","4":"has-post-thumbnail","6":"product_cat-pratik-ev-esyalari-ev-gerecleri-ev-yasam-pratik-ev-esyalari-ev-gerecleri-ev-yasam","8":"first","9":"instock","10":"purchasable","11":"product-type-simple","12":"entry","13":"content-bg","14":"loop-entry"},"_links":{"self":[{"href":"https:\/\/www.hediyepazar.com\/index.php?rest_route=\/wp\/v2\/product\/103049","targetHints":{"allow":["GET"]}}],"collection":[{"href":"https:\/\/www.hediyepazar.com\/index.php?rest_route=\/wp\/v2\/product"}],"about":[{"href":"https:\/\/www.hediyepazar.com\/index.php?rest_route=\/wp\/v2\/types\/product"}],"replies":[{"embeddable":true,"href":"https:\/\/www.hediyepazar.com\/index.php?rest_route=%2Fwp%2Fv2%2Fcomments&post=103049"}],"wp:featuredmedia":[{"embeddable":true,"href":"https:\/\/www.hediyepazar.com\/index.php?rest_route=\/wp\/v2\/media\/103048"}],"wp:attachment":[{"href":"https:\/\/www.hediyepazar.com\/index.php?rest_route=%2Fwp%2Fv2%2Fmedia&parent=103049"}],"wp:term":[{"taxonomy":"product_brand","embeddable":true,"href":"https:\/\/www.hediyepazar.com\/index.php?rest_route=%2Fwp%2Fv2%2Fproduct_brand&post=103049"},{"taxonomy":"product_cat","embeddable":true,"href":"https:\/\/www.hediyepazar.com\/index.php?rest_route=%2Fwp%2Fv2%2Fproduct_cat&post=103049"},{"taxonomy":"product_tag","embeddable":true,"href":"https:\/\/www.hediyepazar.com\/index.php?rest_route=%2Fwp%2Fv2%2Fproduct_tag&post=103049"}],"curies":[{"name":"wp","href":"https:\/\/api.w.org\/{rel}","templated":true}]}}