{"id":103159,"date":"2026-05-04T09:34:12","date_gmt":"2026-05-04T12:34:12","guid":{"rendered":"https:\/\/www.hediyepazar.com\/?product=hoco-k21-uzaktan-kumandali-tripod-selfie-cubugu-5775"},"modified":"2026-05-04T09:34:12","modified_gmt":"2026-05-04T12:34:12","slug":"hoco-k21-uzaktan-kumandali-tripod-selfie-cubugu-5775","status":"publish","type":"product","link":"https:\/\/www.hediyepazar.com\/?product=hoco-k21-uzaktan-kumandali-tripod-selfie-cubugu-5775","title":{"rendered":"HOCO K21 Uzaktan Kumandal\u0131 Tripod Selfie \u00c7ubu\u011fu-(5775)"},"content":{"rendered":"<p><strong>HOCO K21 Uzaktan Kumandal&#305; Tripod Selfie &Ccedil;ubu&#287;u<\/strong><img decoding=\"async\" data-cke-saved-src=\"https:\/\/cdn.myikas.com\/images\/4b0890c4-46f7-49c5-9b0d-d8f3dae632d6\/0e83953c-a88b-4072-9d84-624c71514414\/image_1950.webp\" src=\"https:\/\/hepsicdn.com.tr\/static\/product_detail\/hbnet5fd3cac9_4916311.webp\"><img decoding=\"async\" data-cke-saved-src=\"https:\/\/cdn.myikas.com\/images\/4b0890c4-46f7-49c5-9b0d-d8f3dae632d6\/a071c568-4041-4544-9848-0110712621c2\/image_1950.webp\" src=\"https:\/\/hepsicdn.com.tr\/static\/product_detail\/hbnet5fd3cac9_4916312.webp\"><img decoding=\"async\" data-cke-saved-src=\"https:\/\/cdn.myikas.com\/images\/4b0890c4-46f7-49c5-9b0d-d8f3dae632d6\/8b078a15-b49f-46b1-b074-324bf448720a\/image_1950.webp\" src=\"https:\/\/hepsicdn.com.tr\/static\/product_detail\/hbnet5fd3cac9_4916313.webp\"><img decoding=\"async\" data-cke-saved-src=\"https:\/\/cdn.myikas.com\/images\/4b0890c4-46f7-49c5-9b0d-d8f3dae632d6\/d9d6fe40-841d-40d8-9432-62d07d89354a\/image_1950.webp\" src=\"https:\/\/hepsicdn.com.tr\/static\/product_detail\/hbnet5fd3cac9_4916314.webp\"><img decoding=\"async\" data-cke-saved-src=\"https:\/\/cdn.myikas.com\/images\/4b0890c4-46f7-49c5-9b0d-d8f3dae632d6\/da8f7ca1-8b46-49c9-a45d-4f064a6f8887\/image_1950.webp\" src=\"https:\/\/hepsicdn.com.tr\/static\/product_detail\/hbnet5fd3cac9_4916315.webp\"><img decoding=\"async\" data-cke-saved-src=\"https:\/\/cdn.myikas.com\/images\/4b0890c4-46f7-49c5-9b0d-d8f3dae632d6\/69e692c1-5b35-4c28-834e-5f52b42ca8fa\/image_1950.webp\" src=\"https:\/\/hepsicdn.com.tr\/static\/product_detail\/hbnet5fd3cac9_4916316.webp\"><img decoding=\"async\" data-cke-saved-src=\"https:\/\/cdn.myikas.com\/images\/4b0890c4-46f7-49c5-9b0d-d8f3dae632d6\/ee0319fc-2237-47c6-b2e6-f6fe9c642ff2\/image_1950.webp\" src=\"https:\/\/hepsicdn.com.tr\/static\/product_detail\/hbnet5fd3cac9_4916317.webp\"><img decoding=\"async\" data-cke-saved-src=\"https:\/\/cdn.myikas.com\/images\/4b0890c4-46f7-49c5-9b0d-d8f3dae632d6\/50979465-4ac4-417f-a8ea-940f6d931421\/image_1950.webp\" src=\"https:\/\/hepsicdn.com.tr\/static\/product_detail\/hbnet5fd3cac9_4916318.webp\"><strong>HOCO K21 Uzaktan Kumandal&#305; Tripod Selfie &Ccedil;ubu&#287;u<\/strong>boyutlar&#305; 4,5 ila 7 in&ccedil; aras&#305;nda de&#287;i&#351;en cihazlarla uyumludurMaksimum 1,37 m y&uuml;ksekli&#287;e sahipDahili 55mAh pil&nbsp;s&#305;k s&#305;k &#351;arj etme ihtiyac&#305;n&#305; azalt&#305;r.zorlu &ccedil;ekim ortamlar&#305;nda bile stabilite sa&#287;layarak g&uuml;venli bir tutu&#351; sa&#287;lar.&nbsp;<\/p>\n<div>1, Malzeme: al&uuml;minyum ala&#351;&#305;m + ABS<\/div>\n<div>2, y&uuml;zey teknolojisi: g&uuml;ne&#351; yan&#305;&#287;&#305;<\/div>\n<div>3. Boyut: 47*58*245mm (a&ccedil;&#305;lm&#305;&#351; y&uuml;kseklik 1.37m);&nbsp;a&#287;&#305;rl&#305;k: 270g<\/div>\n<div>4, Destek 4,5-7,0 in&ccedil; cep telefonu (ayna aral&#305;&#287;&#305;: 62-90 mm)<\/div>\n<div>5, Uzaktan kumanda: Foto&#287;raf &ccedil;ekmek i&ccedil;in Bluetooth 4.2 ba&#287;lant&#305;s&#305;;&nbsp;pil kapasitesi: 55mAh<\/div>\n<div>6. PTZ i&#351;levini destekler<\/div>\n<div>7. Uygulama senaryolar&#305;: d&#305;&#351; mekan i&ccedil; mekan canl&#305; yay&#305;n, foto&#287;raf&ccedil;&#305;l&#305;k, selfie vb.<\/div>\n<div><\/div>\n","protected":false},"excerpt":{"rendered":"<p>HOCO K21 Uzaktan Kumandal&#305; Tripod Selfie &Ccedil;ubu&#287;uHOCO K21 Uzaktan Kumandal&#305; Tripod Selfie &Ccedil;ubu&#287;uboyutlar&#305; 4,5 ila 7 in&ccedil; aras&#305;nda de&#287;i&#351;en cihazlarla uyumludurMaksimum 1,37 m y&uuml;ksekli&#287;e sahipDahili 55mAh pil&nbsp;s&#305;k s&#305;k &#351;arj etme ihtiyac&#305;n&#305; azalt&#305;r.zorlu &ccedil;ekim ortamlar&#305;nda bile stabilite sa&#287;layarak g&uuml;venli bir tutu&#351; sa&#287;lar.&nbsp; 1, Malzeme: al&uuml;minyum ala&#351;&#305;m + ABS 2, y&uuml;zey teknolojisi: g&uuml;ne&#351; yan&#305;&#287;&#305; 3. Boyut: 47*58*245mm&#8230;<\/p>\n","protected":false},"featured_media":103158,"comment_status":"open","ping_status":"closed","template":"","meta":{"_kad_post_transparent":"","_kad_post_title":"","_kad_post_layout":"","_kad_post_sidebar_id":"","_kad_post_content_style":"","_kad_post_vertical_padding":"","_kad_post_feature":"","_kad_post_feature_position":"","_kad_post_header":false,"_kad_post_footer":false,"_kad_post_classname":""},"product_brand":[],"product_cat":[14537],"product_tag":[],"class_list":{"0":"post-103159","1":"product","2":"type-product","3":"status-publish","4":"has-post-thumbnail","6":"product_cat-selfie-cubugu-cep-telefonu-aksesuarlari-cep-telefonu-elektronik-selfie-cubugu","8":"first","9":"instock","10":"purchasable","11":"product-type-simple","12":"entry","13":"content-bg","14":"loop-entry"},"_links":{"self":[{"href":"https:\/\/www.hediyepazar.com\/index.php?rest_route=\/wp\/v2\/product\/103159","targetHints":{"allow":["GET"]}}],"collection":[{"href":"https:\/\/www.hediyepazar.com\/index.php?rest_route=\/wp\/v2\/product"}],"about":[{"href":"https:\/\/www.hediyepazar.com\/index.php?rest_route=\/wp\/v2\/types\/product"}],"replies":[{"embeddable":true,"href":"https:\/\/www.hediyepazar.com\/index.php?rest_route=%2Fwp%2Fv2%2Fcomments&post=103159"}],"wp:featuredmedia":[{"embeddable":true,"href":"https:\/\/www.hediyepazar.com\/index.php?rest_route=\/wp\/v2\/media\/103158"}],"wp:attachment":[{"href":"https:\/\/www.hediyepazar.com\/index.php?rest_route=%2Fwp%2Fv2%2Fmedia&parent=103159"}],"wp:term":[{"taxonomy":"product_brand","embeddable":true,"href":"https:\/\/www.hediyepazar.com\/index.php?rest_route=%2Fwp%2Fv2%2Fproduct_brand&post=103159"},{"taxonomy":"product_cat","embeddable":true,"href":"https:\/\/www.hediyepazar.com\/index.php?rest_route=%2Fwp%2Fv2%2Fproduct_cat&post=103159"},{"taxonomy":"product_tag","embeddable":true,"href":"https:\/\/www.hediyepazar.com\/index.php?rest_route=%2Fwp%2Fv2%2Fproduct_tag&post=103159"}],"curies":[{"name":"wp","href":"https:\/\/api.w.org\/{rel}","templated":true}]}}