{"id":103251,"date":"2026-05-04T09:49:59","date_gmt":"2026-05-04T12:49:59","guid":{"rendered":"https:\/\/www.hediyepazar.com\/?product=memo-mb01-oyuncular-icin-mobil-oyun-konsolu-kontrol-cihazi-5775"},"modified":"2026-05-04T09:49:59","modified_gmt":"2026-05-04T12:49:59","slug":"memo-mb01-oyuncular-icin-mobil-oyun-konsolu-kontrol-cihazi-5775","status":"publish","type":"product","link":"https:\/\/www.hediyepazar.com\/?product=memo-mb01-oyuncular-icin-mobil-oyun-konsolu-kontrol-cihazi-5775","title":{"rendered":"MEMO MB01 Oyuncular \u0130\u00e7in Mobil Oyun Konsolu Kontrol Cihaz\u0131-(5775)"},"content":{"rendered":"<p><strong><span style=\"font-size: 13px;\">MEMO Oyuncular &#304;&ccedil;in Mobil Oyun Konsolu Kontrol Cihaz&#305;<\/span><\/strong><img decoding=\"async\" data-cke-saved-src=\"https:\/\/cdn.myikas.com\/images\/4b0890c4-46f7-49c5-9b0d-d8f3dae632d6\/43b8d8b4-e9bf-437a-9b8c-bd5483cd6fce\/image_1950.webp\" src=\"https:\/\/cdn.myikas.com\/images\/4b0890c4-46f7-49c5-9b0d-d8f3dae632d6\/43b8d8b4-e9bf-437a-9b8c-bd5483cd6fce\/image_1950.webp\"\/><img decoding=\"async\" data-cke-saved-src=\"https:\/\/cdn.myikas.com\/images\/4b0890c4-46f7-49c5-9b0d-d8f3dae632d6\/9e8a4b57-c0c6-447e-acea-081a0acff098\/image_1950.webp\" src=\"https:\/\/hepsicdn.com.tr\/static\/product_detail\/hbnet4a064153_4923011.webp\"><img decoding=\"async\" data-cke-saved-src=\"https:\/\/cdn.myikas.com\/images\/4b0890c4-46f7-49c5-9b0d-d8f3dae632d6\/454db6ed-7611-4e55-a682-f32bfef242a8\/image_1950.webp\" src=\"https:\/\/hepsicdn.com.tr\/static\/product_detail\/hbnet4a064153_4923012.webp\"><img decoding=\"async\" data-cke-saved-src=\"https:\/\/cdn.myikas.com\/images\/4b0890c4-46f7-49c5-9b0d-d8f3dae632d6\/b6e79144-88ab-4e63-86eb-35c00410dfd0\/image_1950.webp\" src=\"https:\/\/hepsicdn.com.tr\/static\/product_detail\/hbnet4a064153_4923013.webp\"><img decoding=\"async\" data-cke-saved-src=\"https:\/\/cdn.myikas.com\/images\/4b0890c4-46f7-49c5-9b0d-d8f3dae632d6\/429feb16-97a7-4541-89cc-2ae184159c1f\/image_1950.webp\" src=\"https:\/\/hepsicdn.com.tr\/static\/product_detail\/hbnet4a064153_4923014.webp\"><img decoding=\"async\" data-cke-saved-src=\"https:\/\/cdn.myikas.com\/images\/4b0890c4-46f7-49c5-9b0d-d8f3dae632d6\/2f8dfe11-c269-4684-b7c0-320277ea1d30\/image_1950.webp\" src=\"https:\/\/hepsicdn.com.tr\/static\/product_detail\/hbnet4a064153_4923015.webp\"><img decoding=\"async\" data-cke-saved-src=\"https:\/\/cdn.myikas.com\/images\/4b0890c4-46f7-49c5-9b0d-d8f3dae632d6\/a3d636b1-5e40-480e-96b0-30bd4b94055a\/image_1950.webp\" src=\"https:\/\/hepsicdn.com.tr\/static\/product_detail\/hbnet4a064153_4923016.webp\"><img decoding=\"async\" data-cke-saved-src=\"https:\/\/cdn.myikas.com\/images\/4b0890c4-46f7-49c5-9b0d-d8f3dae632d6\/d3e6c1d5-9733-4bbd-85ff-51c30806163c\/image_1950.webp\" src=\"https:\/\/hepsicdn.com.tr\/static\/product_detail\/hbnet4a064153_4923017.webp\"><\/p>\n<p><strong>MEMO Oyuncular &#304;&ccedil;in Mobil Oyun Konsolu Kontrol Cihaz&#305;<\/strong><\/p>\n<p align=\"center\">Kablosuz bluetooth ba&#287;lant&#305;s&#305; sayesinde daha keyifli bir oyun deneyimi sunar.<br \/>Mini tasar&#305;m&#305; sayesinde g&ouml;r&uuml;&#351; alan&#305;n&#305;z&#305; geni&#351;letir.<br \/>Terlemeye kar&#351;&#305; korumal&#305; olup kaygan ellerden dolay&#305; ya&#351;anan oyun kay&#305;plar&#305;n&#305;z&#305;n &ouml;n&uuml;ne ge&ccedil;er.<br \/>Uzun pil &ouml;mr&uuml;ne sahiptir.<br \/>Tek bir t&#305;kla oyunda rakibinize a&#287;&#305;r kay&#305;plar verdirtmenizi sa&#287;lar.<br \/>&Ccedil;o&#287;u mobil oyunla uyumludur.<br \/>Y&uuml;ksek Kalite AB materyalden &uuml;retilmi&#351; olup uzun &ouml;m&uuml;rl&uuml;d&uuml;r.<br \/>Android ve IOS i&#351;letim sistemlerine uyumludur.<\/p>\n<p align=\"center\"><\/p>\n<p align=\"center\">&Uuml;r&uuml;n boyutu: 58*58*37m<\/p>\n","protected":false},"excerpt":{"rendered":"<p>MEMO Oyuncular &#304;&ccedil;in Mobil Oyun Konsolu Kontrol Cihaz&#305; MEMO Oyuncular &#304;&ccedil;in Mobil Oyun Konsolu Kontrol Cihaz&#305; Kablosuz bluetooth ba&#287;lant&#305;s&#305; sayesinde daha keyifli bir oyun deneyimi sunar.Mini tasar&#305;m&#305; sayesinde g&ouml;r&uuml;&#351; alan&#305;n&#305;z&#305; geni&#351;letir.Terlemeye kar&#351;&#305; korumal&#305; olup kaygan ellerden dolay&#305; ya&#351;anan oyun kay&#305;plar&#305;n&#305;z&#305;n &ouml;n&uuml;ne ge&ccedil;er.Uzun pil &ouml;mr&uuml;ne sahiptir.Tek bir t&#305;kla oyunda rakibinize a&#287;&#305;r kay&#305;plar verdirtmenizi sa&#287;lar.&Ccedil;o&#287;u mobil oyunla&#8230;<\/p>\n","protected":false},"featured_media":103250,"comment_status":"open","ping_status":"closed","template":"","meta":{"_kad_post_transparent":"","_kad_post_title":"","_kad_post_layout":"","_kad_post_sidebar_id":"","_kad_post_content_style":"","_kad_post_vertical_padding":"","_kad_post_feature":"","_kad_post_feature_position":"","_kad_post_header":false,"_kad_post_footer":false,"_kad_post_classname":""},"product_brand":[],"product_cat":[14491],"product_tag":[],"class_list":{"0":"post-103251","1":"product","2":"type-product","3":"status-publish","4":"has-post-thumbnail","6":"product_cat-oyun-aksesuar-giyilebilir-teknoloji-elektronik-oyun-aksesuar","8":"first","9":"instock","10":"purchasable","11":"product-type-simple","12":"entry","13":"content-bg","14":"loop-entry"},"_links":{"self":[{"href":"https:\/\/www.hediyepazar.com\/index.php?rest_route=\/wp\/v2\/product\/103251","targetHints":{"allow":["GET"]}}],"collection":[{"href":"https:\/\/www.hediyepazar.com\/index.php?rest_route=\/wp\/v2\/product"}],"about":[{"href":"https:\/\/www.hediyepazar.com\/index.php?rest_route=\/wp\/v2\/types\/product"}],"replies":[{"embeddable":true,"href":"https:\/\/www.hediyepazar.com\/index.php?rest_route=%2Fwp%2Fv2%2Fcomments&post=103251"}],"wp:featuredmedia":[{"embeddable":true,"href":"https:\/\/www.hediyepazar.com\/index.php?rest_route=\/wp\/v2\/media\/103250"}],"wp:attachment":[{"href":"https:\/\/www.hediyepazar.com\/index.php?rest_route=%2Fwp%2Fv2%2Fmedia&parent=103251"}],"wp:term":[{"taxonomy":"product_brand","embeddable":true,"href":"https:\/\/www.hediyepazar.com\/index.php?rest_route=%2Fwp%2Fv2%2Fproduct_brand&post=103251"},{"taxonomy":"product_cat","embeddable":true,"href":"https:\/\/www.hediyepazar.com\/index.php?rest_route=%2Fwp%2Fv2%2Fproduct_cat&post=103251"},{"taxonomy":"product_tag","embeddable":true,"href":"https:\/\/www.hediyepazar.com\/index.php?rest_route=%2Fwp%2Fv2%2Fproduct_tag&post=103251"}],"curies":[{"name":"wp","href":"https:\/\/api.w.org\/{rel}","templated":true}]}}