{"id":103328,"date":"2026-05-04T10:01:18","date_gmt":"2026-05-04T13:01:18","guid":{"rendered":"https:\/\/www.hediyepazar.com\/?product=ally-70-parca-elektronikci-endustriyel-tornavida-tamir-seti-5775"},"modified":"2026-05-04T10:01:18","modified_gmt":"2026-05-04T13:01:18","slug":"ally-70-parca-elektronikci-endustriyel-tornavida-tamir-seti-5775","status":"publish","type":"product","link":"https:\/\/www.hediyepazar.com\/?product=ally-70-parca-elektronikci-endustriyel-tornavida-tamir-seti-5775","title":{"rendered":"ALLY 70 Par\u00e7a Elektronik\u00e7i End\u00fcstriyel Tornavida Tamir Seti-(5775)"},"content":{"rendered":"<p><strong>ALLY 70 Par&ccedil;a Elektronik&ccedil;i End&uuml;striyel Tornavida Tamir Seti<\/strong><img decoding=\"async\" data-cke-saved-src=\"https:\/\/cdn.myikas.com\/images\/4b0890c4-46f7-49c5-9b0d-d8f3dae632d6\/ed2c0f50-ebb3-4eea-b9cb-1af38b4932c3\/image_1950.webp\" src=\"https:\/\/hepsicdn.com.tr\/static\/product_detail\/hbnet7478541d_4928411.webp\"><img decoding=\"async\" data-cke-saved-src=\"https:\/\/cdn.myikas.com\/images\/4b0890c4-46f7-49c5-9b0d-d8f3dae632d6\/195b33d8-de04-4702-aab2-bbfd1d60b529\/image_1950.webp\" src=\"https:\/\/hepsicdn.com.tr\/static\/product_detail\/hbnet7478541d_4928412.webp\"><br \/><img decoding=\"async\" data-cke-saved-src=\"https:\/\/cdn.myikas.com\/images\/4b0890c4-46f7-49c5-9b0d-d8f3dae632d6\/c4b929e1-9aeb-41e5-b7bf-d5612ab65683\/image_1950.webp\" src=\"https:\/\/hepsicdn.com.tr\/static\/product_detail\/hbnet7478541d_4928413.webp\"><img decoding=\"async\" data-cke-saved-src=\"https:\/\/cdn.myikas.com\/images\/4b0890c4-46f7-49c5-9b0d-d8f3dae632d6\/9b04cf05-4291-4c75-8e4f-312c28217f91\/image_1950.webp\" src=\"https:\/\/hepsicdn.com.tr\/static\/product_detail\/hbnet7478541d_4928414.webp\"><img decoding=\"async\" data-cke-saved-src=\"https:\/\/cdn.myikas.com\/images\/4b0890c4-46f7-49c5-9b0d-d8f3dae632d6\/16eb9aa9-3eb6-43d3-9689-399deb83be76\/image_1950.webp\" src=\"https:\/\/hepsicdn.com.tr\/static\/product_detail\/hbnet7478541d_4928415.webp\"><img decoding=\"async\" data-cke-saved-src=\"https:\/\/cdn.myikas.com\/images\/4b0890c4-46f7-49c5-9b0d-d8f3dae632d6\/8b240824-720d-44f6-b329-91ba1a793e25\/image_1950.webp\" src=\"https:\/\/hepsicdn.com.tr\/static\/product_detail\/hbnet7478541d_4928416.webp\"><img decoding=\"async\" data-cke-saved-src=\"https:\/\/cdn.myikas.com\/images\/4b0890c4-46f7-49c5-9b0d-d8f3dae632d6\/0492b275-92f4-4c26-b11a-77b7dc8c9d62\/image_1950.webp\" src=\"https:\/\/hepsicdn.com.tr\/static\/product_detail\/hbnet7478541d_4928417.webp\"><img decoding=\"async\" data-cke-saved-src=\"https:\/\/cdn.myikas.com\/images\/4b0890c4-46f7-49c5-9b0d-d8f3dae632d6\/ff28f4ba-e7b9-418c-a9b2-bfa494d2e7e2\/image_1950.webp\" src=\"https:\/\/hepsicdn.com.tr\/static\/product_detail\/hbnet7478541d_4928418.webp\"><img decoding=\"async\" data-cke-saved-src=\"https:\/\/cdn.myikas.com\/images\/4b0890c4-46f7-49c5-9b0d-d8f3dae632d6\/0d2fa59e-a154-4849-9192-782b2828cfbe\/image_1950.webp\" src=\"https:\/\/hepsicdn.com.tr\/static\/product_detail\/hbnet7478541d_4928419.webp\">&#8203;<strong>ALLY 70 Par&ccedil;a Elektronik&ccedil;i End&uuml;striyel Tornavida Tamir Seti<\/strong><br \/>70 par&ccedil;adan olu&#351;an Ally Tornavida Seti evinizde, arac&#305;n&#305;zda, ofisinizde ve her alanda yan&#305;n&#305;zda!<br \/>Hafif ve kompakt tasar&#305;ma sahiptir.<br \/>Y&uuml;ksek sertlik ve dayan&#305;kl&#305;l&#305;&#287;&#305; sayesinde uzun &ouml;m&uuml;rl&uuml;d&uuml;r.<br \/>Malzeme: PP ve CR-V &Ccedil;elik<br \/>Sertlik: H.R.C. 50-52<br \/>Kaymaz sapa sahiptir, bu sayede g&uuml;venli ve konforlu &ccedil;al&#305;&#351;ma konforu sunar.<br \/>Cep telefonu, laptop, hoparl&ouml;r ve di&#287;er elektronik cihazlar&#305;n tamiri i&ccedil;in idealdir.<br \/>Boyutlar: 200x140x48mm<\/p>\n","protected":false},"excerpt":{"rendered":"<p>ALLY 70 Par&ccedil;a Elektronik&ccedil;i End&uuml;striyel Tornavida Tamir Seti&#8203;ALLY 70 Par&ccedil;a Elektronik&ccedil;i End&uuml;striyel Tornavida Tamir Seti70 par&ccedil;adan olu&#351;an Ally Tornavida Seti evinizde, arac&#305;n&#305;zda, ofisinizde ve her alanda yan&#305;n&#305;zda!Hafif ve kompakt tasar&#305;ma sahiptir.Y&uuml;ksek sertlik ve dayan&#305;kl&#305;l&#305;&#287;&#305; sayesinde uzun &ouml;m&uuml;rl&uuml;d&uuml;r.Malzeme: PP ve CR-V &Ccedil;elikSertlik: H.R.C. 50-52Kaymaz sapa sahiptir, bu sayede g&uuml;venli ve konforlu &ccedil;al&#305;&#351;ma konforu sunar.Cep telefonu, laptop,&#8230;<\/p>\n","protected":false},"featured_media":103327,"comment_status":"open","ping_status":"closed","template":"","meta":{"_kad_post_transparent":"","_kad_post_title":"","_kad_post_layout":"","_kad_post_sidebar_id":"","_kad_post_content_style":"","_kad_post_vertical_padding":"","_kad_post_feature":"","_kad_post_feature_position":"","_kad_post_header":false,"_kad_post_footer":false,"_kad_post_classname":""},"product_brand":[],"product_cat":[14575],"product_tag":[],"class_list":{"0":"post-103328","1":"product","2":"type-product","3":"status-publish","4":"has-post-thumbnail","6":"product_cat-tamir-seti-tamir-malzemeleri-elektronik-tamir-seti","8":"first","9":"instock","10":"purchasable","11":"product-type-simple","12":"entry","13":"content-bg","14":"loop-entry"},"_links":{"self":[{"href":"https:\/\/www.hediyepazar.com\/index.php?rest_route=\/wp\/v2\/product\/103328","targetHints":{"allow":["GET"]}}],"collection":[{"href":"https:\/\/www.hediyepazar.com\/index.php?rest_route=\/wp\/v2\/product"}],"about":[{"href":"https:\/\/www.hediyepazar.com\/index.php?rest_route=\/wp\/v2\/types\/product"}],"replies":[{"embeddable":true,"href":"https:\/\/www.hediyepazar.com\/index.php?rest_route=%2Fwp%2Fv2%2Fcomments&post=103328"}],"wp:featuredmedia":[{"embeddable":true,"href":"https:\/\/www.hediyepazar.com\/index.php?rest_route=\/wp\/v2\/media\/103327"}],"wp:attachment":[{"href":"https:\/\/www.hediyepazar.com\/index.php?rest_route=%2Fwp%2Fv2%2Fmedia&parent=103328"}],"wp:term":[{"taxonomy":"product_brand","embeddable":true,"href":"https:\/\/www.hediyepazar.com\/index.php?rest_route=%2Fwp%2Fv2%2Fproduct_brand&post=103328"},{"taxonomy":"product_cat","embeddable":true,"href":"https:\/\/www.hediyepazar.com\/index.php?rest_route=%2Fwp%2Fv2%2Fproduct_cat&post=103328"},{"taxonomy":"product_tag","embeddable":true,"href":"https:\/\/www.hediyepazar.com\/index.php?rest_route=%2Fwp%2Fv2%2Fproduct_tag&post=103328"}],"curies":[{"name":"wp","href":"https:\/\/api.w.org\/{rel}","templated":true}]}}