{"id":103372,"date":"2026-05-04T10:07:15","date_gmt":"2026-05-04T13:07:15","guid":{"rendered":"https:\/\/www.hediyepazar.com\/?product=iphone-11-6-1inc-kamera-korumali-premium-silikon-kilif-5775"},"modified":"2026-05-04T10:07:15","modified_gmt":"2026-05-04T13:07:15","slug":"iphone-11-6-1inc-kamera-korumali-premium-silikon-kilif-5775","status":"publish","type":"product","link":"https:\/\/www.hediyepazar.com\/?product=iphone-11-6-1inc-kamera-korumali-premium-silikon-kilif-5775","title":{"rendered":"iPhone 11 6.1in\u00e7 Kamera Korumal\u0131 Premium Silikon K\u0131l\u0131f-(5775)"},"content":{"rendered":"<p>&#8203;<\/p>\n<p><strong>iPhone 11 6.1in&ccedil; Kamera Korumal&#305; Premium Silikon K&#305;l&#305;f<\/strong><img decoding=\"async\" data-cke-saved-src=\"https:\/\/cdn.myikas.com\/images\/4b0890c4-46f7-49c5-9b0d-d8f3dae632d6\/6254c159-9c53-406e-b0c2-f82a8c60b02f\/image_1950.webp\" src=\"https:\/\/hepsicdn.com.tr\/static\/product_detail\/hbnetf414f7c0_4931111.webp\"><img decoding=\"async\" data-cke-saved-src=\"https:\/\/cdn.myikas.com\/images\/4b0890c4-46f7-49c5-9b0d-d8f3dae632d6\/dea8f085-a359-4cf4-9c38-2a2a979d2576\/image_1950.webp\" src=\"https:\/\/hepsicdn.com.tr\/static\/product_detail\/hbnetf414f7c0_4931112.webp\"><img decoding=\"async\" data-cke-saved-src=\"https:\/\/cdn.myikas.com\/images\/4b0890c4-46f7-49c5-9b0d-d8f3dae632d6\/8275cead-c682-4186-87e5-62bbaaf4fb58\/image_1950.webp\" src=\"https:\/\/hepsicdn.com.tr\/static\/product_detail\/hbnetf414f7c0_4931113.webp\"><\/p>\n<p><img decoding=\"async\" data-cke-saved-src=\"https:\/\/cdn.myikas.com\/images\/4b0890c4-46f7-49c5-9b0d-d8f3dae632d6\/589428d2-bcd1-45cd-9e51-f76efa9e34ae\/image_1950.webp\" src=\"https:\/\/hepsicdn.com.tr\/static\/product_detail\/hbnetf414f7c0_4931114.webp\"><br \/><img decoding=\"async\" data-cke-saved-src=\"https:\/\/cdn.myikas.com\/images\/4b0890c4-46f7-49c5-9b0d-d8f3dae632d6\/5cc153c9-9507-444d-816c-ed504c61a470\/image_1950.webp\" src=\"https:\/\/hepsicdn.com.tr\/static\/product_detail\/hbnetf414f7c0_4931115.webp\"><img decoding=\"async\" data-cke-saved-src=\"https:\/\/cdn.myikas.com\/images\/4b0890c4-46f7-49c5-9b0d-d8f3dae632d6\/20373f4e-31a9-4150-bd26-11f877a511b9\/image_1950.webp\" src=\"https:\/\/hepsicdn.com.tr\/static\/product_detail\/hbnetf414f7c0_4931116.webp\"><br \/><img decoding=\"async\" data-cke-saved-src=\"https:\/\/cdn.myikas.com\/images\/4b0890c4-46f7-49c5-9b0d-d8f3dae632d6\/0e435df2-35d7-4f26-b512-1cc6f0f417e2\/image_1950.webp\" src=\"https:\/\/hepsicdn.com.tr\/static\/product_detail\/hbnetf414f7c0_4931117.webp\"><br \/><strong>iPhone 11 6.1in&ccedil; Kamera Korumal&#305; Premium Silikon K&#305;l&#305;f<\/strong>Polikarbonat TPU materyalden &uuml;retilmi&#351;tir.<br \/>&#350;&#305;k ve g&ouml;z al&#305;c&#305; tasar&#305;ma sahip k&#305;l&#305;f, g&ouml;ze hitap ederken telefonunuzu da &ccedil;izilmelere kar&#351;&#305; korur.<br \/>Dayan&#305;kl&#305; ve &ccedil;izilme kar&#351;&#305;t&#305; malzemeden yap&#305;lm&#305;&#351;t&#305;r.&nbsp;<br \/>Renkli &ccedil;er&ccedil;eve detay&#305;na sahiptir.<br \/>Dokulu y&uuml;zeyi, el terlemesini &ouml;nler ve parmak izi b&#305;rakmaz.<br \/>Tu&#351;lara kolay eri&#351;imi sa&#287;lamak amac&#305;yla incelikli bir i&#351;&ccedil;ili&#287;e sahiptir.<br \/>Lens korumas&#305;, telefonunuzun kameras&#305;n&#305; k&#305;r&#305;lmaya, &ccedil;izilmeye ve &ccedil;atlamaya kar&#351;&#305; korur.<br \/>Uyumluluk:<strong style=\"text-align: -webkit-center;\">iPhone 11 6.1in&ccedil;<\/strong><\/p>\n","protected":false},"excerpt":{"rendered":"<p>&#8203; iPhone 11 6.1in&ccedil; Kamera Korumal&#305; Premium Silikon K&#305;l&#305;f iPhone 11 6.1in&ccedil; Kamera Korumal&#305; Premium Silikon K&#305;l&#305;fPolikarbonat TPU materyalden &uuml;retilmi&#351;tir.&#350;&#305;k ve g&ouml;z al&#305;c&#305; tasar&#305;ma sahip k&#305;l&#305;f, g&ouml;ze hitap ederken telefonunuzu da &ccedil;izilmelere kar&#351;&#305; korur.Dayan&#305;kl&#305; ve &ccedil;izilme kar&#351;&#305;t&#305; malzemeden yap&#305;lm&#305;&#351;t&#305;r.&nbsp;Renkli &ccedil;er&ccedil;eve detay&#305;na sahiptir.Dokulu y&uuml;zeyi, el terlemesini &ouml;nler ve parmak izi b&#305;rakmaz.Tu&#351;lara kolay eri&#351;imi sa&#287;lamak amac&#305;yla incelikli&#8230;<\/p>\n","protected":false},"featured_media":103371,"comment_status":"open","ping_status":"closed","template":"","meta":{"_kad_post_transparent":"","_kad_post_title":"","_kad_post_layout":"","_kad_post_sidebar_id":"","_kad_post_content_style":"","_kad_post_vertical_padding":"","_kad_post_feature":"","_kad_post_feature_position":"","_kad_post_header":false,"_kad_post_footer":false,"_kad_post_classname":""},"product_brand":[],"product_cat":[14520],"product_tag":[],"class_list":{"0":"post-103372","1":"product","2":"type-product","3":"status-publish","4":"has-post-thumbnail","6":"product_cat-telefon-kilifi-cep-telefonu-aksesuarlari-cep-telefonu-elektronik-telefon-kilifi","8":"first","9":"instock","10":"purchasable","11":"product-type-simple","12":"entry","13":"content-bg","14":"loop-entry"},"_links":{"self":[{"href":"https:\/\/www.hediyepazar.com\/index.php?rest_route=\/wp\/v2\/product\/103372","targetHints":{"allow":["GET"]}}],"collection":[{"href":"https:\/\/www.hediyepazar.com\/index.php?rest_route=\/wp\/v2\/product"}],"about":[{"href":"https:\/\/www.hediyepazar.com\/index.php?rest_route=\/wp\/v2\/types\/product"}],"replies":[{"embeddable":true,"href":"https:\/\/www.hediyepazar.com\/index.php?rest_route=%2Fwp%2Fv2%2Fcomments&post=103372"}],"wp:featuredmedia":[{"embeddable":true,"href":"https:\/\/www.hediyepazar.com\/index.php?rest_route=\/wp\/v2\/media\/103371"}],"wp:attachment":[{"href":"https:\/\/www.hediyepazar.com\/index.php?rest_route=%2Fwp%2Fv2%2Fmedia&parent=103372"}],"wp:term":[{"taxonomy":"product_brand","embeddable":true,"href":"https:\/\/www.hediyepazar.com\/index.php?rest_route=%2Fwp%2Fv2%2Fproduct_brand&post=103372"},{"taxonomy":"product_cat","embeddable":true,"href":"https:\/\/www.hediyepazar.com\/index.php?rest_route=%2Fwp%2Fv2%2Fproduct_cat&post=103372"},{"taxonomy":"product_tag","embeddable":true,"href":"https:\/\/www.hediyepazar.com\/index.php?rest_route=%2Fwp%2Fv2%2Fproduct_tag&post=103372"}],"curies":[{"name":"wp","href":"https:\/\/api.w.org\/{rel}","templated":true}]}}