{"id":103384,"date":"2026-05-04T10:08:58","date_gmt":"2026-05-04T13:08:58","guid":{"rendered":"https:\/\/www.hediyepazar.com\/?product=kuulaa-universal-miknatisli-standli-cep-telefon-arac-tutucu-aluminum-5775"},"modified":"2026-05-04T10:08:58","modified_gmt":"2026-05-04T13:08:58","slug":"kuulaa-universal-miknatisli-standli-cep-telefon-arac-tutucu-aluminum-5775","status":"publish","type":"product","link":"https:\/\/www.hediyepazar.com\/?product=kuulaa-universal-miknatisli-standli-cep-telefon-arac-tutucu-aluminum-5775","title":{"rendered":"KUULAA Universal M\u0131knat\u0131sl\u0131 Standl\u0131 Cep Telefon Ara\u00e7 Tutucu Aluminum-(5775)"},"content":{"rendered":"<p><strong>KUULAA Universal M&#305;knat&#305;sl&#305; Standl&#305; Cep Telefon Ara&ccedil; Tutucu Aluminum<\/strong><\/p>\n<p><img decoding=\"async\" data-cke-saved-src=\"https:\/\/cdn.myikas.com\/images\/4b0890c4-46f7-49c5-9b0d-d8f3dae632d6\/64247144-292d-4ce8-8956-01cac6480e08\/image_1950.webp\" src=\"https:\/\/hepsicdn.com.tr\/static\/product_detail\/hbnetc5f0ae69_4931711.webp\"><\/p>\n<p><img decoding=\"async\" data-cke-saved-src=\"https:\/\/cdn.myikas.com\/images\/4b0890c4-46f7-49c5-9b0d-d8f3dae632d6\/d7b860f2-333c-475d-83f5-fa8e94f76435\/image_1950.webp\" src=\"https:\/\/hepsicdn.com.tr\/static\/product_detail\/hbnetc5f0ae69_4931712.webp\"><\/p>\n<p><img decoding=\"async\" data-cke-saved-src=\"https:\/\/cdn.myikas.com\/images\/4b0890c4-46f7-49c5-9b0d-d8f3dae632d6\/7679c851-554d-4ca1-9acb-5dd53105ea57\/image_1950.webp\" src=\"https:\/\/hepsicdn.com.tr\/static\/product_detail\/hbnetc5f0ae69_4931713.webp\"><\/p>\n<p><img decoding=\"async\" data-cke-saved-src=\"https:\/\/cdn.myikas.com\/images\/4b0890c4-46f7-49c5-9b0d-d8f3dae632d6\/fb2bbedc-ca64-42d8-a2ba-b61c00692242\/image_1950.webp\" src=\"https:\/\/hepsicdn.com.tr\/static\/product_detail\/hbnetc5f0ae69_4931714.webp\"><\/p>\n<p><img decoding=\"async\" data-cke-saved-src=\"https:\/\/cdn.myikas.com\/images\/4b0890c4-46f7-49c5-9b0d-d8f3dae632d6\/bf6afa09-c8df-4c7b-b662-11a66ed69349\/image_1950.webp\" src=\"https:\/\/hepsicdn.com.tr\/static\/product_detail\/hbnetc5f0ae69_4931715.webp\"><\/p>\n<p><img decoding=\"async\" data-cke-saved-src=\"https:\/\/cdn.myikas.com\/images\/4b0890c4-46f7-49c5-9b0d-d8f3dae632d6\/75e9f33f-0147-4684-b9ed-bba0c095983e\/image_1950.webp\" src=\"https:\/\/hepsicdn.com.tr\/static\/product_detail\/hbnetc5f0ae69_4931716.webp\"><\/p>\n<p><img decoding=\"async\" data-cke-saved-src=\"https:\/\/cdn.myikas.com\/images\/4b0890c4-46f7-49c5-9b0d-d8f3dae632d6\/b7ed4237-c9dd-4339-975f-7ee89868be0c\/image_1950.webp\" src=\"https:\/\/hepsicdn.com.tr\/static\/product_detail\/hbnetc5f0ae69_4931717.webp\"><\/p>\n<p><strong>KUULAA Universal M&#305;knat&#305;sl&#305; Standl&#305; Cep Telefon Ara&ccedil; Tutucu Aluminum<\/strong><br \/>Zarif ve kullan&#305;&#351;l&#305; tasar&#305;m&#305; sayesinde telefonunuzu g&uuml;venle kullanabilirsiniz.<br \/>360 derece d&ouml;nebilen dizayn&#305; telefonunuzu s&uuml;r&uuml;&#351; esnas&#305;nda kontrol etmeyi kolayla&#351;t&#305;r&#305;r.<br \/>Ultra g&uuml;&ccedil;l&uuml; m&#305;knat&#305;s&#305; sayesinde en engebeli da&#287; yollar&#305;nda bile sars&#305;lma yapmaz.<br \/>Tek elle kullan&#305;m i&ccedil;in idealdir.&nbsp;<br \/>Dayan&#305;kl&#305; ve uzun &ouml;m&uuml;rl&uuml;d&uuml;r.<br \/>Son derece &#351;&#305;k ve modern g&ouml;r&uuml;n&uuml;me sahiptir.<br \/>S&uuml;r&uuml;c&uuml;n&uuml;n g&ouml;r&uuml;&#351; a&ccedil;&#305;s&#305;n&#305; k&#305;s&#305;tlamaz ve g&uuml;venli s&uuml;r&uuml;&#351; deneyimi sunar.<\/p>\n<p><\/p>\n","protected":false},"excerpt":{"rendered":"<p>KUULAA Universal M&#305;knat&#305;sl&#305; Standl&#305; Cep Telefon Ara&ccedil; Tutucu Aluminum KUULAA Universal M&#305;knat&#305;sl&#305; Standl&#305; Cep Telefon Ara&ccedil; Tutucu AluminumZarif ve kullan&#305;&#351;l&#305; tasar&#305;m&#305; sayesinde telefonunuzu g&uuml;venle kullanabilirsiniz.360 derece d&ouml;nebilen dizayn&#305; telefonunuzu s&uuml;r&uuml;&#351; esnas&#305;nda kontrol etmeyi kolayla&#351;t&#305;r&#305;r.Ultra g&uuml;&ccedil;l&uuml; m&#305;knat&#305;s&#305; sayesinde en engebeli da&#287; yollar&#305;nda bile sars&#305;lma yapmaz.Tek elle kullan&#305;m i&ccedil;in idealdir.&nbsp;Dayan&#305;kl&#305; ve uzun &ouml;m&uuml;rl&uuml;d&uuml;r.Son derece &#351;&#305;k ve modern&#8230;<\/p>\n","protected":false},"featured_media":103383,"comment_status":"open","ping_status":"closed","template":"","meta":{"_kad_post_transparent":"","_kad_post_title":"","_kad_post_layout":"","_kad_post_sidebar_id":"","_kad_post_content_style":"","_kad_post_vertical_padding":"","_kad_post_feature":"","_kad_post_feature_position":"","_kad_post_header":false,"_kad_post_footer":false,"_kad_post_classname":""},"product_brand":[],"product_cat":[14532],"product_tag":[],"class_list":{"0":"post-103384","1":"product","2":"type-product","3":"status-publish","4":"has-post-thumbnail","6":"product_cat-oto-aksesuarlari-cep-telefonu-elektronik-oto-aksesuarlari","8":"first","9":"instock","10":"purchasable","11":"product-type-simple","12":"entry","13":"content-bg","14":"loop-entry"},"_links":{"self":[{"href":"https:\/\/www.hediyepazar.com\/index.php?rest_route=\/wp\/v2\/product\/103384","targetHints":{"allow":["GET"]}}],"collection":[{"href":"https:\/\/www.hediyepazar.com\/index.php?rest_route=\/wp\/v2\/product"}],"about":[{"href":"https:\/\/www.hediyepazar.com\/index.php?rest_route=\/wp\/v2\/types\/product"}],"replies":[{"embeddable":true,"href":"https:\/\/www.hediyepazar.com\/index.php?rest_route=%2Fwp%2Fv2%2Fcomments&post=103384"}],"wp:featuredmedia":[{"embeddable":true,"href":"https:\/\/www.hediyepazar.com\/index.php?rest_route=\/wp\/v2\/media\/103383"}],"wp:attachment":[{"href":"https:\/\/www.hediyepazar.com\/index.php?rest_route=%2Fwp%2Fv2%2Fmedia&parent=103384"}],"wp:term":[{"taxonomy":"product_brand","embeddable":true,"href":"https:\/\/www.hediyepazar.com\/index.php?rest_route=%2Fwp%2Fv2%2Fproduct_brand&post=103384"},{"taxonomy":"product_cat","embeddable":true,"href":"https:\/\/www.hediyepazar.com\/index.php?rest_route=%2Fwp%2Fv2%2Fproduct_cat&post=103384"},{"taxonomy":"product_tag","embeddable":true,"href":"https:\/\/www.hediyepazar.com\/index.php?rest_route=%2Fwp%2Fv2%2Fproduct_tag&post=103384"}],"curies":[{"name":"wp","href":"https:\/\/api.w.org\/{rel}","templated":true}]}}