{"id":103388,"date":"2026-05-04T10:09:09","date_gmt":"2026-05-04T13:09:09","guid":{"rendered":"https:\/\/www.hediyepazar.com\/?product=kuulaa-guclu-miknatisli-manyetik-standli-cep-telefon-arac-tutucu-5775"},"modified":"2026-05-04T10:09:09","modified_gmt":"2026-05-04T13:09:09","slug":"kuulaa-guclu-miknatisli-manyetik-standli-cep-telefon-arac-tutucu-5775","status":"publish","type":"product","link":"https:\/\/www.hediyepazar.com\/?product=kuulaa-guclu-miknatisli-manyetik-standli-cep-telefon-arac-tutucu-5775","title":{"rendered":"KUULAA G\u00fc\u00e7l\u00fc M\u0131knat\u0131sl\u0131 Manyetik Standl\u0131 Cep Telefon Ara\u00e7 Tutucu-(5775)"},"content":{"rendered":"<p><strong>KUULAA G&uuml;&ccedil;l&uuml; M&#305;knat&#305;sl&#305; Manyetik Standl&#305; Cep Telefon Ara&ccedil; Tutucu<\/strong><\/p>\n<p><img decoding=\"async\" data-cke-saved-src=\"https:\/\/cdn.myikas.com\/images\/4b0890c4-46f7-49c5-9b0d-d8f3dae632d6\/8c525036-ae09-45d6-a797-00ceabd6d0cd\/image_1950.webp\" src=\"https:\/\/hepsicdn.com.tr\/static\/product_detail\/hbnet4d2fcb87_4931911.webp\"><\/p>\n<p><img decoding=\"async\" data-cke-saved-src=\"https:\/\/cdn.myikas.com\/images\/4b0890c4-46f7-49c5-9b0d-d8f3dae632d6\/524b0a17-444e-48e4-9e71-b63c09743088\/image_1950.webp\" src=\"https:\/\/hepsicdn.com.tr\/static\/product_detail\/hbnet4d2fcb87_4931912.webp\"><\/p>\n<p><img decoding=\"async\" data-cke-saved-src=\"https:\/\/cdn.myikas.com\/images\/4b0890c4-46f7-49c5-9b0d-d8f3dae632d6\/7f988990-dbfc-4aab-afd7-308de470222a\/image_1950.webp\" src=\"https:\/\/hepsicdn.com.tr\/static\/product_detail\/hbnet4d2fcb87_4931913.webp\"><\/p>\n<p><img decoding=\"async\" data-cke-saved-src=\"https:\/\/cdn.myikas.com\/images\/4b0890c4-46f7-49c5-9b0d-d8f3dae632d6\/a60a84c8-2297-4d85-a917-2d3ba9050d29\/image_1950.webp\" src=\"https:\/\/hepsicdn.com.tr\/static\/product_detail\/hbnet4d2fcb87_4931914.webp\"><\/p>\n<p><img decoding=\"async\" data-cke-saved-src=\"https:\/\/cdn.myikas.com\/images\/4b0890c4-46f7-49c5-9b0d-d8f3dae632d6\/f8e57b9c-b216-4fda-aba5-5636c7c1cdee\/image_1950.webp\" src=\"https:\/\/hepsicdn.com.tr\/static\/product_detail\/hbnet4d2fcb87_4931915.webp\"><\/p>\n<p><strong>KUULAA G&uuml;&ccedil;l&uuml; M&#305;knat&#305;sl&#305; Manyetik Standl&#305; Cep Telefon Ara&ccedil; Tutucu<\/strong><br \/>Uygun y&uuml;zeylere kolayl&#305;kla yerle&#351;tirilebilir.<br \/>Son derece &#351;&#305;k ve modern g&ouml;r&uuml;n&uuml;me sahiptir.<br \/>KUULAA G&uuml;&ccedil;l&uuml; M&#305;knat&#305;sl&#305; Manyetik Standl&#305; Cep Telefon Ara&ccedil; Tutucu, rahat g&ouml;r&uuml;&#351; sunar.<br \/>&Uuml;r&uuml;n 6 adet dahili m&#305;knat&#305;s sayesinde beklentinizin &uuml;zerinde bir tutu&#351; sa&#287;lar ve &uuml;zerine tutturdu&#287;unuz cihaz&#305;n kaymas&#305;na izin vermez.<br \/>360&deg; d&ouml;nebilen ba&#351;l&#305;&#287;&#305; sayesinde ak&#305;ll&#305; cihaz&#305;n&#305;z&#305;n ekran&#305;n&#305; diledi&#287;iniz a&ccedil;&#305;dan kolayl&#305;kla g&ouml;rebilirsiniz.&nbsp;<br \/>4.7-6.7 in&ccedil; cep telefonlar&#305; i&ccedil;in uyumludur.<br \/>Boyutlar: 43*74.5cm<br \/>A&#287;&#305;rl&#305;k: 73gr<br \/>Malzeme: Al&uuml;minyum ala&#351;&#305;m + silikon<\/p>\n","protected":false},"excerpt":{"rendered":"<p>KUULAA G&uuml;&ccedil;l&uuml; M&#305;knat&#305;sl&#305; Manyetik Standl&#305; Cep Telefon Ara&ccedil; Tutucu KUULAA G&uuml;&ccedil;l&uuml; M&#305;knat&#305;sl&#305; Manyetik Standl&#305; Cep Telefon Ara&ccedil; TutucuUygun y&uuml;zeylere kolayl&#305;kla yerle&#351;tirilebilir.Son derece &#351;&#305;k ve modern g&ouml;r&uuml;n&uuml;me sahiptir.KUULAA G&uuml;&ccedil;l&uuml; M&#305;knat&#305;sl&#305; Manyetik Standl&#305; Cep Telefon Ara&ccedil; Tutucu, rahat g&ouml;r&uuml;&#351; sunar.&Uuml;r&uuml;n 6 adet dahili m&#305;knat&#305;s sayesinde beklentinizin &uuml;zerinde bir tutu&#351; sa&#287;lar ve &uuml;zerine tutturdu&#287;unuz cihaz&#305;n kaymas&#305;na izin vermez.360&deg;&#8230;<\/p>\n","protected":false},"featured_media":103387,"comment_status":"open","ping_status":"closed","template":"","meta":{"_kad_post_transparent":"","_kad_post_title":"","_kad_post_layout":"","_kad_post_sidebar_id":"","_kad_post_content_style":"","_kad_post_vertical_padding":"","_kad_post_feature":"","_kad_post_feature_position":"","_kad_post_header":false,"_kad_post_footer":false,"_kad_post_classname":""},"product_brand":[],"product_cat":[14532],"product_tag":[],"class_list":{"0":"post-103388","1":"product","2":"type-product","3":"status-publish","4":"has-post-thumbnail","6":"product_cat-oto-aksesuarlari-cep-telefonu-elektronik-oto-aksesuarlari","8":"first","9":"instock","10":"purchasable","11":"product-type-simple","12":"entry","13":"content-bg","14":"loop-entry"},"_links":{"self":[{"href":"https:\/\/www.hediyepazar.com\/index.php?rest_route=\/wp\/v2\/product\/103388","targetHints":{"allow":["GET"]}}],"collection":[{"href":"https:\/\/www.hediyepazar.com\/index.php?rest_route=\/wp\/v2\/product"}],"about":[{"href":"https:\/\/www.hediyepazar.com\/index.php?rest_route=\/wp\/v2\/types\/product"}],"replies":[{"embeddable":true,"href":"https:\/\/www.hediyepazar.com\/index.php?rest_route=%2Fwp%2Fv2%2Fcomments&post=103388"}],"wp:featuredmedia":[{"embeddable":true,"href":"https:\/\/www.hediyepazar.com\/index.php?rest_route=\/wp\/v2\/media\/103387"}],"wp:attachment":[{"href":"https:\/\/www.hediyepazar.com\/index.php?rest_route=%2Fwp%2Fv2%2Fmedia&parent=103388"}],"wp:term":[{"taxonomy":"product_brand","embeddable":true,"href":"https:\/\/www.hediyepazar.com\/index.php?rest_route=%2Fwp%2Fv2%2Fproduct_brand&post=103388"},{"taxonomy":"product_cat","embeddable":true,"href":"https:\/\/www.hediyepazar.com\/index.php?rest_route=%2Fwp%2Fv2%2Fproduct_cat&post=103388"},{"taxonomy":"product_tag","embeddable":true,"href":"https:\/\/www.hediyepazar.com\/index.php?rest_route=%2Fwp%2Fv2%2Fproduct_tag&post=103388"}],"curies":[{"name":"wp","href":"https:\/\/api.w.org\/{rel}","templated":true}]}}