{"id":1034,"date":"2026-04-26T06:23:41","date_gmt":"2026-04-26T09:23:41","guid":{"rendered":"https:\/\/www.hediyepazar.com\/?product=quickstar-525-japon-yapistiricisi-20-gr"},"modified":"2026-04-26T06:23:45","modified_gmt":"2026-04-26T09:23:45","slug":"quickstar-525-japon-yapistiricisi-20-gr","status":"publish","type":"product","link":"https:\/\/www.hediyepazar.com\/?product=quickstar-525-japon-yapistiricisi-20-gr","title":{"rendered":"Quickstar 525 Japon Yap\u0131\u015ft\u0131r\u0131c\u0131s\u0131 20 Gr."},"content":{"rendered":"<p>Quickstar 525 Japon Yap\u0131\u015ft\u0131r\u0131c\u0131s\u0131 20 Gr.<\/p>\n","protected":false},"excerpt":{"rendered":"<p>Quickstar 525 Japon Yap\u0131\u015ft\u0131r\u0131c\u0131s\u0131 20 Gr.<\/p>\n","protected":false},"featured_media":1035,"comment_status":"closed","ping_status":"open","template":"","meta":{"_kad_post_transparent":"","_kad_post_title":"","_kad_post_layout":"","_kad_post_sidebar_id":"","_kad_post_content_style":"","_kad_post_vertical_padding":"","_kad_post_feature":"","_kad_post_feature_position":"","_kad_post_header":false,"_kad_post_footer":false,"_kad_post_classname":""},"product_brand":[],"product_cat":[207],"product_tag":[],"class_list":{"0":"post-1034","1":"product","2":"type-product","3":"status-publish","4":"has-post-thumbnail","6":"product_cat-hirdavat-malzemeleri-hirdavat-tamir-malzemeleri-hirdavat-ekipmanlari-diger","8":"first","9":"instock","10":"purchasable","11":"product-type-simple","12":"entry","13":"content-bg","14":"loop-entry"},"_links":{"self":[{"href":"https:\/\/www.hediyepazar.com\/index.php?rest_route=\/wp\/v2\/product\/1034","targetHints":{"allow":["GET"]}}],"collection":[{"href":"https:\/\/www.hediyepazar.com\/index.php?rest_route=\/wp\/v2\/product"}],"about":[{"href":"https:\/\/www.hediyepazar.com\/index.php?rest_route=\/wp\/v2\/types\/product"}],"replies":[{"embeddable":true,"href":"https:\/\/www.hediyepazar.com\/index.php?rest_route=%2Fwp%2Fv2%2Fcomments&post=1034"}],"wp:featuredmedia":[{"embeddable":true,"href":"https:\/\/www.hediyepazar.com\/index.php?rest_route=\/wp\/v2\/media\/1035"}],"wp:attachment":[{"href":"https:\/\/www.hediyepazar.com\/index.php?rest_route=%2Fwp%2Fv2%2Fmedia&parent=1034"}],"wp:term":[{"taxonomy":"product_brand","embeddable":true,"href":"https:\/\/www.hediyepazar.com\/index.php?rest_route=%2Fwp%2Fv2%2Fproduct_brand&post=1034"},{"taxonomy":"product_cat","embeddable":true,"href":"https:\/\/www.hediyepazar.com\/index.php?rest_route=%2Fwp%2Fv2%2Fproduct_cat&post=1034"},{"taxonomy":"product_tag","embeddable":true,"href":"https:\/\/www.hediyepazar.com\/index.php?rest_route=%2Fwp%2Fv2%2Fproduct_tag&post=1034"}],"curies":[{"name":"wp","href":"https:\/\/api.w.org\/{rel}","templated":true}]}}