{"id":103416,"date":"2026-05-04T10:13:19","date_gmt":"2026-05-04T13:13:19","guid":{"rendered":"https:\/\/www.hediyepazar.com\/?product=ezere-siyah-sac-acma-ve-tarama-fircasi-sac-taragi-5775"},"modified":"2026-05-04T10:13:19","modified_gmt":"2026-05-04T13:13:19","slug":"ezere-siyah-sac-acma-ve-tarama-fircasi-sac-taragi-5775","status":"publish","type":"product","link":"https:\/\/www.hediyepazar.com\/?product=ezere-siyah-sac-acma-ve-tarama-fircasi-sac-taragi-5775","title":{"rendered":"EZERE Siyah Sa\u00e7 A\u00e7ma Ve Tarama F\u0131r\u00e7as\u0131 Sa\u00e7 Tara\u011f\u0131-(5775)"},"content":{"rendered":"<p><strong>EZERE Siyah Sa&ccedil; A&ccedil;ma Ve Tarama F&#305;r&ccedil;as&#305; Sa&ccedil; Tara&#287;&#305;<\/strong><\/p>\n<p><img decoding=\"async\" data-cke-saved-src=\"https:\/\/cdn.myikas.com\/images\/4b0890c4-46f7-49c5-9b0d-d8f3dae632d6\/5cf70bd7-c0f8-4779-a81c-730173671c38\/image_1950.webp\" src=\"https:\/\/hepsicdn.com.tr\/static\/product_detail\/hbnetb5e3f16f_4934811.webp\"><\/p>\n<p><img decoding=\"async\" data-cke-saved-src=\"https:\/\/cdn.myikas.com\/images\/4b0890c4-46f7-49c5-9b0d-d8f3dae632d6\/f1d28284-a74e-4bb5-9583-409dd6c52b3d\/image_1950.webp\" src=\"https:\/\/hepsicdn.com.tr\/static\/product_detail\/hbnetb5e3f16f_4934812.webp\"><\/p>\n<p><img decoding=\"async\" data-cke-saved-src=\"https:\/\/cdn.myikas.com\/images\/4b0890c4-46f7-49c5-9b0d-d8f3dae632d6\/7229aaa4-0087-4369-8ed8-65bcf1c19855\/image_1950.webp\" src=\"https:\/\/hepsicdn.com.tr\/static\/product_detail\/hbnetb5e3f16f_4934813.webp\"><\/p>\n<p><img decoding=\"async\" data-cke-saved-src=\"https:\/\/cdn.myikas.com\/images\/4b0890c4-46f7-49c5-9b0d-d8f3dae632d6\/17d6994b-d327-4978-9cf7-e00e50291019\/image_1950.webp\" src=\"https:\/\/hepsicdn.com.tr\/static\/product_detail\/hbnetb5e3f16f_4934814.webp\"><\/p>\n<p><img decoding=\"async\" data-cke-saved-src=\"https:\/\/cdn.myikas.com\/images\/4b0890c4-46f7-49c5-9b0d-d8f3dae632d6\/e2acdeca-6af7-464b-9c04-928fae939253\/image_1950.webp\" src=\"https:\/\/hepsicdn.com.tr\/static\/product_detail\/hbnetb5e3f16f_4934815.webp\"><\/p>\n<p><strong>EZERE Siyah Sa&ccedil; A&ccedil;ma Ve Tarama F&#305;r&ccedil;as&#305; Sa&ccedil; Tara&#287;&#305;<\/strong><br \/>&Uuml;nl&uuml;ler ve sa&ccedil; tasar&#305;mc&#305;lar&#305; taraf&#305;ndan en &ccedil;ok sevilen sa&ccedil; &#351;ekillendirme tara&#287;&#305; ile tan&#305;&#351;maya haz&#305;r m&#305;s&#305;n&#305;z?<br \/>EZERE Sa&ccedil; Tara&#287;&#305;, &#305;slak veya kuru sa&ccedil;&#305; an&#305;nda a&ccedil;arak kolayca &#351;ekil vermenize olanak sunuyor.<br \/>&#304;novatif sa&ccedil; f&#305;r&ccedil;as&#305; ile sa&ccedil;lar&#305;n&#305;z&#305; saniyeler i&ccedil;inde kolayca tarayabilirsiniz.<br \/>Sa&ccedil;lar&#305; kibarca taramak ve &#351;ekillendirmek i&ccedil;in ergonomik sapa sahiptir.<br \/>F&ouml;n &ccedil;ekerken veya &#351;ekillendirici kullan&#305;rken de i&#351;inizi b&uuml;y&uuml;k &ouml;l&ccedil;&uuml;de kolayla&#351;t&#305;racak &#351;ekilde tasarlanm&#305;&#351;t&#305;r.<br \/>T&uuml;m sa&ccedil; tipleri (d&uuml;z, dalgal&#305;, k&#305;v&#305;rc&#305;k, bukleli) i&ccedil;in uygundur.<br \/>Sa&ccedil;lar&#305; k&#305;rmadan hafif&ccedil;e taraman&#305;z&#305; sa&#287;lar.<br \/>&Ouml;neri: Sa&ccedil;lar&#305;n&#305;z&#305; tararken &ouml;nce u&ccedil;lardan ba&#351;larsan&#305;z sa&ccedil;lar&#305;n&#305;z&#305;n k&#305;r&#305;larak d&ouml;k&uuml;lmesine engel olabilirsiniz.<br data-cke-eol=\"1\"\/><\/p>\n","protected":false},"excerpt":{"rendered":"<p>EZERE Siyah Sa&ccedil; A&ccedil;ma Ve Tarama F&#305;r&ccedil;as&#305; Sa&ccedil; Tara&#287;&#305; EZERE Siyah Sa&ccedil; A&ccedil;ma Ve Tarama F&#305;r&ccedil;as&#305; Sa&ccedil; Tara&#287;&#305;&Uuml;nl&uuml;ler ve sa&ccedil; tasar&#305;mc&#305;lar&#305; taraf&#305;ndan en &ccedil;ok sevilen sa&ccedil; &#351;ekillendirme tara&#287;&#305; ile tan&#305;&#351;maya haz&#305;r m&#305;s&#305;n&#305;z?EZERE Sa&ccedil; Tara&#287;&#305;, &#305;slak veya kuru sa&ccedil;&#305; an&#305;nda a&ccedil;arak kolayca &#351;ekil vermenize olanak sunuyor.&#304;novatif sa&ccedil; f&#305;r&ccedil;as&#305; ile sa&ccedil;lar&#305;n&#305;z&#305; saniyeler i&ccedil;inde kolayca tarayabilirsiniz.Sa&ccedil;lar&#305; kibarca taramak&#8230;<\/p>\n","protected":false},"featured_media":103415,"comment_status":"open","ping_status":"closed","template":"","meta":{"_kad_post_transparent":"","_kad_post_title":"","_kad_post_layout":"","_kad_post_sidebar_id":"","_kad_post_content_style":"","_kad_post_vertical_padding":"","_kad_post_feature":"","_kad_post_feature_position":"","_kad_post_header":false,"_kad_post_footer":false,"_kad_post_classname":""},"product_brand":[],"product_cat":[14500],"product_tag":[],"class_list":{"0":"post-103416","1":"product","2":"type-product","3":"status-publish","4":"has-post-thumbnail","6":"product_cat-vucut-bakimi-cilt-bakimi-kozmetik-vucut-bakimi-cilt-bakimi-kozmetik","8":"first","9":"instock","10":"purchasable","11":"product-type-simple","12":"entry","13":"content-bg","14":"loop-entry"},"_links":{"self":[{"href":"https:\/\/www.hediyepazar.com\/index.php?rest_route=\/wp\/v2\/product\/103416","targetHints":{"allow":["GET"]}}],"collection":[{"href":"https:\/\/www.hediyepazar.com\/index.php?rest_route=\/wp\/v2\/product"}],"about":[{"href":"https:\/\/www.hediyepazar.com\/index.php?rest_route=\/wp\/v2\/types\/product"}],"replies":[{"embeddable":true,"href":"https:\/\/www.hediyepazar.com\/index.php?rest_route=%2Fwp%2Fv2%2Fcomments&post=103416"}],"wp:featuredmedia":[{"embeddable":true,"href":"https:\/\/www.hediyepazar.com\/index.php?rest_route=\/wp\/v2\/media\/103415"}],"wp:attachment":[{"href":"https:\/\/www.hediyepazar.com\/index.php?rest_route=%2Fwp%2Fv2%2Fmedia&parent=103416"}],"wp:term":[{"taxonomy":"product_brand","embeddable":true,"href":"https:\/\/www.hediyepazar.com\/index.php?rest_route=%2Fwp%2Fv2%2Fproduct_brand&post=103416"},{"taxonomy":"product_cat","embeddable":true,"href":"https:\/\/www.hediyepazar.com\/index.php?rest_route=%2Fwp%2Fv2%2Fproduct_cat&post=103416"},{"taxonomy":"product_tag","embeddable":true,"href":"https:\/\/www.hediyepazar.com\/index.php?rest_route=%2Fwp%2Fv2%2Fproduct_tag&post=103416"}],"curies":[{"name":"wp","href":"https:\/\/api.w.org\/{rel}","templated":true}]}}