{"id":103500,"date":"2026-05-04T10:28:17","date_gmt":"2026-05-04T13:28:17","guid":{"rendered":"https:\/\/www.hediyepazar.com\/?product=ally-k3-isikli-kablolu-oyuncu-gaming-mouse-5775"},"modified":"2026-05-04T10:28:17","modified_gmt":"2026-05-04T13:28:17","slug":"ally-k3-isikli-kablolu-oyuncu-gaming-mouse-5775","status":"publish","type":"product","link":"https:\/\/www.hediyepazar.com\/?product=ally-k3-isikli-kablolu-oyuncu-gaming-mouse-5775","title":{"rendered":"ALLY K3 I\u015f\u0131kl\u0131 Kablolu Oyuncu- Gaming Mouse-(5775)"},"content":{"rendered":"<p><strong>ALLY K3&nbsp; I&#351;&#305;kl&#305; Kablolu Oyuncu- Gaming Mouse<\/strong><\/p>\n<p><img decoding=\"async\" data-cke-saved-src=\"https:\/\/cdn.myikas.com\/images\/4b0890c4-46f7-49c5-9b0d-d8f3dae632d6\/d4111b6c-51b6-4b07-8f48-2a99fb149f4b\/image_1950.webp\" src=\"https:\/\/hepsicdn.com.tr\/static\/product_detail\/hbnet6438e84f_4942211.webp\"><\/p>\n<p><img decoding=\"async\" data-cke-saved-src=\"https:\/\/cdn.myikas.com\/images\/4b0890c4-46f7-49c5-9b0d-d8f3dae632d6\/fbb6110c-543a-4ca2-ae0a-e0cbe5c911e7\/image_1950.webp\" src=\"https:\/\/hepsicdn.com.tr\/static\/product_detail\/hbnet6438e84f_4942212.webp\"><\/p>\n<p><img decoding=\"async\" data-cke-saved-src=\"https:\/\/cdn.myikas.com\/images\/4b0890c4-46f7-49c5-9b0d-d8f3dae632d6\/f9666ff5-6bc8-4524-9b99-2c1994fc4ce0\/image_1950.webp\" src=\"https:\/\/hepsicdn.com.tr\/static\/product_detail\/hbnet6438e84f_4942213.webp\"><\/p>\n<p><img decoding=\"async\" data-cke-saved-src=\"https:\/\/cdn.myikas.com\/images\/4b0890c4-46f7-49c5-9b0d-d8f3dae632d6\/e62dfeb0-c36e-40ec-b5c6-f2bac089aaec\/image_1950.webp\" src=\"https:\/\/hepsicdn.com.tr\/static\/product_detail\/hbnet6438e84f_4942214.webp\"><\/p>\n<p><img decoding=\"async\" data-cke-saved-src=\"https:\/\/cdn.myikas.com\/images\/4b0890c4-46f7-49c5-9b0d-d8f3dae632d6\/a8da968b-1f3d-4330-8b34-4cb59b5ff91b\/image_1950.webp\" src=\"https:\/\/hepsicdn.com.tr\/static\/product_detail\/hbnet6438e84f_4942215.webp\"><\/p>\n<p><img decoding=\"async\" data-cke-saved-src=\"https:\/\/cdn.myikas.com\/images\/4b0890c4-46f7-49c5-9b0d-d8f3dae632d6\/4ff59fad-b4bc-4c56-8662-7c02f7f5b6fb\/image_1950.webp\" src=\"https:\/\/hepsicdn.com.tr\/static\/product_detail\/hbnet6438e84f_4942216.webp\"><\/p>\n<p><img decoding=\"async\" data-cke-saved-src=\"https:\/\/cdn.myikas.com\/images\/4b0890c4-46f7-49c5-9b0d-d8f3dae632d6\/218b15cf-82f2-43a9-921e-b901ccc4842b\/image_1950.webp\" src=\"https:\/\/hepsicdn.com.tr\/static\/product_detail\/hbnet6438e84f_4942217.webp\"><\/p>\n<p><strong>ALLY K3 I&#351;&#305;kl&#305; Kablolu Oyuncu- Gaming Mouse<br \/><\/strong>Oyun konforunuzu artt&#305;rma prensibiyle &ouml;zel olarak &uuml;retilmi&#351;tir.<br \/>&#304;&ccedil; ve d&#305;&#351; y&uuml;zeyinde mouse&#8217;u daha rahat kavraman&#305;z&#305; sa&#287;lamak i&ccedil;in kayd&#305;rmaz y&uuml;zeye sahiptir.<br \/>&Ccedil;al&#305;&#351;ma Voltaj&#305;: 4.25-5.5V<br \/>&Ccedil;al&#305;&#351;ma Ak&#305;m&#305;: 100mA<br \/>Aray&uuml;z: USB<br \/>Kablo Uzunlu&#287;u: 1.5m<br \/>D&uuml;&#287;me Say&#305;s&#305;: 4<br \/>H&#305;zlanma: 102G&nbsp;<br \/>I&#351;&#305;k: Yedi farkl&#305; renk<br \/>&Ccedil;&ouml;z&uuml;n&uuml;rl&uuml;k: 800\/1200\/1600DPI<br \/>Tu&#351; &Ouml;mr&uuml;: 5000000 t&#305;klama<br \/>&Uuml;r&uuml;n Boyutu: 124*63*39mm<br \/>&Uuml;r&uuml;n A&#287;&#305;rl&#305;&#287;&#305;: 100g<\/p>\n","protected":false},"excerpt":{"rendered":"<p>ALLY K3&nbsp; I&#351;&#305;kl&#305; Kablolu Oyuncu- Gaming Mouse ALLY K3 I&#351;&#305;kl&#305; Kablolu Oyuncu- Gaming MouseOyun konforunuzu artt&#305;rma prensibiyle &ouml;zel olarak &uuml;retilmi&#351;tir.&#304;&ccedil; ve d&#305;&#351; y&uuml;zeyinde mouse&#8217;u daha rahat kavraman&#305;z&#305; sa&#287;lamak i&ccedil;in kayd&#305;rmaz y&uuml;zeye sahiptir.&Ccedil;al&#305;&#351;ma Voltaj&#305;: 4.25-5.5V&Ccedil;al&#305;&#351;ma Ak&#305;m&#305;: 100mAAray&uuml;z: USBKablo Uzunlu&#287;u: 1.5mD&uuml;&#287;me Say&#305;s&#305;: 4H&#305;zlanma: 102G&nbsp;I&#351;&#305;k: Yedi farkl&#305; renk&Ccedil;&ouml;z&uuml;n&uuml;rl&uuml;k: 800\/1200\/1600DPITu&#351; &Ouml;mr&uuml;: 5000000 t&#305;klama&Uuml;r&uuml;n Boyutu: 124*63*39mm&Uuml;r&uuml;n A&#287;&#305;rl&#305;&#287;&#305;: 100g<\/p>\n","protected":false},"featured_media":103499,"comment_status":"open","ping_status":"closed","template":"","meta":{"_kad_post_transparent":"","_kad_post_title":"","_kad_post_layout":"","_kad_post_sidebar_id":"","_kad_post_content_style":"","_kad_post_vertical_padding":"","_kad_post_feature":"","_kad_post_feature_position":"","_kad_post_header":false,"_kad_post_footer":false,"_kad_post_classname":""},"product_brand":[],"product_cat":[14481],"product_tag":[],"class_list":{"0":"post-103500","1":"product","2":"type-product","3":"status-publish","4":"has-post-thumbnail","6":"product_cat-bilgisayar-tablet-aksesuar-bilgisayar-tablet-elektronik-bilgisayar-tablet-aksesuar-bilgisayar-tablet-elektronik","8":"first","9":"instock","10":"purchasable","11":"product-type-simple","12":"entry","13":"content-bg","14":"loop-entry"},"_links":{"self":[{"href":"https:\/\/www.hediyepazar.com\/index.php?rest_route=\/wp\/v2\/product\/103500","targetHints":{"allow":["GET"]}}],"collection":[{"href":"https:\/\/www.hediyepazar.com\/index.php?rest_route=\/wp\/v2\/product"}],"about":[{"href":"https:\/\/www.hediyepazar.com\/index.php?rest_route=\/wp\/v2\/types\/product"}],"replies":[{"embeddable":true,"href":"https:\/\/www.hediyepazar.com\/index.php?rest_route=%2Fwp%2Fv2%2Fcomments&post=103500"}],"wp:featuredmedia":[{"embeddable":true,"href":"https:\/\/www.hediyepazar.com\/index.php?rest_route=\/wp\/v2\/media\/103499"}],"wp:attachment":[{"href":"https:\/\/www.hediyepazar.com\/index.php?rest_route=%2Fwp%2Fv2%2Fmedia&parent=103500"}],"wp:term":[{"taxonomy":"product_brand","embeddable":true,"href":"https:\/\/www.hediyepazar.com\/index.php?rest_route=%2Fwp%2Fv2%2Fproduct_brand&post=103500"},{"taxonomy":"product_cat","embeddable":true,"href":"https:\/\/www.hediyepazar.com\/index.php?rest_route=%2Fwp%2Fv2%2Fproduct_cat&post=103500"},{"taxonomy":"product_tag","embeddable":true,"href":"https:\/\/www.hediyepazar.com\/index.php?rest_route=%2Fwp%2Fv2%2Fproduct_tag&post=103500"}],"curies":[{"name":"wp","href":"https:\/\/api.w.org\/{rel}","templated":true}]}}