{"id":103526,"date":"2026-05-04T10:31:19","date_gmt":"2026-05-04T13:31:19","guid":{"rendered":"https:\/\/www.hediyepazar.com\/?product=ally-usb-c-to-usb-donusturucu-adaptor-kablo-5775"},"modified":"2026-05-04T10:31:19","modified_gmt":"2026-05-04T13:31:19","slug":"ally-usb-c-to-usb-donusturucu-adaptor-kablo-5775","status":"publish","type":"product","link":"https:\/\/www.hediyepazar.com\/?product=ally-usb-c-to-usb-donusturucu-adaptor-kablo-5775","title":{"rendered":"ALLY USB-C TO- USB D\u00f6n\u00fc\u015ft\u00fcr\u00fcc\u00fc Adapt\u00f6r Kablo-(5775)"},"content":{"rendered":"<p><strong>ALLY USB-C TO- USB D&ouml;n&uuml;&#351;t&uuml;r&uuml;c&uuml;&nbsp; Adapt&ouml;r Kablo<\/strong><\/p>\n<p><img decoding=\"async\" data-cke-saved-src=\"https:\/\/cdn.myikas.com\/images\/4b0890c4-46f7-49c5-9b0d-d8f3dae632d6\/27a86255-a556-4405-a7c9-cc02a5b3ef12\/image_1950.webp\" src=\"https:\/\/hepsicdn.com.tr\/static\/product_detail\/hbneta0acdc13_4944211.webp\"><\/p>\n<p><img decoding=\"async\" data-cke-saved-src=\"https:\/\/cdn.myikas.com\/images\/4b0890c4-46f7-49c5-9b0d-d8f3dae632d6\/b1ef59df-5e55-4493-95ce-22c34084daac\/image_1950.webp\" src=\"https:\/\/hepsicdn.com.tr\/static\/product_detail\/hbneta0acdc13_4944212.webp\"><\/p>\n<p><img decoding=\"async\" data-cke-saved-src=\"https:\/\/cdn.myikas.com\/images\/4b0890c4-46f7-49c5-9b0d-d8f3dae632d6\/4143bfca-77d5-4ff3-89e9-0503765afde9\/image_1950.webp\" src=\"https:\/\/hepsicdn.com.tr\/static\/product_detail\/hbneta0acdc13_4944213.webp\"><\/p>\n<p><strong>ALLY USB-C TO- USB D&ouml;n&uuml;&#351;t&uuml;r&uuml;c&uuml;&nbsp; Adapt&ouml;r Kablo<\/strong><br \/>Type-C &ccedil;&#305;k&#305;&#351;l&#305; Android cihazlar&#305; d&ouml;n&uuml;&#351;t&uuml;r&uuml;c&uuml;y&uuml; takarak USB &ccedil;&#305;k&#305;&#351;a &ccedil;evirmi&#351; olursunuz. Klavye, harici bellek, flash bellek, mouse ve benzeri harici cihazlar&#305; ba&#287;layabilmenize yarar.<br \/>Ev, ofis veya seyahat kullan&#305;m&#305; i&ccedil;in ideal<br \/>USB Di&#351;i Type-c Erkek&nbsp;<\/p>\n","protected":false},"excerpt":{"rendered":"<p>ALLY USB-C TO- USB D&ouml;n&uuml;&#351;t&uuml;r&uuml;c&uuml;&nbsp; Adapt&ouml;r Kablo ALLY USB-C TO- USB D&ouml;n&uuml;&#351;t&uuml;r&uuml;c&uuml;&nbsp; Adapt&ouml;r KabloType-C &ccedil;&#305;k&#305;&#351;l&#305; Android cihazlar&#305; d&ouml;n&uuml;&#351;t&uuml;r&uuml;c&uuml;y&uuml; takarak USB &ccedil;&#305;k&#305;&#351;a &ccedil;evirmi&#351; olursunuz. Klavye, harici bellek, flash bellek, mouse ve benzeri harici cihazlar&#305; ba&#287;layabilmenize yarar.Ev, ofis veya seyahat kullan&#305;m&#305; i&ccedil;in idealUSB Di&#351;i Type-c Erkek&nbsp;<\/p>\n","protected":false},"featured_media":103525,"comment_status":"open","ping_status":"closed","template":"","meta":{"_kad_post_transparent":"","_kad_post_title":"","_kad_post_layout":"","_kad_post_sidebar_id":"","_kad_post_content_style":"","_kad_post_vertical_padding":"","_kad_post_feature":"","_kad_post_feature_position":"","_kad_post_header":false,"_kad_post_footer":false,"_kad_post_classname":""},"product_brand":[],"product_cat":[14459],"product_tag":[],"class_list":{"0":"post-103526","1":"product","2":"type-product","3":"status-publish","4":"has-post-thumbnail","6":"product_cat-cevirici-donusturucu-cep-telefonu-aksesuarlari-cep-telefonu-elektronik-cevirici-donusturucu","8":"first","9":"instock","10":"purchasable","11":"product-type-simple","12":"entry","13":"content-bg","14":"loop-entry"},"_links":{"self":[{"href":"https:\/\/www.hediyepazar.com\/index.php?rest_route=\/wp\/v2\/product\/103526","targetHints":{"allow":["GET"]}}],"collection":[{"href":"https:\/\/www.hediyepazar.com\/index.php?rest_route=\/wp\/v2\/product"}],"about":[{"href":"https:\/\/www.hediyepazar.com\/index.php?rest_route=\/wp\/v2\/types\/product"}],"replies":[{"embeddable":true,"href":"https:\/\/www.hediyepazar.com\/index.php?rest_route=%2Fwp%2Fv2%2Fcomments&post=103526"}],"wp:featuredmedia":[{"embeddable":true,"href":"https:\/\/www.hediyepazar.com\/index.php?rest_route=\/wp\/v2\/media\/103525"}],"wp:attachment":[{"href":"https:\/\/www.hediyepazar.com\/index.php?rest_route=%2Fwp%2Fv2%2Fmedia&parent=103526"}],"wp:term":[{"taxonomy":"product_brand","embeddable":true,"href":"https:\/\/www.hediyepazar.com\/index.php?rest_route=%2Fwp%2Fv2%2Fproduct_brand&post=103526"},{"taxonomy":"product_cat","embeddable":true,"href":"https:\/\/www.hediyepazar.com\/index.php?rest_route=%2Fwp%2Fv2%2Fproduct_cat&post=103526"},{"taxonomy":"product_tag","embeddable":true,"href":"https:\/\/www.hediyepazar.com\/index.php?rest_route=%2Fwp%2Fv2%2Fproduct_tag&post=103526"}],"curies":[{"name":"wp","href":"https:\/\/api.w.org\/{rel}","templated":true}]}}