{"id":103562,"date":"2026-05-04T10:35:20","date_gmt":"2026-05-04T13:35:20","guid":{"rendered":"https:\/\/www.hediyepazar.com\/?product=ally-cift-katman-studyo-icin-mikrofon-pop-filtre-youtuber-5775"},"modified":"2026-05-04T10:35:20","modified_gmt":"2026-05-04T13:35:20","slug":"ally-cift-katman-studyo-icin-mikrofon-pop-filtre-youtuber-5775","status":"publish","type":"product","link":"https:\/\/www.hediyepazar.com\/?product=ally-cift-katman-studyo-icin-mikrofon-pop-filtre-youtuber-5775","title":{"rendered":"Ally \u00c7ift Katman St\u00fcdyo \u0130\u00e7in Mikrofon Pop Filtre Youtuber-(5775)"},"content":{"rendered":"<p>&#8203;<\/p>\n<p>St&uuml;dyo mikrofon Mic cam pop filtre maskesi kalkan<\/p>\n<p>A&ccedil;&#305;klamalar&#305;:<\/p>\n<p>Ekran &ccedil;ap&#305;: 15cm<br \/>Boyun uzunlu&#287;u: 35cm<br \/>&Ccedil;ift katmanl&#305;<br \/>Rahat ve kolay kullan&#305;m<br \/>Kar&#351;&#305; savunma&nbsp; &#8220;P &#8221; ve&nbsp; &#8220;B &#8221; &uuml;ns&uuml;zler<br \/>Mikrofonu, a&#351;&#305;r&#305; istekli oyunculardan kaynaklanan fazla t&uuml;k&uuml;r&uuml;k ile korur<br \/>360 &deg; esnek boynu tutucu, kullan&#305;m i&ccedil;in uygun<br \/>Kolay montaj i&ccedil;in d&ouml;ner montaj<br \/>Ayarlanabilir kelep&ccedil;e, herhangi bir mikrofon stand&#305;na g&uuml;venli bir &#351;ekilde gider<br \/>Hassas konumland&#305;rma i&ccedil;in kaz boynu<br \/>Ayn&#305; zamanda t&uuml;k&uuml;r&uuml;k birikimi gelen mikrofon koruyabilirsiniz<br \/>Genellikle bir kay&#305;t st&uuml;dyosunda kullan&#305;l&#305;r<br \/>A&#287;&#305;rl&#305;k: 288g<\/p>\n<p>Paket dahil:<\/p>\n<p>1 x Mikrofon pop filtresi<\/p>\n<p>Daha detayl&#305; foto&#287;raflar:<\/p>\n<p><img decoding=\"async\" data-cke-saved-src=\"https:\/\/cdn.myikas.com\/images\/4b0890c4-46f7-49c5-9b0d-d8f3dae632d6\/22bb7f76-b27a-497f-96a6-ce58500dcbc4\/image_1950.webp\" src=\"https:\/\/hepsicdn.com.tr\/static\/product_detail\/hbnet6b9ab4e5_4948511.webp\"><img decoding=\"async\" alt=\"\" data-cke-saved-src=\"https:\/\/cdn.myikas.com\/images\/4b0890c4-46f7-49c5-9b0d-d8f3dae632d6\/f830034d-1904-4876-ab4a-75acfa01937f\/image_1950.webp\" src=\"https:\/\/cdn.myikas.com\/images\/4b0890c4-46f7-49c5-9b0d-d8f3dae632d6\/f830034d-1904-4876-ab4a-75acfa01937f\/image_1950.webp\"\/><img decoding=\"async\" data-cke-saved-src=\"https:\/\/cdn.myikas.com\/images\/4b0890c4-46f7-49c5-9b0d-d8f3dae632d6\/2d5835bb-66b2-458b-9409-09a24779b343\/image_1950.webp\" src=\"https:\/\/hepsicdn.com.tr\/static\/product_detail\/hbnet6b9ab4e5_4948512.webp\"><img decoding=\"async\" data-cke-saved-src=\"https:\/\/cdn.myikas.com\/images\/4b0890c4-46f7-49c5-9b0d-d8f3dae632d6\/c150a152-6e6d-4337-8ccc-92956df03011\/image_1950.webp\" src=\"https:\/\/hepsicdn.com.tr\/static\/product_detail\/hbnet6b9ab4e5_4948513.webp\"><img decoding=\"async\" data-cke-saved-src=\"https:\/\/cdn.myikas.com\/images\/4b0890c4-46f7-49c5-9b0d-d8f3dae632d6\/04f21f83-25af-4206-9a51-35e6e2b2a48d\/image_1950.webp\" src=\"https:\/\/hepsicdn.com.tr\/static\/product_detail\/hbnet6b9ab4e5_4948514.webp\"><img decoding=\"async\" data-cke-saved-src=\"https:\/\/cdn.myikas.com\/images\/4b0890c4-46f7-49c5-9b0d-d8f3dae632d6\/26079cea-1138-4497-85c3-d087f71db1a4\/image_1950.webp\" src=\"https:\/\/hepsicdn.com.tr\/static\/product_detail\/hbnet6b9ab4e5_4948515.webp\"><\/p>\n","protected":false},"excerpt":{"rendered":"<p>&#8203; St&uuml;dyo mikrofon Mic cam pop filtre maskesi kalkan A&ccedil;&#305;klamalar&#305;: Ekran &ccedil;ap&#305;: 15cmBoyun uzunlu&#287;u: 35cm&Ccedil;ift katmanl&#305;Rahat ve kolay kullan&#305;mKar&#351;&#305; savunma&nbsp; &#8220;P &#8221; ve&nbsp; &#8220;B &#8221; &uuml;ns&uuml;zlerMikrofonu, a&#351;&#305;r&#305; istekli oyunculardan kaynaklanan fazla t&uuml;k&uuml;r&uuml;k ile korur360 &deg; esnek boynu tutucu, kullan&#305;m i&ccedil;in uygunKolay montaj i&ccedil;in d&ouml;ner montajAyarlanabilir kelep&ccedil;e, herhangi bir mikrofon stand&#305;na g&uuml;venli bir &#351;ekilde giderHassas konumland&#305;rma&#8230;<\/p>\n","protected":false},"featured_media":103561,"comment_status":"open","ping_status":"closed","template":"","meta":{"_kad_post_transparent":"","_kad_post_title":"","_kad_post_layout":"","_kad_post_sidebar_id":"","_kad_post_content_style":"","_kad_post_vertical_padding":"","_kad_post_feature":"","_kad_post_feature_position":"","_kad_post_header":false,"_kad_post_footer":false,"_kad_post_classname":""},"product_brand":[],"product_cat":[14550],"product_tag":[],"class_list":{"0":"post-103562","1":"product","2":"type-product","3":"status-publish","4":"has-post-thumbnail","6":"product_cat-mikrofon-bilgisayar-tablet-elektronik-mikrofon-bilgisayar-tablet-elektronik","8":"first","9":"instock","10":"purchasable","11":"product-type-simple","12":"entry","13":"content-bg","14":"loop-entry"},"_links":{"self":[{"href":"https:\/\/www.hediyepazar.com\/index.php?rest_route=\/wp\/v2\/product\/103562","targetHints":{"allow":["GET"]}}],"collection":[{"href":"https:\/\/www.hediyepazar.com\/index.php?rest_route=\/wp\/v2\/product"}],"about":[{"href":"https:\/\/www.hediyepazar.com\/index.php?rest_route=\/wp\/v2\/types\/product"}],"replies":[{"embeddable":true,"href":"https:\/\/www.hediyepazar.com\/index.php?rest_route=%2Fwp%2Fv2%2Fcomments&post=103562"}],"wp:featuredmedia":[{"embeddable":true,"href":"https:\/\/www.hediyepazar.com\/index.php?rest_route=\/wp\/v2\/media\/103561"}],"wp:attachment":[{"href":"https:\/\/www.hediyepazar.com\/index.php?rest_route=%2Fwp%2Fv2%2Fmedia&parent=103562"}],"wp:term":[{"taxonomy":"product_brand","embeddable":true,"href":"https:\/\/www.hediyepazar.com\/index.php?rest_route=%2Fwp%2Fv2%2Fproduct_brand&post=103562"},{"taxonomy":"product_cat","embeddable":true,"href":"https:\/\/www.hediyepazar.com\/index.php?rest_route=%2Fwp%2Fv2%2Fproduct_cat&post=103562"},{"taxonomy":"product_tag","embeddable":true,"href":"https:\/\/www.hediyepazar.com\/index.php?rest_route=%2Fwp%2Fv2%2Fproduct_tag&post=103562"}],"curies":[{"name":"wp","href":"https:\/\/api.w.org\/{rel}","templated":true}]}}