{"id":103582,"date":"2026-05-04T10:37:59","date_gmt":"2026-05-04T13:37:59","guid":{"rendered":"https:\/\/www.hediyepazar.com\/?product=ally-mikrofiber-donebilen-puskullu-araba-yikama-ve-temizleme-fircasi-5775"},"modified":"2026-05-04T10:37:59","modified_gmt":"2026-05-04T13:37:59","slug":"ally-mikrofiber-donebilen-puskullu-araba-yikama-ve-temizleme-fircasi-5775","status":"publish","type":"product","link":"https:\/\/www.hediyepazar.com\/?product=ally-mikrofiber-donebilen-puskullu-araba-yikama-ve-temizleme-fircasi-5775","title":{"rendered":"ALLY Mikrofiber D\u00f6nebilen P\u00fcsk\u00fcll\u00fc Araba Y\u0131kama Ve Temizleme F\u0131r\u00e7as\u0131-(5775)"},"content":{"rendered":"<p><strong><\/strong><strong>ALLY Mikrofiber D&ouml;nebilen P&uuml;sk&uuml;ll&uuml; Araba Y&#305;kama Ve Temizleme F&#305;r&ccedil;as&#305;<\/strong><\/p>\n<p><strong>ALLY Mikrofiber D&ouml;nebilen P&uuml;sk&uuml;ll&uuml; Araba Y&#305;kama Ve Temizleme F&#305;r&ccedil;as&#305;<br \/><\/strong>Mikrofiber &#351;&ouml;nil paspas ba&#351;l&#305;&#287;&#305;, araban&#305;n kirini kolayca emer, arabay&#305; veya di&#287;er hassas boyal&#305; y&uuml;zeyleri temizler, herhangi bir &ccedil;izik b&#305;rakmaz.<br \/>Araba y&#305;kama paspas&#305;, montaj&#305;ndan sonra kolayca s&ouml;k&uuml;lebilen bir tasar&#305;ma sahiptir, uzun sapl&#305; bir&nbsp; araba temizleme kitidir; s&ouml;k&uuml;ld&uuml;kten sonra, araba i&ccedil; temizli&#287;i i&ccedil;in kullan&#305;labilir.<br \/>Sadece araba temizleme &uuml;r&uuml;n&uuml; de&#287;il, ayn&#305; zamanda aile i&ccedil;in m&uuml;kemmel bir yard&#305;mc&#305;d&#305;r.Araba, zemin, banyo, mobilya, mutfak vb. Temizlik i&ccedil;in uygundur.<br \/>Bu araba temizleme f&#305;r&ccedil;as&#305;n&#305;n paspas ba&#351;l&#305;&#287;&#305; mikrofiber malzemeden yap&#305;lm&#305;&#351;t&#305;r, etkili temizleme g&uuml;c&uuml;ne ve s&uuml;per emicili&#287;e sahiptir, &#351;&ouml;nil paspas ba&#351;l&#305;&#287;&#305; yumu&#351;ak ve yo&#287;undur, araba y&#305;kama i&#351;lemi s&#305;ras&#305;nda hi&ccedil;bir kum ve toz yap&#305;&#351;maz, araba boyas&#305;na zarar vermez. Araba y&#305;kamay&#305; kolay ve h&#305;zl&#305; hale getirir ve araba y&#305;kama aletleri i&ccedil;in en iyi se&ccedil;imdir<br \/>Boyut: Sap: 50-100cm Ayarlanabilir Mikrofiber bez: 19-29cm<br \/>Malzeme: al&uuml;minyum ala&#351;&#305;m + y&uuml;ksek kaliteli &ccedil;izilmez mikrofiber bez<br \/>Renk: mavi<\/p>\n","protected":false},"excerpt":{"rendered":"<p>ALLY Mikrofiber D&ouml;nebilen P&uuml;sk&uuml;ll&uuml; Araba Y&#305;kama Ve Temizleme F&#305;r&ccedil;as&#305; ALLY Mikrofiber D&ouml;nebilen P&uuml;sk&uuml;ll&uuml; Araba Y&#305;kama Ve Temizleme F&#305;r&ccedil;as&#305;Mikrofiber &#351;&ouml;nil paspas ba&#351;l&#305;&#287;&#305;, araban&#305;n kirini kolayca emer, arabay&#305; veya di&#287;er hassas boyal&#305; y&uuml;zeyleri temizler, herhangi bir &ccedil;izik b&#305;rakmaz.Araba y&#305;kama paspas&#305;, montaj&#305;ndan sonra kolayca s&ouml;k&uuml;lebilen bir tasar&#305;ma sahiptir, uzun sapl&#305; bir&nbsp; araba temizleme kitidir; s&ouml;k&uuml;ld&uuml;kten sonra, araba i&ccedil;&#8230;<\/p>\n","protected":false},"featured_media":103581,"comment_status":"open","ping_status":"closed","template":"","meta":{"_kad_post_transparent":"","_kad_post_title":"","_kad_post_layout":"","_kad_post_sidebar_id":"","_kad_post_content_style":"","_kad_post_vertical_padding":"","_kad_post_feature":"","_kad_post_feature_position":"","_kad_post_header":false,"_kad_post_footer":false,"_kad_post_classname":""},"product_brand":[],"product_cat":[14181],"product_tag":[],"class_list":{"0":"post-103582","1":"product","2":"type-product","3":"status-publish","4":"has-post-thumbnail","6":"product_cat-oto-aksesuarlari-oto-aksesuarlari-cep-telefonu-elektronik-oto-bakim-seti","8":"first","9":"instock","10":"purchasable","11":"product-type-simple","12":"entry","13":"content-bg","14":"loop-entry"},"_links":{"self":[{"href":"https:\/\/www.hediyepazar.com\/index.php?rest_route=\/wp\/v2\/product\/103582","targetHints":{"allow":["GET"]}}],"collection":[{"href":"https:\/\/www.hediyepazar.com\/index.php?rest_route=\/wp\/v2\/product"}],"about":[{"href":"https:\/\/www.hediyepazar.com\/index.php?rest_route=\/wp\/v2\/types\/product"}],"replies":[{"embeddable":true,"href":"https:\/\/www.hediyepazar.com\/index.php?rest_route=%2Fwp%2Fv2%2Fcomments&post=103582"}],"wp:featuredmedia":[{"embeddable":true,"href":"https:\/\/www.hediyepazar.com\/index.php?rest_route=\/wp\/v2\/media\/103581"}],"wp:attachment":[{"href":"https:\/\/www.hediyepazar.com\/index.php?rest_route=%2Fwp%2Fv2%2Fmedia&parent=103582"}],"wp:term":[{"taxonomy":"product_brand","embeddable":true,"href":"https:\/\/www.hediyepazar.com\/index.php?rest_route=%2Fwp%2Fv2%2Fproduct_brand&post=103582"},{"taxonomy":"product_cat","embeddable":true,"href":"https:\/\/www.hediyepazar.com\/index.php?rest_route=%2Fwp%2Fv2%2Fproduct_cat&post=103582"},{"taxonomy":"product_tag","embeddable":true,"href":"https:\/\/www.hediyepazar.com\/index.php?rest_route=%2Fwp%2Fv2%2Fproduct_tag&post=103582"}],"curies":[{"name":"wp","href":"https:\/\/api.w.org\/{rel}","templated":true}]}}