{"id":103618,"date":"2026-05-04T10:42:11","date_gmt":"2026-05-04T13:42:11","guid":{"rendered":"https:\/\/www.hediyepazar.com\/?product=ally-x8-magsafe-manyetik-arac-ici-telefon-tutucu-5775"},"modified":"2026-05-04T10:42:11","modified_gmt":"2026-05-04T13:42:11","slug":"ally-x8-magsafe-manyetik-arac-ici-telefon-tutucu-5775","status":"publish","type":"product","link":"https:\/\/www.hediyepazar.com\/?product=ally-x8-magsafe-manyetik-arac-ici-telefon-tutucu-5775","title":{"rendered":"ALLY X8 Magsafe Manyetik Ara\u00e7 \u0130\u00e7i Telefon Tutucu-(5775)"},"content":{"rendered":"<p><strong>ALLY X8 Manyetik Ara&ccedil; &#304;&ccedil;i Telefon Tutucu<\/strong><\/p>\n<p><img decoding=\"async\" data-cke-saved-src=\"https:\/\/cdn.myikas.com\/images\/4b0890c4-46f7-49c5-9b0d-d8f3dae632d6\/3269e48f-623a-4131-a9e2-46ffcf08055e\/image_1950.webp\" src=\"https:\/\/hepsicdn.com.tr\/static\/product_detail\/hbnet5bbc2d1d_4957011.webp\"><\/p>\n<p><img decoding=\"async\" data-cke-saved-src=\"https:\/\/cdn.myikas.com\/images\/4b0890c4-46f7-49c5-9b0d-d8f3dae632d6\/80a60dad-5fae-4d1d-899e-2e6995c2957e\/image_1950.webp\" src=\"https:\/\/hepsicdn.com.tr\/static\/product_detail\/hbnet5bbc2d1d_4957012.webp\"><\/p>\n<p><img decoding=\"async\" data-cke-saved-src=\"https:\/\/cdn.myikas.com\/images\/4b0890c4-46f7-49c5-9b0d-d8f3dae632d6\/3209ed70-21d8-4372-9603-8f39b5cb4594\/image_1950.webp\" src=\"https:\/\/hepsicdn.com.tr\/static\/product_detail\/hbnet5bbc2d1d_4957013.webp\"><\/p>\n<p><img decoding=\"async\" data-cke-saved-src=\"https:\/\/cdn.myikas.com\/images\/4b0890c4-46f7-49c5-9b0d-d8f3dae632d6\/246ca5ab-2db8-44ac-91e5-9b4c5f40f916\/image_1950.webp\" src=\"https:\/\/hepsicdn.com.tr\/static\/product_detail\/hbnet5bbc2d1d_4957014.webp\"><\/p>\n<p><img decoding=\"async\" data-cke-saved-src=\"https:\/\/cdn.myikas.com\/images\/4b0890c4-46f7-49c5-9b0d-d8f3dae632d6\/aea7bbbb-8cd3-47a9-845d-201dce816213\/image_1950.webp\" src=\"https:\/\/hepsicdn.com.tr\/static\/product_detail\/hbnet5bbc2d1d_4957015.webp\"><\/p>\n<p><img decoding=\"async\" data-cke-saved-src=\"https:\/\/cdn.myikas.com\/images\/4b0890c4-46f7-49c5-9b0d-d8f3dae632d6\/19c2b994-e49b-4e51-8faa-9769a7ddf3aa\/image_1950.webp\" src=\"https:\/\/hepsicdn.com.tr\/static\/product_detail\/hbnet5bbc2d1d_4957016.webp\"><\/p>\n<p><strong>ALLY X8 Manyetik Ara&ccedil; &#304;&ccedil;i Telefon Tutucu<\/strong><br \/>Tek elle kullan&#305;m i&ccedil;in idealdir.<br \/>Dayan&#305;kl&#305; ve uzun &ouml;m&uuml;rl&uuml;d&uuml;r<br \/>360&deg; d&ouml;nebilen tasar&#305;m&#305; sayesinde a&ccedil;&#305;y&#305; kendinize g&ouml;re ayarlayabilirsiniz.<br \/>G&uuml;&ccedil;l&uuml; m&#305;knat&#305;slar&#305; sayesinde cep telefonunuzu s&#305;k&#305;ca tutar.<br \/>G&uuml;&ccedil;lendirilmi&#351; m&#305;knat&#305;s, engebeli yollarda dahi telefonunuzun titremesini veya d&uuml;&#351;mesini engeller.<\/p>\n","protected":false},"excerpt":{"rendered":"<p>ALLY X8 Manyetik Ara&ccedil; &#304;&ccedil;i Telefon Tutucu ALLY X8 Manyetik Ara&ccedil; &#304;&ccedil;i Telefon TutucuTek elle kullan&#305;m i&ccedil;in idealdir.Dayan&#305;kl&#305; ve uzun &ouml;m&uuml;rl&uuml;d&uuml;r360&deg; d&ouml;nebilen tasar&#305;m&#305; sayesinde a&ccedil;&#305;y&#305; kendinize g&ouml;re ayarlayabilirsiniz.G&uuml;&ccedil;l&uuml; m&#305;knat&#305;slar&#305; sayesinde cep telefonunuzu s&#305;k&#305;ca tutar.G&uuml;&ccedil;lendirilmi&#351; m&#305;knat&#305;s, engebeli yollarda dahi telefonunuzun titremesini veya d&uuml;&#351;mesini engeller.<\/p>\n","protected":false},"featured_media":103617,"comment_status":"open","ping_status":"closed","template":"","meta":{"_kad_post_transparent":"","_kad_post_title":"","_kad_post_layout":"","_kad_post_sidebar_id":"","_kad_post_content_style":"","_kad_post_vertical_padding":"","_kad_post_feature":"","_kad_post_feature_position":"","_kad_post_header":false,"_kad_post_footer":false,"_kad_post_classname":""},"product_brand":[],"product_cat":[7872],"product_tag":[],"class_list":{"0":"post-103618","1":"product","2":"type-product","3":"status-publish","4":"has-post-thumbnail","6":"product_cat-arac-ici-telefon-tutucular-oto-aksesuarlari-cep-telefonu-elektronik-arac-ici-telefon-tutucular","8":"first","9":"instock","10":"purchasable","11":"product-type-simple","12":"entry","13":"content-bg","14":"loop-entry"},"_links":{"self":[{"href":"https:\/\/www.hediyepazar.com\/index.php?rest_route=\/wp\/v2\/product\/103618","targetHints":{"allow":["GET"]}}],"collection":[{"href":"https:\/\/www.hediyepazar.com\/index.php?rest_route=\/wp\/v2\/product"}],"about":[{"href":"https:\/\/www.hediyepazar.com\/index.php?rest_route=\/wp\/v2\/types\/product"}],"replies":[{"embeddable":true,"href":"https:\/\/www.hediyepazar.com\/index.php?rest_route=%2Fwp%2Fv2%2Fcomments&post=103618"}],"wp:featuredmedia":[{"embeddable":true,"href":"https:\/\/www.hediyepazar.com\/index.php?rest_route=\/wp\/v2\/media\/103617"}],"wp:attachment":[{"href":"https:\/\/www.hediyepazar.com\/index.php?rest_route=%2Fwp%2Fv2%2Fmedia&parent=103618"}],"wp:term":[{"taxonomy":"product_brand","embeddable":true,"href":"https:\/\/www.hediyepazar.com\/index.php?rest_route=%2Fwp%2Fv2%2Fproduct_brand&post=103618"},{"taxonomy":"product_cat","embeddable":true,"href":"https:\/\/www.hediyepazar.com\/index.php?rest_route=%2Fwp%2Fv2%2Fproduct_cat&post=103618"},{"taxonomy":"product_tag","embeddable":true,"href":"https:\/\/www.hediyepazar.com\/index.php?rest_route=%2Fwp%2Fv2%2Fproduct_tag&post=103618"}],"curies":[{"name":"wp","href":"https:\/\/api.w.org\/{rel}","templated":true}]}}