{"id":103626,"date":"2026-05-04T10:43:05","date_gmt":"2026-05-04T13:43:05","guid":{"rendered":"https:\/\/www.hediyepazar.com\/?product=ally-a01-cep-telefon-sogutma-fani-radyator-sogutucu-5775"},"modified":"2026-05-04T10:43:05","modified_gmt":"2026-05-04T13:43:05","slug":"ally-a01-cep-telefon-sogutma-fani-radyator-sogutucu-5775","status":"publish","type":"product","link":"https:\/\/www.hediyepazar.com\/?product=ally-a01-cep-telefon-sogutma-fani-radyator-sogutucu-5775","title":{"rendered":"ALLY A01 Cep Telefon So\u011futma Fan\u0131 Radyat\u00f6r So\u011futucu-(5775)"},"content":{"rendered":"<p><strong>ALLY A01 Cep Telefon So&#287;utma Fan&#305; Radyat&ouml;r So&#287;utucu<\/strong><\/p>\n<p><img decoding=\"async\"  src=\"https:\/\/hepsicdn.com.tr\/static\/product_detail\/hbnetd5f90079_4957811.webp\"><\/p>\n<p><img decoding=\"async\"  src=\"https:\/\/hepsicdn.com.tr\/static\/product_detail\/hbnetd5f90079_4957812.webp\"><\/p>\n<p><img decoding=\"async\"  src=\"https:\/\/hepsicdn.com.tr\/static\/product_detail\/hbnetd5f90079_4957813.webp\"><\/p>\n<p><img decoding=\"async\"  src=\"https:\/\/hepsicdn.com.tr\/static\/product_detail\/hbnetd5f90079_4957814.webp\"><\/p>\n<p><img decoding=\"async\"  src=\"https:\/\/hepsicdn.com.tr\/static\/product_detail\/hbnetd5f90079_4957815.webp\"><\/p>\n<p><img decoding=\"async\"  src=\"https:\/\/hepsicdn.com.tr\/static\/product_detail\/hbnetd5f90079_4957816.webp\"><\/p>\n<p><strong>ALLY A01 Cep Telefon So&#287;utma Fan&#305; Radyat&ouml;r So&#287;utucu<br \/><\/strong>Telefonunuzla oyun oynarken fazla &#305;s&#305;nmas&#305;n&#305; engeller.<br \/>Minimal tasar&#305;m&#305; ile yer kaplamaz.<br \/>Ultra sessiz &ccedil;al&#305;&#351;ma &ouml;zelli&#287;i ile rahats&#305;zl&#305;k vermez.<br \/>6.7 in&ccedil;&#8217;e kadar t&uuml;m cihazlar ile uyumludur.<br \/>4 dereceye kadar sogutma sa&#287;lar.<\/p>\n","protected":false},"excerpt":{"rendered":"<p>ALLY A01 Cep Telefon So&#287;utma Fan&#305; Radyat&ouml;r So&#287;utucu ALLY A01 Cep Telefon So&#287;utma Fan&#305; Radyat&ouml;r So&#287;utucuTelefonunuzla oyun oynarken fazla &#305;s&#305;nmas&#305;n&#305; engeller.Minimal tasar&#305;m&#305; ile yer kaplamaz.Ultra sessiz &ccedil;al&#305;&#351;ma &ouml;zelli&#287;i ile rahats&#305;zl&#305;k vermez.6.7 in&ccedil;&#8217;e kadar t&uuml;m cihazlar ile uyumludur.4 dereceye kadar sogutma sa&#287;lar.<\/p>\n","protected":false},"featured_media":103625,"comment_status":"open","ping_status":"closed","template":"","meta":{"_kad_post_transparent":"","_kad_post_title":"","_kad_post_layout":"","_kad_post_sidebar_id":"","_kad_post_content_style":"","_kad_post_vertical_padding":"","_kad_post_feature":"","_kad_post_feature_position":"","_kad_post_header":false,"_kad_post_footer":false,"_kad_post_classname":""},"product_brand":[],"product_cat":[14491],"product_tag":[],"class_list":{"0":"post-103626","1":"product","2":"type-product","3":"status-publish","4":"has-post-thumbnail","6":"product_cat-oyun-aksesuar-giyilebilir-teknoloji-elektronik-oyun-aksesuar","8":"first","9":"instock","10":"purchasable","11":"product-type-simple","12":"entry","13":"content-bg","14":"loop-entry"},"_links":{"self":[{"href":"https:\/\/www.hediyepazar.com\/index.php?rest_route=\/wp\/v2\/product\/103626","targetHints":{"allow":["GET"]}}],"collection":[{"href":"https:\/\/www.hediyepazar.com\/index.php?rest_route=\/wp\/v2\/product"}],"about":[{"href":"https:\/\/www.hediyepazar.com\/index.php?rest_route=\/wp\/v2\/types\/product"}],"replies":[{"embeddable":true,"href":"https:\/\/www.hediyepazar.com\/index.php?rest_route=%2Fwp%2Fv2%2Fcomments&post=103626"}],"wp:featuredmedia":[{"embeddable":true,"href":"https:\/\/www.hediyepazar.com\/index.php?rest_route=\/wp\/v2\/media\/103625"}],"wp:attachment":[{"href":"https:\/\/www.hediyepazar.com\/index.php?rest_route=%2Fwp%2Fv2%2Fmedia&parent=103626"}],"wp:term":[{"taxonomy":"product_brand","embeddable":true,"href":"https:\/\/www.hediyepazar.com\/index.php?rest_route=%2Fwp%2Fv2%2Fproduct_brand&post=103626"},{"taxonomy":"product_cat","embeddable":true,"href":"https:\/\/www.hediyepazar.com\/index.php?rest_route=%2Fwp%2Fv2%2Fproduct_cat&post=103626"},{"taxonomy":"product_tag","embeddable":true,"href":"https:\/\/www.hediyepazar.com\/index.php?rest_route=%2Fwp%2Fv2%2Fproduct_tag&post=103626"}],"curies":[{"name":"wp","href":"https:\/\/api.w.org\/{rel}","templated":true}]}}