{"id":103628,"date":"2026-05-04T10:43:09","date_gmt":"2026-05-04T13:43:09","guid":{"rendered":"https:\/\/www.hediyepazar.com\/?product=ezere-tx-wd02-uv-isikli-elektrikli-sivrisinek-kapani-5775"},"modified":"2026-05-04T10:43:09","modified_gmt":"2026-05-04T13:43:09","slug":"ezere-tx-wd02-uv-isikli-elektrikli-sivrisinek-kapani-5775","status":"publish","type":"product","link":"https:\/\/www.hediyepazar.com\/?product=ezere-tx-wd02-uv-isikli-elektrikli-sivrisinek-kapani-5775","title":{"rendered":"EZERE TX-WD02 UV I\u015f\u0131kl\u0131 Elektrikli Sivrisinek Kapan\u0131-(5775)"},"content":{"rendered":"<p><strong>EZERE TX-WD02 UV I&#351;&#305;kl&#305; Elektrikli Sivrisinek Kapan&#305;<\/strong><\/p>\n<p><\/p>\n<\/p>\n<\/p>\n<\/p>\n<p><strong>EZERE TX-WD02 UV I&#351;&#305;kl&#305; Elektrikli Sivrisinek Kapan&#305;<\/strong><br \/>&#350;&#305;k ve modern g&ouml;r&uuml;n&uuml;m&uuml;n&uuml;n yan&#305; s&#305;ra, y&uuml;ksek voltajl&#305; &ouml;rg&uuml; &#305;zgara sayesinde y&uuml;ksek etkinli&#287;e sahiptir.<br \/>Evinizde, ofisinizde, yazl&#305;&#287;&#305;n&#305;zda ve diledi&#287;iniz her yerde g&uuml;venle kullanabilirsiniz.<br \/>Dilerseniz duvara asabilirsiniz.<\/p>\n","protected":false},"excerpt":{"rendered":"<p>EZERE TX-WD02 UV I&#351;&#305;kl&#305; Elektrikli Sivrisinek Kapan&#305; EZERE TX-WD02 UV I&#351;&#305;kl&#305; Elektrikli Sivrisinek Kapan&#305;&#350;&#305;k ve modern g&ouml;r&uuml;n&uuml;m&uuml;n&uuml;n yan&#305; s&#305;ra, y&uuml;ksek voltajl&#305; &ouml;rg&uuml; &#305;zgara sayesinde y&uuml;ksek etkinli&#287;e sahiptir.Evinizde, ofisinizde, yazl&#305;&#287;&#305;n&#305;zda ve diledi&#287;iniz her yerde g&uuml;venle kullanabilirsiniz.Dilerseniz duvara asabilirsiniz.<\/p>\n","protected":false},"featured_media":103627,"comment_status":"open","ping_status":"closed","template":"","meta":{"_kad_post_transparent":"","_kad_post_title":"","_kad_post_layout":"","_kad_post_sidebar_id":"","_kad_post_content_style":"","_kad_post_vertical_padding":"","_kad_post_feature":"","_kad_post_feature_position":"","_kad_post_header":false,"_kad_post_footer":false,"_kad_post_classname":""},"product_brand":[],"product_cat":[14453],"product_tag":[],"class_list":{"0":"post-103628","1":"product","2":"type-product","3":"status-publish","4":"has-post-thumbnail","6":"product_cat-ev-yasam-ev-yasam","8":"first","9":"instock","10":"purchasable","11":"product-type-simple","12":"entry","13":"content-bg","14":"loop-entry"},"_links":{"self":[{"href":"https:\/\/www.hediyepazar.com\/index.php?rest_route=\/wp\/v2\/product\/103628","targetHints":{"allow":["GET"]}}],"collection":[{"href":"https:\/\/www.hediyepazar.com\/index.php?rest_route=\/wp\/v2\/product"}],"about":[{"href":"https:\/\/www.hediyepazar.com\/index.php?rest_route=\/wp\/v2\/types\/product"}],"replies":[{"embeddable":true,"href":"https:\/\/www.hediyepazar.com\/index.php?rest_route=%2Fwp%2Fv2%2Fcomments&post=103628"}],"wp:featuredmedia":[{"embeddable":true,"href":"https:\/\/www.hediyepazar.com\/index.php?rest_route=\/wp\/v2\/media\/103627"}],"wp:attachment":[{"href":"https:\/\/www.hediyepazar.com\/index.php?rest_route=%2Fwp%2Fv2%2Fmedia&parent=103628"}],"wp:term":[{"taxonomy":"product_brand","embeddable":true,"href":"https:\/\/www.hediyepazar.com\/index.php?rest_route=%2Fwp%2Fv2%2Fproduct_brand&post=103628"},{"taxonomy":"product_cat","embeddable":true,"href":"https:\/\/www.hediyepazar.com\/index.php?rest_route=%2Fwp%2Fv2%2Fproduct_cat&post=103628"},{"taxonomy":"product_tag","embeddable":true,"href":"https:\/\/www.hediyepazar.com\/index.php?rest_route=%2Fwp%2Fv2%2Fproduct_tag&post=103628"}],"curies":[{"name":"wp","href":"https:\/\/api.w.org\/{rel}","templated":true}]}}