{"id":103700,"date":"2026-05-04T10:51:07","date_gmt":"2026-05-04T13:51:07","guid":{"rendered":"https:\/\/www.hediyepazar.com\/?product=hoco-h26-arac-ici-havalandirma-bolmesi-telefon-tutucu-5775"},"modified":"2026-05-04T10:51:07","modified_gmt":"2026-05-04T13:51:07","slug":"hoco-h26-arac-ici-havalandirma-bolmesi-telefon-tutucu-5775","status":"publish","type":"product","link":"https:\/\/www.hediyepazar.com\/?product=hoco-h26-arac-ici-havalandirma-bolmesi-telefon-tutucu-5775","title":{"rendered":"HOCO H26 Ara\u00e7 \u0130\u00e7i Havaland\u0131rma B\u00f6lmesi Telefon Tutucu-(5775)"},"content":{"rendered":"<p><strong>HOCO H26 Ara&ccedil; &#304;&ccedil;i Havaland&#305;rma B&ouml;lmesi Telefon Tutucu<\/strong><br \/><strong><\/strong><img decoding=\"async\"  src=\"https:\/\/hepsicdn.com.tr\/static\/product_detail\/hbnet39dbcde3_4963211.webp\"><img decoding=\"async\"  src=\"https:\/\/hepsicdn.com.tr\/static\/product_detail\/hbnet39dbcde3_4963212.webp\"><img decoding=\"async\"  src=\"https:\/\/hepsicdn.com.tr\/static\/product_detail\/hbnet39dbcde3_4963213.webp\"><img decoding=\"async\"  src=\"https:\/\/hepsicdn.com.tr\/static\/product_detail\/hbnet39dbcde3_4963214.webp\"><img decoding=\"async\"  src=\"https:\/\/hepsicdn.com.tr\/static\/product_detail\/hbnet39dbcde3_4963215.webp\"><img decoding=\"async\"  src=\"https:\/\/hepsicdn.com.tr\/static\/product_detail\/hbnet39dbcde3_4963216.webp\"><img decoding=\"async\"  src=\"https:\/\/hepsicdn.com.tr\/static\/product_detail\/hbnet39dbcde3_4963217.webp\"><br \/><strong>HOCO H26 Ara&ccedil; &#304;&ccedil;i Havaland&#305;rma B&ouml;lmesi Telefon Tutucu<\/strong><\/p>\n<div>monte edilen cihaz&#305; tercihlerinize g&ouml;re dikey veya yatay olarak konumland&#305;rman&#305;za olanak tan&#305;r.<\/div>\n<div>g&ouml;r&uuml;&#351;&uuml; engellemeyecek ve navigasyonun rahat kullan&#305;m&#305;na olanak sa&#287;lar<\/div>\n<div>Havaland&#305;rma deli&#287;ine monte edilerek s&uuml;r&uuml;&#351; s&#305;ras&#305;nda ak&#305;ll&#305; telefonunuzu g&uuml;venle kullanman&#305;z&#305; sa&#287;lar.&nbsp;<\/div>\n<div>&nbsp;cihaz&#305; seyahat s&#305;ras&#305;nda &ccedil;izilmelere kar&#351;&#305; korur.<\/div>\n<div>Uyumluluk:&nbsp;4,7-7,0&#8243; ekran k&ouml;&#351;egenine sahip ak&#305;ll&#305; telefonlar<br \/>Kol aral&#305;&#287;&#305;:&nbsp;58-90 mm<br \/>Malzeme:&nbsp;PC + silikon<br \/>Boyut:&nbsp;109 x 73 x 110 mm<br \/>A&#287;&#305;rl&#305;k:&nbsp;102 g<\/div>\n","protected":false},"excerpt":{"rendered":"<p>HOCO H26 Ara&ccedil; &#304;&ccedil;i Havaland&#305;rma B&ouml;lmesi Telefon TutucuHOCO H26 Ara&ccedil; &#304;&ccedil;i Havaland&#305;rma B&ouml;lmesi Telefon Tutucu monte edilen cihaz&#305; tercihlerinize g&ouml;re dikey veya yatay olarak konumland&#305;rman&#305;za olanak tan&#305;r. g&ouml;r&uuml;&#351;&uuml; engellemeyecek ve navigasyonun rahat kullan&#305;m&#305;na olanak sa&#287;lar Havaland&#305;rma deli&#287;ine monte edilerek s&uuml;r&uuml;&#351; s&#305;ras&#305;nda ak&#305;ll&#305; telefonunuzu g&uuml;venle kullanman&#305;z&#305; sa&#287;lar.&nbsp; &nbsp;cihaz&#305; seyahat s&#305;ras&#305;nda &ccedil;izilmelere kar&#351;&#305; korur. Uyumluluk:&nbsp;4,7-7,0&#8243; ekran k&ouml;&#351;egenine&#8230;<\/p>\n","protected":false},"featured_media":103699,"comment_status":"open","ping_status":"closed","template":"","meta":{"_kad_post_transparent":"","_kad_post_title":"","_kad_post_layout":"","_kad_post_sidebar_id":"","_kad_post_content_style":"","_kad_post_vertical_padding":"","_kad_post_feature":"","_kad_post_feature_position":"","_kad_post_header":false,"_kad_post_footer":false,"_kad_post_classname":""},"product_brand":[],"product_cat":[7872],"product_tag":[],"class_list":{"0":"post-103700","1":"product","2":"type-product","3":"status-publish","4":"has-post-thumbnail","6":"product_cat-arac-ici-telefon-tutucular-oto-aksesuarlari-cep-telefonu-elektronik-arac-ici-telefon-tutucular","8":"first","9":"instock","10":"purchasable","11":"product-type-simple","12":"entry","13":"content-bg","14":"loop-entry"},"_links":{"self":[{"href":"https:\/\/www.hediyepazar.com\/index.php?rest_route=\/wp\/v2\/product\/103700","targetHints":{"allow":["GET"]}}],"collection":[{"href":"https:\/\/www.hediyepazar.com\/index.php?rest_route=\/wp\/v2\/product"}],"about":[{"href":"https:\/\/www.hediyepazar.com\/index.php?rest_route=\/wp\/v2\/types\/product"}],"replies":[{"embeddable":true,"href":"https:\/\/www.hediyepazar.com\/index.php?rest_route=%2Fwp%2Fv2%2Fcomments&post=103700"}],"wp:featuredmedia":[{"embeddable":true,"href":"https:\/\/www.hediyepazar.com\/index.php?rest_route=\/wp\/v2\/media\/103699"}],"wp:attachment":[{"href":"https:\/\/www.hediyepazar.com\/index.php?rest_route=%2Fwp%2Fv2%2Fmedia&parent=103700"}],"wp:term":[{"taxonomy":"product_brand","embeddable":true,"href":"https:\/\/www.hediyepazar.com\/index.php?rest_route=%2Fwp%2Fv2%2Fproduct_brand&post=103700"},{"taxonomy":"product_cat","embeddable":true,"href":"https:\/\/www.hediyepazar.com\/index.php?rest_route=%2Fwp%2Fv2%2Fproduct_cat&post=103700"},{"taxonomy":"product_tag","embeddable":true,"href":"https:\/\/www.hediyepazar.com\/index.php?rest_route=%2Fwp%2Fv2%2Fproduct_tag&post=103700"}],"curies":[{"name":"wp","href":"https:\/\/api.w.org\/{rel}","templated":true}]}}