{"id":103702,"date":"2026-05-04T10:51:11","date_gmt":"2026-05-04T13:51:11","guid":{"rendered":"https:\/\/www.hediyepazar.com\/?product=hoco-h24-arac-havalandirma-bolmesi-manyetik-telefon-tutucu-5775"},"modified":"2026-05-04T10:51:11","modified_gmt":"2026-05-04T13:51:11","slug":"hoco-h24-arac-havalandirma-bolmesi-manyetik-telefon-tutucu-5775","status":"publish","type":"product","link":"https:\/\/www.hediyepazar.com\/?product=hoco-h24-arac-havalandirma-bolmesi-manyetik-telefon-tutucu-5775","title":{"rendered":"HOCO H24 Ara\u00e7 Havaland\u0131rma B\u00f6lmesi Manyetik Telefon Tutucu-(5775)"},"content":{"rendered":"<p><strong>HOCO H24 Ara&ccedil; Havaland&#305;rma B&ouml;lmesi Manyetik Telefon Tutucu<\/strong><\/p>\n<p><img decoding=\"async\" data-cke-saved-src=\"https:\/\/cdn.myikas.com\/images\/4b0890c4-46f7-49c5-9b0d-d8f3dae632d6\/8f8b3cc4-917a-4b9e-9134-603603deebcb\/image_1950.webp\" src=\"https:\/\/hepsicdn.com.tr\/static\/product_detail\/hbnet9ca80fc2_4963411.webp\"><\/p>\n<p><img decoding=\"async\" data-cke-saved-src=\"https:\/\/cdn.myikas.com\/images\/4b0890c4-46f7-49c5-9b0d-d8f3dae632d6\/9b0b6dda-073b-4bcf-b481-ef58f34d7740\/image_1950.webp\" src=\"https:\/\/hepsicdn.com.tr\/static\/product_detail\/hbnet9ca80fc2_4963412.webp\"><\/p>\n<p><img decoding=\"async\" data-cke-saved-src=\"https:\/\/cdn.myikas.com\/images\/4b0890c4-46f7-49c5-9b0d-d8f3dae632d6\/389e4edb-3ea2-4986-b652-459ed5dca8d9\/image_1950.webp\" src=\"https:\/\/hepsicdn.com.tr\/static\/product_detail\/hbnet9ca80fc2_4963413.webp\"><\/p>\n<p><img decoding=\"async\" data-cke-saved-src=\"https:\/\/cdn.myikas.com\/images\/4b0890c4-46f7-49c5-9b0d-d8f3dae632d6\/536a7d9d-a996-495d-9e44-66088cdecc6e\/image_1950.webp\" src=\"https:\/\/hepsicdn.com.tr\/static\/product_detail\/hbnet9ca80fc2_4963414.webp\"><\/p>\n<p><img decoding=\"async\" data-cke-saved-src=\"https:\/\/cdn.myikas.com\/images\/4b0890c4-46f7-49c5-9b0d-d8f3dae632d6\/96fb5641-6a87-45f7-be4c-a233fd8b22df\/image_1950.webp\" src=\"https:\/\/hepsicdn.com.tr\/static\/product_detail\/hbnet9ca80fc2_4963415.webp\"><\/p>\n<p><img decoding=\"async\" data-cke-saved-src=\"https:\/\/cdn.myikas.com\/images\/4b0890c4-46f7-49c5-9b0d-d8f3dae632d6\/32858747-4069-4c65-acf5-443741b71ba1\/image_1950.webp\" src=\"https:\/\/hepsicdn.com.tr\/static\/product_detail\/hbnet9ca80fc2_4963416.webp\"><\/p>\n<p><img decoding=\"async\" data-cke-saved-src=\"https:\/\/cdn.myikas.com\/images\/4b0890c4-46f7-49c5-9b0d-d8f3dae632d6\/fe66b579-a21f-4f5c-9805-9d91aa78f3f1\/image_1950.webp\" src=\"https:\/\/hepsicdn.com.tr\/static\/product_detail\/hbnet9ca80fc2_4963417.webp\"><\/p>\n<p><img decoding=\"async\" data-cke-saved-src=\"https:\/\/cdn.myikas.com\/images\/4b0890c4-46f7-49c5-9b0d-d8f3dae632d6\/40d67144-66d3-4ffa-9795-aa143665d0ff\/image_1950.webp\" src=\"https:\/\/hepsicdn.com.tr\/static\/product_detail\/hbnet9ca80fc2_4963418.webp\"><\/p>\n<p><strong><\/strong><strong>HOCO H24 Ara&ccedil; Havaland&#305;rma B&ouml;lmesi Manyetik Telefon Tutucu<br \/><\/strong>Tek elle kullan&#305;m i&ccedil;in idealdir.<br \/>Dayan&#305;kl&#305; ve uzun &ouml;m&uuml;rl&uuml;d&uuml;r<br \/>360&deg; d&ouml;nebilen tasar&#305;m&#305; sayesinde a&ccedil;&#305;y&#305; kendinize g&ouml;re ayarlayabilirsiniz.<br \/>G&uuml;&ccedil;l&uuml; m&#305;knat&#305;slar&#305; sayesinde cep telefonunuzu s&#305;k&#305;ca tutar.<br \/>G&uuml;&ccedil;lendirilmi&#351; m&#305;knat&#305;s, engebeli yollarda dahi telefonunuzun titremesini veya d&uuml;&#351;mesini engeller.<br \/>Malzeme: PC + silikon<br \/>Boyut: 62*43*66mm; A&#287;&#305;rl&#305;k: 63g<br \/>4,7-7 in&ccedil; cep telefonu i&ccedil;in uygundur<\/p>\n","protected":false},"excerpt":{"rendered":"<p>HOCO H24 Ara&ccedil; Havaland&#305;rma B&ouml;lmesi Manyetik Telefon Tutucu HOCO H24 Ara&ccedil; Havaland&#305;rma B&ouml;lmesi Manyetik Telefon TutucuTek elle kullan&#305;m i&ccedil;in idealdir.Dayan&#305;kl&#305; ve uzun &ouml;m&uuml;rl&uuml;d&uuml;r360&deg; d&ouml;nebilen tasar&#305;m&#305; sayesinde a&ccedil;&#305;y&#305; kendinize g&ouml;re ayarlayabilirsiniz.G&uuml;&ccedil;l&uuml; m&#305;knat&#305;slar&#305; sayesinde cep telefonunuzu s&#305;k&#305;ca tutar.G&uuml;&ccedil;lendirilmi&#351; m&#305;knat&#305;s, engebeli yollarda dahi telefonunuzun titremesini veya d&uuml;&#351;mesini engeller.Malzeme: PC + silikonBoyut: 62*43*66mm; A&#287;&#305;rl&#305;k: 63g4,7-7 in&ccedil; cep telefonu i&ccedil;in&#8230;<\/p>\n","protected":false},"featured_media":103701,"comment_status":"open","ping_status":"closed","template":"","meta":{"_kad_post_transparent":"","_kad_post_title":"","_kad_post_layout":"","_kad_post_sidebar_id":"","_kad_post_content_style":"","_kad_post_vertical_padding":"","_kad_post_feature":"","_kad_post_feature_position":"","_kad_post_header":false,"_kad_post_footer":false,"_kad_post_classname":""},"product_brand":[],"product_cat":[14532],"product_tag":[],"class_list":{"0":"post-103702","1":"product","2":"type-product","3":"status-publish","4":"has-post-thumbnail","6":"product_cat-oto-aksesuarlari-cep-telefonu-elektronik-oto-aksesuarlari","8":"first","9":"instock","10":"purchasable","11":"product-type-simple","12":"entry","13":"content-bg","14":"loop-entry"},"_links":{"self":[{"href":"https:\/\/www.hediyepazar.com\/index.php?rest_route=\/wp\/v2\/product\/103702","targetHints":{"allow":["GET"]}}],"collection":[{"href":"https:\/\/www.hediyepazar.com\/index.php?rest_route=\/wp\/v2\/product"}],"about":[{"href":"https:\/\/www.hediyepazar.com\/index.php?rest_route=\/wp\/v2\/types\/product"}],"replies":[{"embeddable":true,"href":"https:\/\/www.hediyepazar.com\/index.php?rest_route=%2Fwp%2Fv2%2Fcomments&post=103702"}],"wp:featuredmedia":[{"embeddable":true,"href":"https:\/\/www.hediyepazar.com\/index.php?rest_route=\/wp\/v2\/media\/103701"}],"wp:attachment":[{"href":"https:\/\/www.hediyepazar.com\/index.php?rest_route=%2Fwp%2Fv2%2Fmedia&parent=103702"}],"wp:term":[{"taxonomy":"product_brand","embeddable":true,"href":"https:\/\/www.hediyepazar.com\/index.php?rest_route=%2Fwp%2Fv2%2Fproduct_brand&post=103702"},{"taxonomy":"product_cat","embeddable":true,"href":"https:\/\/www.hediyepazar.com\/index.php?rest_route=%2Fwp%2Fv2%2Fproduct_cat&post=103702"},{"taxonomy":"product_tag","embeddable":true,"href":"https:\/\/www.hediyepazar.com\/index.php?rest_route=%2Fwp%2Fv2%2Fproduct_tag&post=103702"}],"curies":[{"name":"wp","href":"https:\/\/api.w.org\/{rel}","templated":true}]}}