{"id":103722,"date":"2026-05-04T10:53:08","date_gmt":"2026-05-04T13:53:08","guid":{"rendered":"https:\/\/www.hediyepazar.com\/?product=hoco-light-series-tpu-iphone-15-pro-seffaf-kilif-5775"},"modified":"2026-05-04T10:53:08","modified_gmt":"2026-05-04T13:53:08","slug":"hoco-light-series-tpu-iphone-15-pro-seffaf-kilif-5775","status":"publish","type":"product","link":"https:\/\/www.hediyepazar.com\/?product=hoco-light-series-tpu-iphone-15-pro-seffaf-kilif-5775","title":{"rendered":"Hoco Light Series TPU iPhone 15 Pro \u015eeffaf K\u0131l\u0131f-(5775)"},"content":{"rendered":"<p><strong>Hoco Light Series TPU iPhone 15 Pro &#350;effaf K&#305;l&#305;f<\/strong><img decoding=\"async\" data-cke-saved-src=\"https:\/\/cdn.myikas.com\/images\/4b0890c4-46f7-49c5-9b0d-d8f3dae632d6\/a5df07b1-5e0b-4bab-8aaf-0941447e1121\/image_1950.webp\" src=\"https:\/\/hepsicdn.com.tr\/static\/product_detail\/hbnet4a62644f_4965211.webp\"><img decoding=\"async\" data-cke-saved-src=\"https:\/\/cdn.myikas.com\/images\/4b0890c4-46f7-49c5-9b0d-d8f3dae632d6\/bc5bb564-d4dd-47e1-a642-beb1cad25470\/image_1950.webp\" src=\"https:\/\/hepsicdn.com.tr\/static\/product_detail\/hbnet4a62644f_4965212.webp\"><img decoding=\"async\" data-cke-saved-src=\"https:\/\/cdn.myikas.com\/images\/4b0890c4-46f7-49c5-9b0d-d8f3dae632d6\/f0aa9d79-1d3e-4d41-b58c-15259fa4b9a1\/image_1950.webp\" src=\"https:\/\/hepsicdn.com.tr\/static\/product_detail\/hbnet4a62644f_4965213.webp\"><img decoding=\"async\" data-cke-saved-src=\"https:\/\/cdn.myikas.com\/images\/4b0890c4-46f7-49c5-9b0d-d8f3dae632d6\/0b335c69-b054-44b2-8abb-dbe5f5ceec9a\/image_1950.webp\" src=\"https:\/\/hepsicdn.com.tr\/static\/product_detail\/hbnet4a62644f_4965214.webp\"><img decoding=\"async\" data-cke-saved-src=\"https:\/\/cdn.myikas.com\/images\/4b0890c4-46f7-49c5-9b0d-d8f3dae632d6\/8a5fd613-f631-49a6-ad1d-535bfebcb6cb\/image_1950.webp\" src=\"https:\/\/hepsicdn.com.tr\/static\/product_detail\/hbnet4a62644f_4965215.webp\"><img decoding=\"async\" data-cke-saved-src=\"https:\/\/cdn.myikas.com\/images\/4b0890c4-46f7-49c5-9b0d-d8f3dae632d6\/714e381e-b5bb-466e-b9ea-33e5e7163f9e\/image_1950.webp\" src=\"https:\/\/hepsicdn.com.tr\/static\/product_detail\/hbnet4a62644f_4965216.webp\"><img decoding=\"async\" data-cke-saved-src=\"https:\/\/cdn.myikas.com\/images\/4b0890c4-46f7-49c5-9b0d-d8f3dae632d6\/889f0061-d057-4f92-89ae-6cc25a67a53a\/image_1950.webp\" src=\"https:\/\/hepsicdn.com.tr\/static\/product_detail\/hbnet4a62644f_4965217.webp\"><strong>Hoco Light Series TPU iPhone 15 Pro &#350;effaf K&#305;l&#305;f<\/strong><\/p>\n<div>koruma sa&#287;lar ve ayn&#305; zamanda iPhone&#8217;un g&ouml;r&uuml;n&uuml;m&uuml;n&uuml; de geli&#351;tirir<\/div>\n<div>Kapak tamamen &#351;effaf ve &ccedil;ok incedir.<\/div>\n<div>0,8 mm inceli&#287;inde olup sizi hi&ccedil;bir &#351;ekilde k&#305;s&#305;tlamayacakt&#305;r.<\/div>\n<div>Maksimum esnekli&#287;e sahip ve ayn&#305; zamanda yanmay&#305; yava&#351;latan malzeme i&ccedil;eren TPU plastikten yap&#305;lm&#305;&#351;t&#305;r.<\/div>\n<div>Tamamen &#351;effaf kasa<\/div>\n<div>&#304;nce 0,8 mmTPU malzemeden &uuml;retilmi&#351;tir<\/div>\n<div>Kablosuz &#351;arj deste&#287;i<\/div>\n<div>Ekran&#305;n ve kameralar&#305;n daha iyi korunmas&#305; i&ccedil;in y&uuml;kseltilmi&#351; kenarlar<\/div>\n","protected":false},"excerpt":{"rendered":"<p>Hoco Light Series TPU iPhone 15 Pro &#350;effaf K&#305;l&#305;fHoco Light Series TPU iPhone 15 Pro &#350;effaf K&#305;l&#305;f koruma sa&#287;lar ve ayn&#305; zamanda iPhone&#8217;un g&ouml;r&uuml;n&uuml;m&uuml;n&uuml; de geli&#351;tirir Kapak tamamen &#351;effaf ve &ccedil;ok incedir. 0,8 mm inceli&#287;inde olup sizi hi&ccedil;bir &#351;ekilde k&#305;s&#305;tlamayacakt&#305;r. Maksimum esnekli&#287;e sahip ve ayn&#305; zamanda yanmay&#305; yava&#351;latan malzeme i&ccedil;eren TPU plastikten yap&#305;lm&#305;&#351;t&#305;r. Tamamen &#351;effaf&#8230;<\/p>\n","protected":false},"featured_media":103721,"comment_status":"open","ping_status":"closed","template":"","meta":{"_kad_post_transparent":"","_kad_post_title":"","_kad_post_layout":"","_kad_post_sidebar_id":"","_kad_post_content_style":"","_kad_post_vertical_padding":"","_kad_post_feature":"","_kad_post_feature_position":"","_kad_post_header":false,"_kad_post_footer":false,"_kad_post_classname":""},"product_brand":[],"product_cat":[14520],"product_tag":[],"class_list":{"0":"post-103722","1":"product","2":"type-product","3":"status-publish","4":"has-post-thumbnail","6":"product_cat-telefon-kilifi-cep-telefonu-aksesuarlari-cep-telefonu-elektronik-telefon-kilifi","8":"first","9":"instock","10":"purchasable","11":"product-type-simple","12":"entry","13":"content-bg","14":"loop-entry"},"_links":{"self":[{"href":"https:\/\/www.hediyepazar.com\/index.php?rest_route=\/wp\/v2\/product\/103722","targetHints":{"allow":["GET"]}}],"collection":[{"href":"https:\/\/www.hediyepazar.com\/index.php?rest_route=\/wp\/v2\/product"}],"about":[{"href":"https:\/\/www.hediyepazar.com\/index.php?rest_route=\/wp\/v2\/types\/product"}],"replies":[{"embeddable":true,"href":"https:\/\/www.hediyepazar.com\/index.php?rest_route=%2Fwp%2Fv2%2Fcomments&post=103722"}],"wp:featuredmedia":[{"embeddable":true,"href":"https:\/\/www.hediyepazar.com\/index.php?rest_route=\/wp\/v2\/media\/103721"}],"wp:attachment":[{"href":"https:\/\/www.hediyepazar.com\/index.php?rest_route=%2Fwp%2Fv2%2Fmedia&parent=103722"}],"wp:term":[{"taxonomy":"product_brand","embeddable":true,"href":"https:\/\/www.hediyepazar.com\/index.php?rest_route=%2Fwp%2Fv2%2Fproduct_brand&post=103722"},{"taxonomy":"product_cat","embeddable":true,"href":"https:\/\/www.hediyepazar.com\/index.php?rest_route=%2Fwp%2Fv2%2Fproduct_cat&post=103722"},{"taxonomy":"product_tag","embeddable":true,"href":"https:\/\/www.hediyepazar.com\/index.php?rest_route=%2Fwp%2Fv2%2Fproduct_tag&post=103722"}],"curies":[{"name":"wp","href":"https:\/\/api.w.org\/{rel}","templated":true}]}}