{"id":103738,"date":"2026-05-04T10:56:05","date_gmt":"2026-05-04T13:56:05","guid":{"rendered":"https:\/\/www.hediyepazar.com\/?product=hoco-iphone-15-as7-kilif-manyetik-magsafeli-telefon-kilifi-5775"},"modified":"2026-05-04T10:56:05","modified_gmt":"2026-05-04T13:56:05","slug":"hoco-iphone-15-as7-kilif-manyetik-magsafeli-telefon-kilifi-5775","status":"publish","type":"product","link":"https:\/\/www.hediyepazar.com\/?product=hoco-iphone-15-as7-kilif-manyetik-magsafeli-telefon-kilifi-5775","title":{"rendered":"Hoco iPhone 15 AS7 K\u0131l\u0131f Manyetik Magsafeli Telefon K\u0131l\u0131f\u0131-(5775)"},"content":{"rendered":"<p><strong>Hoco iPhone 15 AS7 K&#305;l&#305;f Manyetik Magsafeli Telefon K&#305;l&#305;f&#305;<\/strong><img decoding=\"async\" data-cke-saved-src=\"https:\/\/cdn.myikas.com\/images\/4b0890c4-46f7-49c5-9b0d-d8f3dae632d6\/af730521-72d5-4e7c-9741-9e914e85ec30\/image_1950.webp\" src=\"https:\/\/hepsicdn.com.tr\/static\/product_detail\/hbnet8d72918c_4966011.webp\"><img decoding=\"async\" data-cke-saved-src=\"https:\/\/cdn.myikas.com\/images\/4b0890c4-46f7-49c5-9b0d-d8f3dae632d6\/b16a37e0-dfb3-4125-ba8a-3cc2e3a69d8e\/image_1950.webp\" src=\"https:\/\/hepsicdn.com.tr\/static\/product_detail\/hbnet8d72918c_4966012.webp\"><img decoding=\"async\" data-cke-saved-src=\"https:\/\/cdn.myikas.com\/images\/4b0890c4-46f7-49c5-9b0d-d8f3dae632d6\/0c65b192-8ad9-4ad6-a0ab-e64c1070e1f8\/image_1950.webp\" src=\"https:\/\/hepsicdn.com.tr\/static\/product_detail\/hbnet8d72918c_4966013.webp\"><img decoding=\"async\" data-cke-saved-src=\"https:\/\/cdn.myikas.com\/images\/4b0890c4-46f7-49c5-9b0d-d8f3dae632d6\/71276657-3cd7-4711-9251-770cb00388a6\/image_1950.webp\" src=\"https:\/\/hepsicdn.com.tr\/static\/product_detail\/hbnet8d72918c_4966014.webp\"><strong>&#8203;<\/strong><strong>Hoco iPhone 15 AS7 K&#305;l&#305;f Manyetik Magsafeli Telefon K&#305;l&#305;f&#305;<\/strong><\/p>\n<div>cihaz&#305;n&#305;z&#305;n kazara &ccedil;arpmalara, d&uuml;&#351;melere ve darbelere kar&#351;&#305; korunmas&#305;n&#305; sa&#287;lar.<\/div>\n<div>&nbsp;G&uuml;c&uuml; ve elastikli&#287;i ile bilinen y&uuml;ksek kaliteli aramid elyaf malzemenin kullan&#305;lmas&#305;, kasaya ekstra bir sa&#287;laml&#305;k katman&#305; ekleyerek&nbsp;uzun s&uuml;reli koruma sa&#287;lar.<\/div>\n<div>36 manyetik temas noktas&#305;na sahiptir ve cihaz&#305;n&#305;z ile MagSafe aksesuarlar&#305; aras&#305;nda g&uuml;venli bir ba&#287;lant&#305; olu&#351;turur.<\/div>\n<div>Bu yaln&#305;zca kullan&#305;c&#305; deneyimini geli&#351;tirmekle kalmaz, ayn&#305; zamanda MagSafe uyumlu aksesuarlar&#305;n&#305;z i&ccedil;in en iyi i&#351;levselli&#287;i sa&#287;lar.<\/div>\n<div><\/div>\n","protected":false},"excerpt":{"rendered":"<p>Hoco iPhone 15 AS7 K&#305;l&#305;f Manyetik Magsafeli Telefon K&#305;l&#305;f&#305;&#8203;Hoco iPhone 15 AS7 K&#305;l&#305;f Manyetik Magsafeli Telefon K&#305;l&#305;f&#305; cihaz&#305;n&#305;z&#305;n kazara &ccedil;arpmalara, d&uuml;&#351;melere ve darbelere kar&#351;&#305; korunmas&#305;n&#305; sa&#287;lar. &nbsp;G&uuml;c&uuml; ve elastikli&#287;i ile bilinen y&uuml;ksek kaliteli aramid elyaf malzemenin kullan&#305;lmas&#305;, kasaya ekstra bir sa&#287;laml&#305;k katman&#305; ekleyerek&nbsp;uzun s&uuml;reli koruma sa&#287;lar. 36 manyetik temas noktas&#305;na sahiptir ve cihaz&#305;n&#305;z ile MagSafe&#8230;<\/p>\n","protected":false},"featured_media":103737,"comment_status":"open","ping_status":"closed","template":"","meta":{"_kad_post_transparent":"","_kad_post_title":"","_kad_post_layout":"","_kad_post_sidebar_id":"","_kad_post_content_style":"","_kad_post_vertical_padding":"","_kad_post_feature":"","_kad_post_feature_position":"","_kad_post_header":false,"_kad_post_footer":false,"_kad_post_classname":""},"product_brand":[],"product_cat":[14520],"product_tag":[],"class_list":{"0":"post-103738","1":"product","2":"type-product","3":"status-publish","4":"has-post-thumbnail","6":"product_cat-telefon-kilifi-cep-telefonu-aksesuarlari-cep-telefonu-elektronik-telefon-kilifi","8":"first","9":"instock","10":"purchasable","11":"product-type-simple","12":"entry","13":"content-bg","14":"loop-entry"},"_links":{"self":[{"href":"https:\/\/www.hediyepazar.com\/index.php?rest_route=\/wp\/v2\/product\/103738","targetHints":{"allow":["GET"]}}],"collection":[{"href":"https:\/\/www.hediyepazar.com\/index.php?rest_route=\/wp\/v2\/product"}],"about":[{"href":"https:\/\/www.hediyepazar.com\/index.php?rest_route=\/wp\/v2\/types\/product"}],"replies":[{"embeddable":true,"href":"https:\/\/www.hediyepazar.com\/index.php?rest_route=%2Fwp%2Fv2%2Fcomments&post=103738"}],"wp:featuredmedia":[{"embeddable":true,"href":"https:\/\/www.hediyepazar.com\/index.php?rest_route=\/wp\/v2\/media\/103737"}],"wp:attachment":[{"href":"https:\/\/www.hediyepazar.com\/index.php?rest_route=%2Fwp%2Fv2%2Fmedia&parent=103738"}],"wp:term":[{"taxonomy":"product_brand","embeddable":true,"href":"https:\/\/www.hediyepazar.com\/index.php?rest_route=%2Fwp%2Fv2%2Fproduct_brand&post=103738"},{"taxonomy":"product_cat","embeddable":true,"href":"https:\/\/www.hediyepazar.com\/index.php?rest_route=%2Fwp%2Fv2%2Fproduct_cat&post=103738"},{"taxonomy":"product_tag","embeddable":true,"href":"https:\/\/www.hediyepazar.com\/index.php?rest_route=%2Fwp%2Fv2%2Fproduct_tag&post=103738"}],"curies":[{"name":"wp","href":"https:\/\/api.w.org\/{rel}","templated":true}]}}