{"id":103768,"date":"2026-05-04T10:59:04","date_gmt":"2026-05-04T13:59:04","guid":{"rendered":"https:\/\/www.hediyepazar.com\/?product=hoco-w109-rich-gaming-kulakustu-kulaklik-5775"},"modified":"2026-05-04T10:59:04","modified_gmt":"2026-05-04T13:59:04","slug":"hoco-w109-rich-gaming-kulakustu-kulaklik-5775","status":"publish","type":"product","link":"https:\/\/www.hediyepazar.com\/?product=hoco-w109-rich-gaming-kulakustu-kulaklik-5775","title":{"rendered":"HOCO W109 Rich Gaming Kulak\u00fcst\u00fc Kulakl\u0131k-(5775)"},"content":{"rendered":"<p><strong>HOCO W109 Rich Gaming Kulak&uuml;st&uuml; Kulakl&#305;k<\/strong><br \/><strong><\/strong><img decoding=\"async\"  src=\"https:\/\/hepsicdn.com.tr\/static\/product_detail\/hbnet9389b600_4968111.webp\"><img decoding=\"async\"  src=\"https:\/\/hepsicdn.com.tr\/static\/product_detail\/hbnet9389b600_4968112.webp\"><img decoding=\"async\"  src=\"https:\/\/hepsicdn.com.tr\/static\/product_detail\/hbnet9389b600_4968113.webp\"><img decoding=\"async\"  src=\"https:\/\/hepsicdn.com.tr\/static\/product_detail\/hbnet9389b600_4968114.webp\"><img decoding=\"async\"  src=\"https:\/\/hepsicdn.com.tr\/static\/product_detail\/hbnet9389b600_4968115.webp\"><img decoding=\"async\"  src=\"https:\/\/hepsicdn.com.tr\/static\/product_detail\/hbnet9389b600_4968116.webp\"><img decoding=\"async\"  src=\"https:\/\/hepsicdn.com.tr\/static\/product_detail\/hbnet9389b600_4968117.webp\"><img decoding=\"async\"  src=\"https:\/\/hepsicdn.com.tr\/static\/product_detail\/hbnet9389b600_4968118.webp\"><br \/><strong>HOCO W109 Rich Gaming Kulak&uuml;st&uuml; Kulakl&#305;k<\/strong><\/p>\n<div>50 mm hoparl&ouml;rler, s&uuml;r&uuml;kleyici bir oyun deneyimi i&ccedil;in y&uuml;ksek ve zengin ses sunar.<\/div>\n<div>Katlanabilir mikrofon, sesi herhangi bir m&uuml;dahale olmaks&#305;z&#305;n net bir &#351;ekilde iletir.<\/div>\n<div>Cihaz&#305;n hafif ve kullan&#305;&#351;l&#305; tasar&#305;m&#305; uzun s&uuml;re rahat kullan&#305;m i&ccedil;in tasarlanm&#305;&#351;t&#305;r.&nbsp;<\/div>\n<div>G&uuml;r&uuml;lt&uuml; engelleme, oyun oynarken sizi rahats&#305;z edebilecek yabanc&#305; sesleri ortadan kald&#305;r&#305;r.<\/div>\n<div>2, Aray&uuml;z: USB+3,5 fi&#351;i <\/div>\n<div>3. Mikrofon: &ccedil;ok y&ouml;nl&uuml; mikrofon,<\/div>\n<div>4, Boyut: 230*190*115 mm;<\/div>\n<div>&nbsp;Kulakl&#305;k kablosu uzunlu&#287;u: 2m&nbsp;<\/div>\n<div>A&#287;&#305;rl&#305;k: 315g <\/div>\n<div>5, kulak kabu&#287;u ve kafa huzmesi dinamik sihirli ayd&#305;nlatma efekti, <\/div>\n<div>bire iki ses adapt&ouml;r&uuml;yle, <\/div>\n<div>masa&uuml;st&uuml; veya &ccedil;ift sesli diz&uuml;st&uuml; bilgisayar i&ccedil;in kullan&#305;labilir<\/div>\n","protected":false},"excerpt":{"rendered":"<p>HOCO W109 Rich Gaming Kulak&uuml;st&uuml; Kulakl&#305;kHOCO W109 Rich Gaming Kulak&uuml;st&uuml; Kulakl&#305;k 50 mm hoparl&ouml;rler, s&uuml;r&uuml;kleyici bir oyun deneyimi i&ccedil;in y&uuml;ksek ve zengin ses sunar. Katlanabilir mikrofon, sesi herhangi bir m&uuml;dahale olmaks&#305;z&#305;n net bir &#351;ekilde iletir. Cihaz&#305;n hafif ve kullan&#305;&#351;l&#305; tasar&#305;m&#305; uzun s&uuml;re rahat kullan&#305;m i&ccedil;in tasarlanm&#305;&#351;t&#305;r.&nbsp; G&uuml;r&uuml;lt&uuml; engelleme, oyun oynarken sizi rahats&#305;z edebilecek yabanc&#305; sesleri&#8230;<\/p>\n","protected":false},"featured_media":103767,"comment_status":"open","ping_status":"closed","template":"","meta":{"_kad_post_transparent":"","_kad_post_title":"","_kad_post_layout":"","_kad_post_sidebar_id":"","_kad_post_content_style":"","_kad_post_vertical_padding":"","_kad_post_feature":"","_kad_post_feature_position":"","_kad_post_header":false,"_kad_post_footer":false,"_kad_post_classname":""},"product_brand":[],"product_cat":[14634],"product_tag":[],"class_list":{"0":"post-103768","1":"product","2":"type-product","3":"status-publish","4":"has-post-thumbnail","6":"product_cat-kulaklik-elektronik-kulaklik-elektronik","8":"first","9":"instock","10":"purchasable","11":"product-type-simple","12":"entry","13":"content-bg","14":"loop-entry"},"_links":{"self":[{"href":"https:\/\/www.hediyepazar.com\/index.php?rest_route=\/wp\/v2\/product\/103768","targetHints":{"allow":["GET"]}}],"collection":[{"href":"https:\/\/www.hediyepazar.com\/index.php?rest_route=\/wp\/v2\/product"}],"about":[{"href":"https:\/\/www.hediyepazar.com\/index.php?rest_route=\/wp\/v2\/types\/product"}],"replies":[{"embeddable":true,"href":"https:\/\/www.hediyepazar.com\/index.php?rest_route=%2Fwp%2Fv2%2Fcomments&post=103768"}],"wp:featuredmedia":[{"embeddable":true,"href":"https:\/\/www.hediyepazar.com\/index.php?rest_route=\/wp\/v2\/media\/103767"}],"wp:attachment":[{"href":"https:\/\/www.hediyepazar.com\/index.php?rest_route=%2Fwp%2Fv2%2Fmedia&parent=103768"}],"wp:term":[{"taxonomy":"product_brand","embeddable":true,"href":"https:\/\/www.hediyepazar.com\/index.php?rest_route=%2Fwp%2Fv2%2Fproduct_brand&post=103768"},{"taxonomy":"product_cat","embeddable":true,"href":"https:\/\/www.hediyepazar.com\/index.php?rest_route=%2Fwp%2Fv2%2Fproduct_cat&post=103768"},{"taxonomy":"product_tag","embeddable":true,"href":"https:\/\/www.hediyepazar.com\/index.php?rest_route=%2Fwp%2Fv2%2Fproduct_tag&post=103768"}],"curies":[{"name":"wp","href":"https:\/\/api.w.org\/{rel}","templated":true}]}}