{"id":103770,"date":"2026-05-04T10:59:08","date_gmt":"2026-05-04T13:59:08","guid":{"rendered":"https:\/\/www.hediyepazar.com\/?product=hoco-w109-plus-rich-usb7-1-gaming-kulakustu-kulaklik-5775"},"modified":"2026-05-04T10:59:08","modified_gmt":"2026-05-04T13:59:08","slug":"hoco-w109-plus-rich-usb7-1-gaming-kulakustu-kulaklik-5775","status":"publish","type":"product","link":"https:\/\/www.hediyepazar.com\/?product=hoco-w109-plus-rich-usb7-1-gaming-kulakustu-kulaklik-5775","title":{"rendered":"HOCO W109 Plus Rich USB7.1 Gaming Kulak\u00fcst\u00fc Kulakl\u0131k-(5775)"},"content":{"rendered":"<p><strong>HOCO W109 Plus Rich USB7.1 Gaming Kulak&uuml;st&uuml; Kulakl&#305;k<\/strong><img decoding=\"async\" data-cke-saved-src=\"https:\/\/cdn.myikas.com\/images\/4b0890c4-46f7-49c5-9b0d-d8f3dae632d6\/58326655-aec8-4b00-bbf9-2c04823cc507\/image_1950.webp\" src=\"https:\/\/hepsicdn.com.tr\/static\/product_detail\/hbnet6c485450_4968211.webp\"><img decoding=\"async\" data-cke-saved-src=\"https:\/\/cdn.myikas.com\/images\/4b0890c4-46f7-49c5-9b0d-d8f3dae632d6\/d06bd9ba-213a-4ff8-8947-da0b767bff5d\/image_1950.webp\" src=\"https:\/\/hepsicdn.com.tr\/static\/product_detail\/hbnet6c485450_4968212.webp\"><img decoding=\"async\" data-cke-saved-src=\"https:\/\/cdn.myikas.com\/images\/4b0890c4-46f7-49c5-9b0d-d8f3dae632d6\/1898ccff-6e74-448e-8667-01979802e18e\/image_1950.webp\" src=\"https:\/\/hepsicdn.com.tr\/static\/product_detail\/hbnet6c485450_4968213.webp\"><img decoding=\"async\" data-cke-saved-src=\"https:\/\/cdn.myikas.com\/images\/4b0890c4-46f7-49c5-9b0d-d8f3dae632d6\/148cdc2c-114f-4ecc-ac63-6351a8012604\/image_1950.webp\" src=\"https:\/\/hepsicdn.com.tr\/static\/product_detail\/hbnet6c485450_4968214.webp\"><img decoding=\"async\" data-cke-saved-src=\"https:\/\/cdn.myikas.com\/images\/4b0890c4-46f7-49c5-9b0d-d8f3dae632d6\/c68124fa-abe8-4705-9e2a-712fc1683517\/image_1950.webp\" src=\"https:\/\/hepsicdn.com.tr\/static\/product_detail\/hbnet6c485450_4968215.webp\"><img decoding=\"async\" data-cke-saved-src=\"https:\/\/cdn.myikas.com\/images\/4b0890c4-46f7-49c5-9b0d-d8f3dae632d6\/9350621c-bc7a-417a-8387-a98098cf7ea3\/image_1950.webp\" src=\"https:\/\/hepsicdn.com.tr\/static\/product_detail\/hbnet6c485450_4968216.webp\"><img decoding=\"async\" data-cke-saved-src=\"https:\/\/cdn.myikas.com\/images\/4b0890c4-46f7-49c5-9b0d-d8f3dae632d6\/fa27b755-7c45-43d2-a94f-fe240c0fd488\/image_1950.webp\" src=\"https:\/\/hepsicdn.com.tr\/static\/product_detail\/hbnet6c485450_4968217.webp\"><strong>HOCO W109 Plus Rich USB7.1 Gaming Kulak&uuml;st&uuml; Kulakl&#305;k<\/strong><\/p>\n<div>Kulakl&#305;klar, dinamik RGB ayd&#305;nlatma ve 7.1 kanal ses gibi geli&#351;mi&#351; teknolojileri bir araya getirerek benzersiz bir g&ouml;rsel-i&#351;itsel deneyim yarat&#305;r.<\/div>\n<div>Evrensel USB ba&#287;lant&#305;s&#305;n&#305;n kullan&#305;lmas&#305; sayesinde HOCO W109 Plus kulakl&#305;klar &ccedil;ok &ccedil;e&#351;itli cihazlara kolayca ba&#287;lan&#305;r.<\/div>\n<div>Kulakl&#305;&#287;&#305;n yumu&#351;ak kulak yast&#305;klar&#305;na ve ayarlanabilir kafa band&#305;na sahip ergonomik tasar&#305;m&#305;, uzun oyun seanslar&#305;nda bile rahat kullan&#305;m sa&#287;lar.<\/div>\n<div>Kulakl&#305;klar, net ve derin ses sa&#287;layan 50 mm hoparl&ouml;rlerle donat&#305;lm&#305;&#351;t&#305;r.&nbsp;7.1 kanal teknolojisi, oyunlardaki ses kayna&#287;&#305;n&#305; hassas bir &#351;ekilde yerelle&#351;tirmenize olanak tan&#305;yarak tam bir s&uuml;r&uuml;klenme hissi yarat&#305;r.<\/div>\n<div>&nbsp;Dayan&#305;kl&#305; malzemelerin kullan&#305;lmas&#305;, darbe ve d&uuml;&#351;melerden kaynaklanan hasarlar&#305; &ouml;nleyerek &uuml;r&uuml;n&uuml;n uzun &ouml;m&uuml;rl&uuml; olmas&#305;n&#305; sa&#287;lar.<\/div>\n<div>\n<p>Derin ve net ses i&ccedil;in 50 mm hoparl&ouml;rler.<\/p>\n<p>Ger&ccedil;ek&ccedil;i ses &uuml;retimi i&ccedil;in 7.1 kanal teknolojisi.<\/p>\n<p>Ayarlama imkan&#305; sunan dinamik RGB ayd&#305;nlatma.Rahat kullan&#305;m i&ccedil;in ergonomik tasar&#305;m ve yumu&#351;ak kulak yast&#305;klar&#305;.<\/p>\n<p>&Ccedil;e&#351;itli cihazlarla geni&#351; uyumluluk i&ccedil;in evrensel USB ba&#287;lant&#305;s&#305;.<\/p>\n<p><strong>Hoparl&ouml;rler:<\/strong>&nbsp;&nbsp;50 mm<\/p>\n<p><strong>Aray&uuml;z:<\/strong>&nbsp;&nbsp;tek USB konekt&ouml;r&uuml;<\/p>\n<p><strong>Mikrofon:<\/strong>&nbsp;&nbsp;&ccedil;ok y&ouml;nl&uuml;, boyut: 4,0 x 1,5 mm<\/p>\n<p><strong>Boyut:<\/strong>&nbsp;&nbsp;230 x 190 x 115 mm;&nbsp;kulakl&#305;k kablosu uzunlu&#287;u: 2 m;&nbsp;a&#287;&#305;rl&#305;k: 315 gr<\/p>\n<p><strong>Ayd&#305;nlatma:<\/strong>&nbsp;&nbsp;Kulakl&#305;klar ve kafa band&#305; &uuml;zerinde dinamik RGB ayd&#305;nlatma efektleri, oyun ekipmanlar&#305; i&ccedil;in renkli ve harika tasar&#305;m<\/p>\n<p><strong>Ses:<\/strong>&nbsp;&nbsp;7.1 kanal, daha hacimli ve ger&ccedil;ek&ccedil;i oyun sesi, geli&#351;mi&#351; kullan&#305;c&#305; deneyimi sa&#287;lar<\/p>\n<\/div>\n","protected":false},"excerpt":{"rendered":"<p>HOCO W109 Plus Rich USB7.1 Gaming Kulak&uuml;st&uuml; Kulakl&#305;kHOCO W109 Plus Rich USB7.1 Gaming Kulak&uuml;st&uuml; Kulakl&#305;k Kulakl&#305;klar, dinamik RGB ayd&#305;nlatma ve 7.1 kanal ses gibi geli&#351;mi&#351; teknolojileri bir araya getirerek benzersiz bir g&ouml;rsel-i&#351;itsel deneyim yarat&#305;r. Evrensel USB ba&#287;lant&#305;s&#305;n&#305;n kullan&#305;lmas&#305; sayesinde HOCO W109 Plus kulakl&#305;klar &ccedil;ok &ccedil;e&#351;itli cihazlara kolayca ba&#287;lan&#305;r. Kulakl&#305;&#287;&#305;n yumu&#351;ak kulak yast&#305;klar&#305;na ve ayarlanabilir kafa&#8230;<\/p>\n","protected":false},"featured_media":103769,"comment_status":"open","ping_status":"closed","template":"","meta":{"_kad_post_transparent":"","_kad_post_title":"","_kad_post_layout":"","_kad_post_sidebar_id":"","_kad_post_content_style":"","_kad_post_vertical_padding":"","_kad_post_feature":"","_kad_post_feature_position":"","_kad_post_header":false,"_kad_post_footer":false,"_kad_post_classname":""},"product_brand":[],"product_cat":[14634],"product_tag":[],"class_list":{"0":"post-103770","1":"product","2":"type-product","3":"status-publish","4":"has-post-thumbnail","6":"product_cat-kulaklik-elektronik-kulaklik-elektronik","8":"first","9":"instock","10":"purchasable","11":"product-type-simple","12":"entry","13":"content-bg","14":"loop-entry"},"_links":{"self":[{"href":"https:\/\/www.hediyepazar.com\/index.php?rest_route=\/wp\/v2\/product\/103770","targetHints":{"allow":["GET"]}}],"collection":[{"href":"https:\/\/www.hediyepazar.com\/index.php?rest_route=\/wp\/v2\/product"}],"about":[{"href":"https:\/\/www.hediyepazar.com\/index.php?rest_route=\/wp\/v2\/types\/product"}],"replies":[{"embeddable":true,"href":"https:\/\/www.hediyepazar.com\/index.php?rest_route=%2Fwp%2Fv2%2Fcomments&post=103770"}],"wp:featuredmedia":[{"embeddable":true,"href":"https:\/\/www.hediyepazar.com\/index.php?rest_route=\/wp\/v2\/media\/103769"}],"wp:attachment":[{"href":"https:\/\/www.hediyepazar.com\/index.php?rest_route=%2Fwp%2Fv2%2Fmedia&parent=103770"}],"wp:term":[{"taxonomy":"product_brand","embeddable":true,"href":"https:\/\/www.hediyepazar.com\/index.php?rest_route=%2Fwp%2Fv2%2Fproduct_brand&post=103770"},{"taxonomy":"product_cat","embeddable":true,"href":"https:\/\/www.hediyepazar.com\/index.php?rest_route=%2Fwp%2Fv2%2Fproduct_cat&post=103770"},{"taxonomy":"product_tag","embeddable":true,"href":"https:\/\/www.hediyepazar.com\/index.php?rest_route=%2Fwp%2Fv2%2Fproduct_tag&post=103770"}],"curies":[{"name":"wp","href":"https:\/\/api.w.org\/{rel}","templated":true}]}}