{"id":103794,"date":"2026-05-04T11:03:00","date_gmt":"2026-05-04T14:03:00","guid":{"rendered":"https:\/\/www.hediyepazar.com\/?product=ally-araba-icin-gozluk-esya-ergonomik-saklama-klipsi-5775"},"modified":"2026-05-04T11:03:00","modified_gmt":"2026-05-04T14:03:00","slug":"ally-araba-icin-gozluk-esya-ergonomik-saklama-klipsi-5775","status":"publish","type":"product","link":"https:\/\/www.hediyepazar.com\/?product=ally-araba-icin-gozluk-esya-ergonomik-saklama-klipsi-5775","title":{"rendered":"Ally Araba \u0130\u00e7in G\u00f6zl\u00fck E\u015fya Ergonomik Saklama Klipsi-(5775)"},"content":{"rendered":"<p><strong>Ally Araba &#304;&ccedil;in G&ouml;zl&uuml;k, E&#351;ya Ergonomik Saklama Klipsi<\/strong><br \/><strong>&#8203;<\/strong><img decoding=\"async\" data-cke-saved-src=\"https:\/\/cdn.myikas.com\/images\/4b0890c4-46f7-49c5-9b0d-d8f3dae632d6\/9fb816f0-1097-4850-b2f4-db497e24fbcc\/image_1950.webp\" src=\"https:\/\/hepsicdn.com.tr\/static\/product_detail\/hbnet0ff5e28e_4969711.webp\"><img decoding=\"async\" data-cke-saved-src=\"https:\/\/cdn.myikas.com\/images\/4b0890c4-46f7-49c5-9b0d-d8f3dae632d6\/b4847e35-473b-432c-98dd-0fe4e3e340c9\/image_1950.webp\" src=\"https:\/\/hepsicdn.com.tr\/static\/product_detail\/hbnet0ff5e28e_4969712.webp\"><img decoding=\"async\" data-cke-saved-src=\"https:\/\/cdn.myikas.com\/images\/4b0890c4-46f7-49c5-9b0d-d8f3dae632d6\/038e0ebf-67ad-4bfe-93a2-810dd8cd833a\/image_1950.webp\" src=\"https:\/\/hepsicdn.com.tr\/static\/product_detail\/hbnet0ff5e28e_4969713.webp\"><img decoding=\"async\" data-cke-saved-src=\"https:\/\/cdn.myikas.com\/images\/4b0890c4-46f7-49c5-9b0d-d8f3dae632d6\/98cd19a6-48cd-478c-a058-db52fcb313ab\/image_1950.webp\" src=\"https:\/\/hepsicdn.com.tr\/static\/product_detail\/hbnet0ff5e28e_4969714.webp\"><img decoding=\"async\" data-cke-saved-src=\"https:\/\/cdn.myikas.com\/images\/4b0890c4-46f7-49c5-9b0d-d8f3dae632d6\/f94900af-15bf-499c-a6ca-a6e77f3e60c8\/image_1950.webp\" src=\"https:\/\/hepsicdn.com.tr\/static\/product_detail\/hbnet0ff5e28e_4969715.webp\">&#8203;<strong>Ally Araba &#304;&ccedil;in G&ouml;zl&uuml;k, E&#351;ya Ergonomik Saklama Klipsi<\/strong><\/p>\n<div>Kompakt ve Kullan&#305;m&#305; Kolay<\/div>\n<div>Her &#351;eyi tutabilir.&nbsp;<\/div>\n<div>Arabadaki k&uuml;&ccedil;&uuml;k e&#351;yalar&#305; tek bir klipste saklanabilir<\/div>\n<div>G&ouml;zl&uuml;klere zarar vermez<\/div>\n<div>Zarif ve hafif yer kaplamaz<\/div>\n<div>Metal+ABS<\/div>\n","protected":false},"excerpt":{"rendered":"<p>Ally Araba &#304;&ccedil;in G&ouml;zl&uuml;k, E&#351;ya Ergonomik Saklama Klipsi&#8203;&#8203;Ally Araba &#304;&ccedil;in G&ouml;zl&uuml;k, E&#351;ya Ergonomik Saklama Klipsi Kompakt ve Kullan&#305;m&#305; Kolay Her &#351;eyi tutabilir.&nbsp; Arabadaki k&uuml;&ccedil;&uuml;k e&#351;yalar&#305; tek bir klipste saklanabilir G&ouml;zl&uuml;klere zarar vermez Zarif ve hafif yer kaplamaz Metal+ABS<\/p>\n","protected":false},"featured_media":103793,"comment_status":"open","ping_status":"closed","template":"","meta":{"_kad_post_transparent":"","_kad_post_title":"","_kad_post_layout":"","_kad_post_sidebar_id":"","_kad_post_content_style":"","_kad_post_vertical_padding":"","_kad_post_feature":"","_kad_post_feature_position":"","_kad_post_header":false,"_kad_post_footer":false,"_kad_post_classname":""},"product_brand":[],"product_cat":[14532],"product_tag":[],"class_list":{"0":"post-103794","1":"product","2":"type-product","3":"status-publish","4":"has-post-thumbnail","6":"product_cat-oto-aksesuarlari-cep-telefonu-elektronik-oto-aksesuarlari","8":"first","9":"instock","10":"purchasable","11":"product-type-simple","12":"entry","13":"content-bg","14":"loop-entry"},"_links":{"self":[{"href":"https:\/\/www.hediyepazar.com\/index.php?rest_route=\/wp\/v2\/product\/103794","targetHints":{"allow":["GET"]}}],"collection":[{"href":"https:\/\/www.hediyepazar.com\/index.php?rest_route=\/wp\/v2\/product"}],"about":[{"href":"https:\/\/www.hediyepazar.com\/index.php?rest_route=\/wp\/v2\/types\/product"}],"replies":[{"embeddable":true,"href":"https:\/\/www.hediyepazar.com\/index.php?rest_route=%2Fwp%2Fv2%2Fcomments&post=103794"}],"wp:featuredmedia":[{"embeddable":true,"href":"https:\/\/www.hediyepazar.com\/index.php?rest_route=\/wp\/v2\/media\/103793"}],"wp:attachment":[{"href":"https:\/\/www.hediyepazar.com\/index.php?rest_route=%2Fwp%2Fv2%2Fmedia&parent=103794"}],"wp:term":[{"taxonomy":"product_brand","embeddable":true,"href":"https:\/\/www.hediyepazar.com\/index.php?rest_route=%2Fwp%2Fv2%2Fproduct_brand&post=103794"},{"taxonomy":"product_cat","embeddable":true,"href":"https:\/\/www.hediyepazar.com\/index.php?rest_route=%2Fwp%2Fv2%2Fproduct_cat&post=103794"},{"taxonomy":"product_tag","embeddable":true,"href":"https:\/\/www.hediyepazar.com\/index.php?rest_route=%2Fwp%2Fv2%2Fproduct_tag&post=103794"}],"curies":[{"name":"wp","href":"https:\/\/api.w.org\/{rel}","templated":true}]}}