{"id":103798,"date":"2026-05-04T11:03:12","date_gmt":"2026-05-04T14:03:12","guid":{"rendered":"https:\/\/www.hediyepazar.com\/?product=ally-s21-sarjli-fan-ergonomik-ev-ofis-sessiz-vantilator-5775"},"modified":"2026-05-04T11:03:12","modified_gmt":"2026-05-04T14:03:12","slug":"ally-s21-sarjli-fan-ergonomik-ev-ofis-sessiz-vantilator-5775","status":"publish","type":"product","link":"https:\/\/www.hediyepazar.com\/?product=ally-s21-sarjli-fan-ergonomik-ev-ofis-sessiz-vantilator-5775","title":{"rendered":"Ally S21 \u015earjl\u0131 Fan Ergonomik Ev Ofis Sessiz Vantilat\u00f6r-(5775)"},"content":{"rendered":"<p><strong>Ally Ta&#351;&#305;nabilir Ergonomik Ev Ofis Sessiz Vantilat&ouml;r<\/strong><strong><img decoding=\"async\" data-cke-saved-src=\"https:\/\/cdn.myikas.com\/images\/4b0890c4-46f7-49c5-9b0d-d8f3dae632d6\/9934a0c5-81f2-4039-b820-6795f8489be8\/image_1950.webp\" src=\"https:\/\/hepsicdn.com.tr\/static\/product_detail\/hbnet4295f2f0_4969911.webp\"><img decoding=\"async\" data-cke-saved-src=\"https:\/\/cdn.myikas.com\/images\/4b0890c4-46f7-49c5-9b0d-d8f3dae632d6\/728904ab-f7f8-4e1e-be6b-cb379970f8d5\/image_1950.webp\" src=\"https:\/\/hepsicdn.com.tr\/static\/product_detail\/hbnet4295f2f0_4969912.webp\"><img decoding=\"async\" data-cke-saved-src=\"https:\/\/cdn.myikas.com\/images\/4b0890c4-46f7-49c5-9b0d-d8f3dae632d6\/e2ea24db-68f4-4f45-be55-287d5058f9c2\/image_1950.webp\" src=\"https:\/\/hepsicdn.com.tr\/static\/product_detail\/hbnet4295f2f0_4969913.webp\"><img decoding=\"async\" data-cke-saved-src=\"https:\/\/cdn.myikas.com\/images\/4b0890c4-46f7-49c5-9b0d-d8f3dae632d6\/b700ba38-ded7-4f19-a190-b66b86d10007\/image_1950.webp\" src=\"https:\/\/hepsicdn.com.tr\/static\/product_detail\/hbnet4295f2f0_4969914.webp\"><img decoding=\"async\" data-cke-saved-src=\"https:\/\/cdn.myikas.com\/images\/4b0890c4-46f7-49c5-9b0d-d8f3dae632d6\/9a6a7263-8def-463f-9ad5-648777213637\/image_1950.webp\" src=\"https:\/\/hepsicdn.com.tr\/static\/product_detail\/hbnet4295f2f0_4969915.webp\"><\/strong><strong>Ally Ta&#351;&#305;nabilir Ergonomik Ev Ofis Sessiz Vantilat&ouml;r<\/strong>Malzeme: ABS\/PP\/Electronic componentPil: Li-ion 18650-3.7VBatarya Kapasitesi:1200mAhR&uuml;zgar Kuvvetini ayar ama i&ccedil;in &uuml;&ccedil; seviyeli kompinasyonD&uuml;&#351;&uuml;k G&uuml;r&uuml;lt&uuml;l&uuml; MotorEnerji Tasarrufu Sa&#287;lar<\/p>\n<div><\/div>\n","protected":false},"excerpt":{"rendered":"<p>Ally Ta&#351;&#305;nabilir Ergonomik Ev Ofis Sessiz Vantilat&ouml;rAlly Ta&#351;&#305;nabilir Ergonomik Ev Ofis Sessiz Vantilat&ouml;rMalzeme: ABS\/PP\/Electronic componentPil: Li-ion 18650-3.7VBatarya Kapasitesi:1200mAhR&uuml;zgar Kuvvetini ayar ama i&ccedil;in &uuml;&ccedil; seviyeli kompinasyonD&uuml;&#351;&uuml;k G&uuml;r&uuml;lt&uuml;l&uuml; MotorEnerji Tasarrufu Sa&#287;lar<\/p>\n","protected":false},"featured_media":103797,"comment_status":"open","ping_status":"closed","template":"","meta":{"_kad_post_transparent":"","_kad_post_title":"","_kad_post_layout":"","_kad_post_sidebar_id":"","_kad_post_content_style":"","_kad_post_vertical_padding":"","_kad_post_feature":"","_kad_post_feature_position":"","_kad_post_header":false,"_kad_post_footer":false,"_kad_post_classname":""},"product_brand":[],"product_cat":[14641],"product_tag":[],"class_list":{"0":"post-103798","1":"product","2":"type-product","3":"status-publish","4":"has-post-thumbnail","6":"product_cat-vantilator-klima-isitici-elektrikli-ev-aletleri-elektronik-vantilator-klima-isitici-elektrikli-ev-aletleri","8":"first","9":"instock","10":"purchasable","11":"product-type-simple","12":"entry","13":"content-bg","14":"loop-entry"},"_links":{"self":[{"href":"https:\/\/www.hediyepazar.com\/index.php?rest_route=\/wp\/v2\/product\/103798","targetHints":{"allow":["GET"]}}],"collection":[{"href":"https:\/\/www.hediyepazar.com\/index.php?rest_route=\/wp\/v2\/product"}],"about":[{"href":"https:\/\/www.hediyepazar.com\/index.php?rest_route=\/wp\/v2\/types\/product"}],"replies":[{"embeddable":true,"href":"https:\/\/www.hediyepazar.com\/index.php?rest_route=%2Fwp%2Fv2%2Fcomments&post=103798"}],"wp:featuredmedia":[{"embeddable":true,"href":"https:\/\/www.hediyepazar.com\/index.php?rest_route=\/wp\/v2\/media\/103797"}],"wp:attachment":[{"href":"https:\/\/www.hediyepazar.com\/index.php?rest_route=%2Fwp%2Fv2%2Fmedia&parent=103798"}],"wp:term":[{"taxonomy":"product_brand","embeddable":true,"href":"https:\/\/www.hediyepazar.com\/index.php?rest_route=%2Fwp%2Fv2%2Fproduct_brand&post=103798"},{"taxonomy":"product_cat","embeddable":true,"href":"https:\/\/www.hediyepazar.com\/index.php?rest_route=%2Fwp%2Fv2%2Fproduct_cat&post=103798"},{"taxonomy":"product_tag","embeddable":true,"href":"https:\/\/www.hediyepazar.com\/index.php?rest_route=%2Fwp%2Fv2%2Fproduct_tag&post=103798"}],"curies":[{"name":"wp","href":"https:\/\/api.w.org\/{rel}","templated":true}]}}