{"id":103952,"date":"2026-05-04T11:22:16","date_gmt":"2026-05-04T14:22:16","guid":{"rendered":"https:\/\/www.hediyepazar.com\/?product=dux-ducis-z-shape-aluminyum-alasimli-katlanir-telefon-standi-5775"},"modified":"2026-05-04T11:22:16","modified_gmt":"2026-05-04T14:22:16","slug":"dux-ducis-z-shape-aluminyum-alasimli-katlanir-telefon-standi-5775","status":"publish","type":"product","link":"https:\/\/www.hediyepazar.com\/?product=dux-ducis-z-shape-aluminyum-alasimli-katlanir-telefon-standi-5775","title":{"rendered":"Dux Ducis Z-Shape Al\u00fcminyum Ala\u015f\u0131ml\u0131 Katlan\u0131r Telefon Stand\u0131-(5775)"},"content":{"rendered":"<p><strong>Dux Ducis Z-Shape Al&uuml;minyum Ala&#351;&#305;ml&#305; Katlan&#305;r Telefon Stand&#305;<\/strong><\/p>\n<p><img decoding=\"async\" data-cke-saved-src=\"https:\/\/cdn.myikas.com\/images\/4b0890c4-46f7-49c5-9b0d-d8f3dae632d6\/be3bc04d-fd7e-4bcb-9ac1-415e6bbf7630\/image_1950.webp\" src=\"https:\/\/hepsicdn.com.tr\/static\/product_detail\/hbnet44c92294_4979711.webp\"><\/p>\n<p><img decoding=\"async\"  src=\"https:\/\/hepsicdn.com.tr\/static\/product_detail\/hbnet44c92294_4979712.webp\"><\/p>\n<p><img decoding=\"async\"  src=\"https:\/\/hepsicdn.com.tr\/static\/product_detail\/hbnet44c92294_4979713.webp\"><\/p>\n<p><img decoding=\"async\"  src=\"https:\/\/hepsicdn.com.tr\/static\/product_detail\/hbnet44c92294_4979714.webp\"><\/p>\n<p><img decoding=\"async\"  src=\"https:\/\/hepsicdn.com.tr\/static\/product_detail\/hbnet44c92294_4979715.webp\"><\/p>\n<p><img decoding=\"async\"  src=\"https:\/\/hepsicdn.com.tr\/static\/product_detail\/hbnet44c92294_4979716.webp\"><\/p>\n<p><img decoding=\"async\"  src=\"https:\/\/hepsicdn.com.tr\/static\/product_detail\/hbnet44c92294_4979717.webp\"><\/p>\n<p><img decoding=\"async\"  src=\"https:\/\/hepsicdn.com.tr\/static\/product_detail\/hbnet44c92294_4979718.webp\"><\/p>\n<p><strong>Dux Ducis Z-Shape Al&uuml;minyum Ala&#351;&#305;ml&#305; Katlan&#305;r Telefon Stand&#305;<br \/><\/strong>Hemen hemen t&uuml;m cep telefonlar&#305;yla uyumludur, 360&deg; a&ccedil;&#305;yla ayarlanabilir ve iki farkl&#305; y&uuml;ksekli&#287;e sahiptir, dikey veya yatay g&ouml;r&uuml;n&uuml;mde kullan&#305;ma olanak tan&#305;r ve telefonunuzu film izlemek veya &ccedil;evrimi&ccedil;i sohbet etmek i&ccedil;in kullan&#305;rken ellerinizi tamamen serbest b&#305;rakabilir.<br \/>Cep telefonunuzu sabit bir &#351;ekilde tutun, ekrana dokunsan&#305;z bile telefon sallanmayacakt&#305;r. DUX DUCIS&#8217;in &ouml;zel tasar&#305;m&#305;d&#305;r, y&uuml;zeyi olduk&ccedil;a p&uuml;r&uuml;zs&uuml;z, k&ouml;&#351;eleri yuvarlat&#305;lm&#305;&#351;t&#305;r, telefonunuzu &ccedil;izmez.<br \/>Birinci s&#305;n&#305;f al&uuml;minyum ala&#351;&#305;ml&#305; malzemeden yap&#305;lm&#305;&#351;, &ccedil;ok g&uuml;&ccedil;l&uuml; ve dayan&#305;kl&#305; ve katlan&#305;r telefon stand&#305; yerden tasarruf sa&#287;lar ve ta&#351;&#305;mas&#305; kolayd&#305;r.<br \/>Marka:&nbsp; Dux Ducis<br \/>Modeli:&nbsp; Z-Shape<br \/>Malzeme: Al&uuml;minyum Al&#305;&#351;&#305;ml&#305;<\/p>\n","protected":false},"excerpt":{"rendered":"<p>Dux Ducis Z-Shape Al&uuml;minyum Ala&#351;&#305;ml&#305; Katlan&#305;r Telefon Stand&#305; Dux Ducis Z-Shape Al&uuml;minyum Ala&#351;&#305;ml&#305; Katlan&#305;r Telefon Stand&#305;Hemen hemen t&uuml;m cep telefonlar&#305;yla uyumludur, 360&deg; a&ccedil;&#305;yla ayarlanabilir ve iki farkl&#305; y&uuml;ksekli&#287;e sahiptir, dikey veya yatay g&ouml;r&uuml;n&uuml;mde kullan&#305;ma olanak tan&#305;r ve telefonunuzu film izlemek veya &ccedil;evrimi&ccedil;i sohbet etmek i&ccedil;in kullan&#305;rken ellerinizi tamamen serbest b&#305;rakabilir.Cep telefonunuzu sabit bir &#351;ekilde tutun,&#8230;<\/p>\n","protected":false},"featured_media":103951,"comment_status":"open","ping_status":"closed","template":"","meta":{"_kad_post_transparent":"","_kad_post_title":"","_kad_post_layout":"","_kad_post_sidebar_id":"","_kad_post_content_style":"","_kad_post_vertical_padding":"","_kad_post_feature":"","_kad_post_feature_position":"","_kad_post_header":false,"_kad_post_footer":false,"_kad_post_classname":""},"product_brand":[],"product_cat":[14486],"product_tag":[],"class_list":{"0":"post-103952","1":"product","2":"type-product","3":"status-publish","4":"has-post-thumbnail","6":"product_cat-telefon-standi-cep-telefonu-aksesuarlari-cep-telefonu-elektronik-telefon-standi","8":"first","9":"instock","10":"purchasable","11":"product-type-simple","12":"entry","13":"content-bg","14":"loop-entry"},"_links":{"self":[{"href":"https:\/\/www.hediyepazar.com\/index.php?rest_route=\/wp\/v2\/product\/103952","targetHints":{"allow":["GET"]}}],"collection":[{"href":"https:\/\/www.hediyepazar.com\/index.php?rest_route=\/wp\/v2\/product"}],"about":[{"href":"https:\/\/www.hediyepazar.com\/index.php?rest_route=\/wp\/v2\/types\/product"}],"replies":[{"embeddable":true,"href":"https:\/\/www.hediyepazar.com\/index.php?rest_route=%2Fwp%2Fv2%2Fcomments&post=103952"}],"wp:featuredmedia":[{"embeddable":true,"href":"https:\/\/www.hediyepazar.com\/index.php?rest_route=\/wp\/v2\/media\/103951"}],"wp:attachment":[{"href":"https:\/\/www.hediyepazar.com\/index.php?rest_route=%2Fwp%2Fv2%2Fmedia&parent=103952"}],"wp:term":[{"taxonomy":"product_brand","embeddable":true,"href":"https:\/\/www.hediyepazar.com\/index.php?rest_route=%2Fwp%2Fv2%2Fproduct_brand&post=103952"},{"taxonomy":"product_cat","embeddable":true,"href":"https:\/\/www.hediyepazar.com\/index.php?rest_route=%2Fwp%2Fv2%2Fproduct_cat&post=103952"},{"taxonomy":"product_tag","embeddable":true,"href":"https:\/\/www.hediyepazar.com\/index.php?rest_route=%2Fwp%2Fv2%2Fproduct_tag&post=103952"}],"curies":[{"name":"wp","href":"https:\/\/api.w.org\/{rel}","templated":true}]}}