{"id":103956,"date":"2026-05-04T11:24:03","date_gmt":"2026-05-04T14:24:03","guid":{"rendered":"https:\/\/www.hediyepazar.com\/?product=ally-g68-360-donebilen-metal-masaustu-laptop-standi-5775"},"modified":"2026-05-04T11:24:03","modified_gmt":"2026-05-04T14:24:03","slug":"ally-g68-360-donebilen-metal-masaustu-laptop-standi-5775","status":"publish","type":"product","link":"https:\/\/www.hediyepazar.com\/?product=ally-g68-360-donebilen-metal-masaustu-laptop-standi-5775","title":{"rendered":"ALLY G68 360\u00b0 D\u00f6nebilen Metal Masa\u00fcst\u00fc Laptop Stand\u0131-(5775)"},"content":{"rendered":"<p>ALLY G68 360&deg; D&ouml;nebilen Metal Masa&uuml;st&uuml; Laptop Stand&#305;<br \/><img decoding=\"async\" data-cke-saved-src=\"https:\/\/cdn.myikas.com\/images\/4b0890c4-46f7-49c5-9b0d-d8f3dae632d6\/9f861def-e3ff-4a38-b424-bf4506a22c40\/image_1950.webp\" src=\"https:\/\/hepsicdn.com.tr\/static\/product_detail\/hbnet6279d01d_4980211.webp\"><img decoding=\"async\" data-cke-saved-src=\"https:\/\/cdn.myikas.com\/images\/4b0890c4-46f7-49c5-9b0d-d8f3dae632d6\/98a74a9b-2141-45f1-b8b9-c31b144bb437\/image_1950.webp\" src=\"https:\/\/hepsicdn.com.tr\/static\/product_detail\/hbnet6279d01d_4980212.webp\"><img decoding=\"async\" data-cke-saved-src=\"https:\/\/cdn.myikas.com\/images\/4b0890c4-46f7-49c5-9b0d-d8f3dae632d6\/e6fa594e-d750-43d9-a196-80a8cac3b821\/image_1950.webp\" src=\"https:\/\/hepsicdn.com.tr\/static\/product_detail\/hbnet6279d01d_4980213.webp\"><img decoding=\"async\" data-cke-saved-src=\"https:\/\/cdn.myikas.com\/images\/4b0890c4-46f7-49c5-9b0d-d8f3dae632d6\/987ee982-cc9b-4b50-90dd-827bd753713b\/image_1950.webp\" src=\"https:\/\/hepsicdn.com.tr\/static\/product_detail\/hbnet6279d01d_4980214.webp\"><img decoding=\"async\" data-cke-saved-src=\"https:\/\/cdn.myikas.com\/images\/4b0890c4-46f7-49c5-9b0d-d8f3dae632d6\/ebbda1e4-7e93-4f5a-9982-dba79c88258b\/image_1950.webp\" src=\"https:\/\/hepsicdn.com.tr\/static\/product_detail\/hbnet6279d01d_4980215.webp\"><img decoding=\"async\" data-cke-saved-src=\"https:\/\/cdn.myikas.com\/images\/4b0890c4-46f7-49c5-9b0d-d8f3dae632d6\/e9bfc728-5ee5-41be-9872-f0f778f98de6\/image_1950.webp\" src=\"https:\/\/hepsicdn.com.tr\/static\/product_detail\/hbnet6279d01d_4980216.webp\"><img decoding=\"async\" data-cke-saved-src=\"https:\/\/cdn.myikas.com\/images\/4b0890c4-46f7-49c5-9b0d-d8f3dae632d6\/27c091b7-07fd-4b94-b84c-2002f54db348\/image_1950.webp\" src=\"https:\/\/hepsicdn.com.tr\/static\/product_detail\/hbnet6279d01d_4980217.webp\"><br \/>ALLY G68 360&deg; D&ouml;nebilen Metal Masa&uuml;st&uuml; Laptop Stand&#305;&Ccedil;ok Par&ccedil;ac&#305;kl&#305; Kaymaz Silikon S&uuml;rt&uuml;nmeyi azalt&#305;r.<br \/><span style=\"white-space-collapse: preserve;\">&#304;ki eksenli mekanizma tasar&#305;m&#305;<\/span><br \/><span style=\"white-space-collapse: preserve;\"><\/span><span style=\"white-space-collapse: preserve;\">Taban i&ccedil;in kaymaz ped<\/span><br \/><span style=\"white-space-collapse: preserve;\"><\/span><span style=\"white-space-collapse: preserve;\">G&uuml;&ccedil;l&uuml; destek &Ccedil;e&#351;itli tabletleri kolayca destekler<\/span><br \/><span style=\"white-space-collapse: preserve;\"><\/span><span style=\"white-space-collapse: preserve;\">Kolay Katlama evde veya ofiste kullan&#305;labilir<\/span><span style=\"white-space-collapse: preserve;\"><\/span><br \/><span style=\"white-space-collapse: preserve;\"><\/span><\/p>\n","protected":false},"excerpt":{"rendered":"<p>ALLY G68 360&deg; D&ouml;nebilen Metal Masa&uuml;st&uuml; Laptop Stand&#305;ALLY G68 360&deg; D&ouml;nebilen Metal Masa&uuml;st&uuml; Laptop Stand&#305;&Ccedil;ok Par&ccedil;ac&#305;kl&#305; Kaymaz Silikon S&uuml;rt&uuml;nmeyi azalt&#305;r.&#304;ki eksenli mekanizma tasar&#305;m&#305;Taban i&ccedil;in kaymaz pedG&uuml;&ccedil;l&uuml; destek &Ccedil;e&#351;itli tabletleri kolayca desteklerKolay Katlama evde veya ofiste kullan&#305;labilir<\/p>\n","protected":false},"featured_media":103955,"comment_status":"open","ping_status":"closed","template":"","meta":{"_kad_post_transparent":"","_kad_post_title":"","_kad_post_layout":"","_kad_post_sidebar_id":"","_kad_post_content_style":"","_kad_post_vertical_padding":"","_kad_post_feature":"","_kad_post_feature_position":"","_kad_post_header":false,"_kad_post_footer":false,"_kad_post_classname":""},"product_brand":[],"product_cat":[14646],"product_tag":[],"class_list":{"0":"post-103956","1":"product","2":"type-product","3":"status-publish","4":"has-post-thumbnail","6":"product_cat-tablet-standi-bilgisayar-tablet-aksesuar-bilgisayar-tablet-elektronik-tablet-standi","8":"first","9":"instock","10":"purchasable","11":"product-type-simple","12":"entry","13":"content-bg","14":"loop-entry"},"_links":{"self":[{"href":"https:\/\/www.hediyepazar.com\/index.php?rest_route=\/wp\/v2\/product\/103956","targetHints":{"allow":["GET"]}}],"collection":[{"href":"https:\/\/www.hediyepazar.com\/index.php?rest_route=\/wp\/v2\/product"}],"about":[{"href":"https:\/\/www.hediyepazar.com\/index.php?rest_route=\/wp\/v2\/types\/product"}],"replies":[{"embeddable":true,"href":"https:\/\/www.hediyepazar.com\/index.php?rest_route=%2Fwp%2Fv2%2Fcomments&post=103956"}],"wp:featuredmedia":[{"embeddable":true,"href":"https:\/\/www.hediyepazar.com\/index.php?rest_route=\/wp\/v2\/media\/103955"}],"wp:attachment":[{"href":"https:\/\/www.hediyepazar.com\/index.php?rest_route=%2Fwp%2Fv2%2Fmedia&parent=103956"}],"wp:term":[{"taxonomy":"product_brand","embeddable":true,"href":"https:\/\/www.hediyepazar.com\/index.php?rest_route=%2Fwp%2Fv2%2Fproduct_brand&post=103956"},{"taxonomy":"product_cat","embeddable":true,"href":"https:\/\/www.hediyepazar.com\/index.php?rest_route=%2Fwp%2Fv2%2Fproduct_cat&post=103956"},{"taxonomy":"product_tag","embeddable":true,"href":"https:\/\/www.hediyepazar.com\/index.php?rest_route=%2Fwp%2Fv2%2Fproduct_tag&post=103956"}],"curies":[{"name":"wp","href":"https:\/\/api.w.org\/{rel}","templated":true}]}}